{"id":53601,"date":"2022-06-21T18:12:02","date_gmt":"2022-06-21T16:12:02","guid":{"rendered":"https:\/\/secureus.se\/produkt\/magicard-ma1000k-red-ribbon-1000-prints\/"},"modified":"2026-04-23T12:45:18","modified_gmt":"2026-04-23T10:45:18","slug":"ribbon-magicard-ma1000k-red-ribbon-1000-prints","status":"publish","type":"product","link":"https:\/\/secureus.se\/de\/ribbon-magicard-ma1000k-red-ribbon-1000-prints\/","title":{"rendered":"Magicard-Farbband \u2013 MA1000K- (1000 Ausdrucke)"},"content":{"rendered":"<h1>Schleife<br \/>\n  Magicard \u2013 MA1000K- (1000 Ausdrucke)<\/h1>\n<p>Magicard-Farbband \u2013 MA1000K \u2013 (1000 Ausdrucke) ist ein<br \/>\n  Originales Kartendruckerzubeh\u00f6r, das f\u00fcr zuverl\u00e4ssigen Betrieb entwickelt wurde<br \/>\n  professionelle Kartenproduktion.<\/p>\n<p>Der G\u00fcrtel ist ISEGA-zugelassen f\u00fcr den direkten Kontakt mit<br \/>\n  Essen.<\/p>\n<ul>\n<li>Kapazit\u00e4t: bis zu 1.000 Ausdrucke<\/li>\n<li>Inklusive Reinigungsrolle<\/li>\n<li>ISEGA-Zulassung f\u00fcr den direkten Kontakt mit Lebensmitteln<\/li>\n<li>Artikelnummer: ENRD<\/li>\n<\/ul>\n<p><strong>Kompatibel mit Magicard Rio Pro, Rio Pro 360,<br \/>\n  Enduro, Pronto, Pronto100, Enduro3e, 300 und 600.<\/strong><\/p>\n<p><strong>Produktgewicht:<\/strong> 0,08 kg<\/p>","protected":false},"excerpt":{"rendered":"<p>Farbband \u2013 Farbband \u2013 R\u00fcck\u00fcbertragung auf Kartendrucker und Plastikkartendrucker<\/p>","protected":false},"featured_media":144483,"template":"","meta":{"_acf_changed":false},"product_brand":[],"product_cat":[3216,4829,4830,4836],"product_tag":[3182,4863,2922,3069],"class_list":{"0":"post-53601","1":"product","2":"type-product","3":"status-publish","4":"has-post-thumbnail","6":"product_cat-magicard-fargband-retransfer","7":"product_cat-magicard-300-band","8":"product_cat-magicard-600-band","9":"product_cat-magicard-pronto100-ribbons","10":"product_tag-magicard-tillbehor","11":"product_tag-pf","12":"product_tag-ribbon-svart-black","13":"product_tag-trade-produkt","14":"product_shipping_class-tunga-paket","15":"pa_brands-magicard","16":"pa_fargband-kortskrivare-magicard","17":"tm-has-options","19":"first","20":"outofstock","21":"sale","22":"taxable","23":"shipping-taxable","24":"purchasable","25":"product-type-simple"},"acf":[],"_links":{"self":[{"href":"https:\/\/secureus.se\/de\/wp-json\/wp\/v2\/product\/53601","targetHints":{"allow":["GET"]}}],"collection":[{"href":"https:\/\/secureus.se\/de\/wp-json\/wp\/v2\/product"}],"about":[{"href":"https:\/\/secureus.se\/de\/wp-json\/wp\/v2\/types\/product"}],"wp:featuredmedia":[{"embeddable":true,"href":"https:\/\/secureus.se\/de\/wp-json\/wp\/v2\/media\/144483"}],"wp:attachment":[{"href":"https:\/\/secureus.se\/de\/wp-json\/wp\/v2\/media?parent=53601"}],"wp:term":[{"taxonomy":"product_brand","embeddable":true,"href":"https:\/\/secureus.se\/de\/wp-json\/wp\/v2\/product_brand?post=53601"},{"taxonomy":"product_cat","embeddable":true,"href":"https:\/\/secureus.se\/de\/wp-json\/wp\/v2\/product_cat?post=53601"},{"taxonomy":"product_tag","embeddable":true,"href":"https:\/\/secureus.se\/de\/wp-json\/wp\/v2\/product_tag?post=53601"}],"curies":[{"name":"wp","href":"https:\/\/api.w.org\/{rel}","templated":true}]}}