{"id":53624,"date":"2022-06-21T18:09:45","date_gmt":"2022-06-21T16:09:45","guid":{"rendered":"https:\/\/secureus.se\/produkt\/magicard-ma1000k-silver-ribbon-1000-prints\/"},"modified":"2026-04-21T15:24:37","modified_gmt":"2026-04-21T13:24:37","slug":"ribbon-magicard-ma1000k-silver-ribbon-1000-prints","status":"publish","type":"product","link":"https:\/\/secureus.se\/de\/ribbon-magicard-ma1000k-silver-ribbon-1000-prints\/","title":{"rendered":"Magicard-Farbband \u2013 MA1000K- (1000 Ausdrucke)"},"content":{"rendered":"<h1>Schleife<br \/>\n  Magicard \u2013 MA1000K- (1000 Ausdrucke)<\/h1>\n<p>Magicard-Farbband \u2013 MA1000K \u2013 (1000 Ausdrucke) ist ein<br \/>\n  Originales Kartendruckerzubeh\u00f6r, das f\u00fcr zuverl\u00e4ssigen Betrieb entwickelt wurde<br \/>\n  professionelle Kartenproduktion.<\/p>\n<p>Der G\u00fcrtel ist ISEGA-zugelassen f\u00fcr den direkten Kontakt mit<br \/>\n  Essen.<\/p>\n<ul>\n<li>Kapazit\u00e4t: bis zu 1.000 Ausdrucke<\/li>\n<li>Inklusive Reinigungsrolle<\/li>\n<li>ISEGA-Zulassung f\u00fcr den direkten Kontakt mit Lebensmitteln<\/li>\n<li>Artikelnummer: ENSI<\/li>\n<\/ul>\n<p><strong>Kompatibel mit Magicard Rio Pro, Rio Pro 360,<br \/>\n  Enduro, Pronto, Pronto100, Enduro3e, 300 und 600.<\/strong><\/p>\n<p><strong>Produktgewicht:<\/strong> 0,13 kg<\/p>","protected":false},"excerpt":{"rendered":"<p>Farbband \u2013 Farbband \u2013 R\u00fcck\u00fcbertragung auf Kartendrucker und Plastikkartendrucker<\/p>","protected":false},"featured_media":143881,"template":"","meta":{"_acf_changed":false},"product_brand":[],"product_cat":[3216,4829,4830,4839,4837,4836,4833,4834],"product_tag":[3182,4863,2922,3069],"class_list":{"0":"post-53624","1":"product","2":"type-product","3":"status-publish","4":"has-post-thumbnail","6":"product_cat-magicard-fargband-retransfer","7":"product_cat-magicard-300-band","8":"product_cat-magicard-600-band","9":"product_cat-magicard-enduro-band","10":"product_cat-magicard-pronto-band","11":"product_cat-magicard-pronto100-ribbons","12":"product_cat-magicard-rio-pro-360-band","13":"product_cat-magicard-rio-pro-ribbons","14":"product_tag-magicard-tillbehor","15":"product_tag-pf","16":"product_tag-ribbon-svart-black","17":"product_tag-trade-produkt","18":"product_shipping_class-tunga-paket","19":"pa_brands-magicard","20":"pa_fargband-kortskrivare-magicard","21":"tm-has-options","23":"first","24":"instock","25":"sale","26":"taxable","27":"shipping-taxable","28":"purchasable","29":"product-type-simple"},"acf":[],"_links":{"self":[{"href":"https:\/\/secureus.se\/de\/wp-json\/wp\/v2\/product\/53624","targetHints":{"allow":["GET"]}}],"collection":[{"href":"https:\/\/secureus.se\/de\/wp-json\/wp\/v2\/product"}],"about":[{"href":"https:\/\/secureus.se\/de\/wp-json\/wp\/v2\/types\/product"}],"wp:featuredmedia":[{"embeddable":true,"href":"https:\/\/secureus.se\/de\/wp-json\/wp\/v2\/media\/143881"}],"wp:attachment":[{"href":"https:\/\/secureus.se\/de\/wp-json\/wp\/v2\/media?parent=53624"}],"wp:term":[{"taxonomy":"product_brand","embeddable":true,"href":"https:\/\/secureus.se\/de\/wp-json\/wp\/v2\/product_brand?post=53624"},{"taxonomy":"product_cat","embeddable":true,"href":"https:\/\/secureus.se\/de\/wp-json\/wp\/v2\/product_cat?post=53624"},{"taxonomy":"product_tag","embeddable":true,"href":"https:\/\/secureus.se\/de\/wp-json\/wp\/v2\/product_tag?post=53624"}],"curies":[{"name":"wp","href":"https:\/\/api.w.org\/{rel}","templated":true}]}}