{"id":53639,"date":"2022-06-21T18:08:11","date_gmt":"2022-06-21T16:08:11","guid":{"rendered":"https:\/\/secureus.se\/produkt\/fargo-hdp-thermal-transfer-overlaminate-high-secure-orbit-universal-orientation-082618-500-prints\/"},"modified":"2026-04-08T17:03:05","modified_gmt":"2026-04-08T15:03:05","slug":"ribbon-fargo-hdp-thermal-transfer-overlaminate-high-secure-orbit-universal-orientation-082618-500-prints","status":"publish","type":"product","link":"https:\/\/secureus.se\/de\/ribbon-fargo-hdp-thermal-transfer-overlaminate-high-secure-orbit-universal-orientation-082618-500-prints\/","title":{"rendered":"Lamineringsfilm Fargo &#8211; 082618, High Secure Orbit (500 utskrifter)"},"content":{"rendered":"<h1>Lamineringsfilm<br \/>\n  Fargo &#8211; 082618, High Secure Orbit (500 utskrifter)<\/h1>\n<p>Lamineringsfilm Fargo &#8211; 082618, High Secure Orbit (500 utskrifter)<br \/>\n  \u00e4r en holografisk lamineringsfilm som kombinerar slitageskydd med extra<br \/>\n  s\u00e4kerhet mot manipulering och f\u00f6rfalskning.<\/p>\n<p>Ett bra val n\u00e4r du vill \u00f6ka kortens livsl\u00e4ngd, f\u00f6rb\u00e4ttra<br \/>\n  slitstyrkan och f\u00e5 ett mer professionellt slutresultat.<\/p>\n<ul>\n<li>Kapacitet: upp till 500 utskrifter per rulle<\/li>\n<li>Ger extra visuell s\u00e4kerhet med holografisk effekt<\/li>\n<li>Orbit-design f\u00f6r \u00f6kad s\u00e4kerhet<\/li>\n<li>Artikelnummer: 82618<\/li>\n<\/ul>\n<p><strong>Kompatibel med Fargo HDP4500, HDP5000 och HDP8500<br \/>\n  card (For use with Single-Side Lamination Module<br \/>\n  endast).<\/strong><\/p>\n<p><strong>Produktgewicht:<\/strong> 0,26 kg<\/p>","protected":false},"excerpt":{"rendered":"<p>Farbband \u2013 Farbband \u2013 R\u00fcck\u00fcbertragung auf Kartendrucker und Plastikkartendrucker<\/p>","protected":false},"featured_media":144163,"template":"","meta":{"_acf_changed":false},"product_brand":[],"product_cat":[3214,4846,4850,4851],"product_tag":[3201,4863,2924,3069],"class_list":{"0":"post-53639","1":"product","2":"type-product","3":"status-publish","4":"has-post-thumbnail","6":"product_cat-fargo-fargband-retransfer","7":"product_cat-dtc4500-band","8":"product_cat-hdp5000-band","9":"product_cat-hdp5000e-band","10":"product_tag-fargo-tillbehor","11":"product_tag-pf","12":"product_tag-ribbon-clearfilm-hologram-ovrigt","13":"product_tag-trade-produkt","14":"product_shipping_class-tunga-paket","15":"pa_brands-fargo","16":"pa_fargband-kortskrivare-fargo","17":"tm-has-options","19":"first","20":"instock","21":"sale","22":"taxable","23":"shipping-taxable","24":"purchasable","25":"product-type-simple"},"acf":[],"_links":{"self":[{"href":"https:\/\/secureus.se\/de\/wp-json\/wp\/v2\/product\/53639","targetHints":{"allow":["GET"]}}],"collection":[{"href":"https:\/\/secureus.se\/de\/wp-json\/wp\/v2\/product"}],"about":[{"href":"https:\/\/secureus.se\/de\/wp-json\/wp\/v2\/types\/product"}],"wp:featuredmedia":[{"embeddable":true,"href":"https:\/\/secureus.se\/de\/wp-json\/wp\/v2\/media\/144163"}],"wp:attachment":[{"href":"https:\/\/secureus.se\/de\/wp-json\/wp\/v2\/media?parent=53639"}],"wp:term":[{"taxonomy":"product_brand","embeddable":true,"href":"https:\/\/secureus.se\/de\/wp-json\/wp\/v2\/product_brand?post=53639"},{"taxonomy":"product_cat","embeddable":true,"href":"https:\/\/secureus.se\/de\/wp-json\/wp\/v2\/product_cat?post=53639"},{"taxonomy":"product_tag","embeddable":true,"href":"https:\/\/secureus.se\/de\/wp-json\/wp\/v2\/product_tag?post=53639"}],"curies":[{"name":"wp","href":"https:\/\/api.w.org\/{rel}","templated":true}]}}