{"id":53642,"date":"2022-06-21T18:07:53","date_gmt":"2022-06-21T16:07:53","guid":{"rendered":"https:\/\/secureus.se\/produkt\/fargo-hdp5600-ymckk-full-color-ribbon-with-two-resin-black-panels-084512-500-images\/"},"modified":"2026-04-08T17:02:40","modified_gmt":"2026-04-08T15:02:40","slug":"ribbon-fargo-hdp5600-ymckk-full-color-ribbon-with-two-resin-black-panels-084512-500-images","status":"publish","type":"product","link":"https:\/\/secureus.se\/de\/ribbon-fargo-hdp5600-ymckk-full-color-ribbon-with-two-resin-black-panels-084512-500-images\/","title":{"rendered":"F\u00e4rgband Fargo YMCKK &#8211; HDP5600, fullf\u00e4rg (500 bilder)"},"content":{"rendered":"<h1>F\u00e4rgband<br \/>\n  Fargo YMCKK &#8211; HDP5600, fullf\u00e4rg (500 bilder)<\/h1>\n<p>F\u00e4rgband Fargo YMCKK &#8211; HDP5600, fullf\u00e4rg (500 bilder) \u00e4r ett<br \/>\n  f\u00e4rgband f\u00f6r utskrift av plastkort med skarpa f\u00e4rger, tydlig text och bra<br \/>\n  detalj\u00e5tergivning. Bandtypen YMCKK ger r\u00e4tt kombination av f\u00e4rgpaneler f\u00f6r<br \/>\n  professionella kortutskrifter.<\/p>\n<p>Passar bra f\u00f6r ID-kort, passerkort, medlemskort och andra<br \/>\n  plastkort d\u00e4r h\u00f6g utskriftskvalitet och tillf\u00f6rlitlighet \u00e4r viktigt.<\/p>\n<ul>\n<li>Kapacitet: upp till 500 utskrifter<\/li>\n<li>Bandtyp: YMCKK<\/li>\n<li>Artikelnummer: 084512<\/li>\n<\/ul>\n<p><strong>Kompatibel med Fargo<br \/>\n  HDP5600.<\/strong><\/p>\n<p><strong>Produktgewicht:<\/strong> 0,20 kg<\/p>","protected":false},"excerpt":{"rendered":"<p>Farbband \u2013 Farbband \u2013 R\u00fcck\u00fcbertragung auf Kartendrucker und Plastikkartendrucker<\/p>","protected":false},"featured_media":143908,"template":"","meta":{"_acf_changed":false},"product_brand":[],"product_cat":[3214,4851],"product_tag":[3201,4863,2922,2921,3069],"class_list":{"0":"post-53642","1":"product","2":"type-product","3":"status-publish","4":"has-post-thumbnail","6":"product_cat-fargo-fargband-retransfer","7":"product_cat-hdp5000e-band","8":"product_tag-fargo-tillbehor","9":"product_tag-pf","10":"product_tag-ribbon-svart-black","11":"product_tag-ribbon-ymck-farg","12":"product_tag-trade-produkt","13":"product_shipping_class-tunga-paket","14":"pa_brands-fargo","15":"pa_fargband-kortskrivare-fargo","16":"tm-has-options","18":"first","19":"instock","20":"sale","21":"taxable","22":"shipping-taxable","23":"purchasable","24":"product-type-simple"},"acf":[],"_links":{"self":[{"href":"https:\/\/secureus.se\/de\/wp-json\/wp\/v2\/product\/53642","targetHints":{"allow":["GET"]}}],"collection":[{"href":"https:\/\/secureus.se\/de\/wp-json\/wp\/v2\/product"}],"about":[{"href":"https:\/\/secureus.se\/de\/wp-json\/wp\/v2\/types\/product"}],"wp:featuredmedia":[{"embeddable":true,"href":"https:\/\/secureus.se\/de\/wp-json\/wp\/v2\/media\/143908"}],"wp:attachment":[{"href":"https:\/\/secureus.se\/de\/wp-json\/wp\/v2\/media?parent=53642"}],"wp:term":[{"taxonomy":"product_brand","embeddable":true,"href":"https:\/\/secureus.se\/de\/wp-json\/wp\/v2\/product_brand?post=53642"},{"taxonomy":"product_cat","embeddable":true,"href":"https:\/\/secureus.se\/de\/wp-json\/wp\/v2\/product_cat?post=53642"},{"taxonomy":"product_tag","embeddable":true,"href":"https:\/\/secureus.se\/de\/wp-json\/wp\/v2\/product_tag?post=53642"}],"curies":[{"name":"wp","href":"https:\/\/api.w.org\/{rel}","templated":true}]}}