{"id":53648,"date":"2022-06-21T18:07:16","date_gmt":"2022-06-21T16:07:16","guid":{"rendered":"https:\/\/secureus.se\/produkt\/fargo-dtc4500-ymckok-colour-ribbon-045210-500-prints\/"},"modified":"2026-03-26T10:21:15","modified_gmt":"2026-03-26T09:21:15","slug":"ribbon-fargo-dtc4500-ymckok-colour-ribbon-045210-500-prints","status":"publish","type":"product","link":"https:\/\/secureus.se\/de\/ribbon-fargo-dtc4500-ymckok-colour-ribbon-045210-500-prints\/","title":{"rendered":"Fargo DTC4500 YMCKOK Farbband, 045210 (500 Drucke)"},"content":{"rendered":"<p>Das Farbband Fargo 45210 YMCKOK ist ein sechsteiliges Farbband, das f\u00fcr die Verwendung mit Plastikkartendruckern der Fargo DTC4500-Serie geeignet ist. Dieses Farbband ist in Vollfarbe mit einem sch\u00fctzenden Overlay-Laminat erh\u00e4ltlich. Plus zwei S\u00e4tze schwarzer Harzfarbe f\u00fcr den Vorder- und R\u00fcckseitendruck von gestochen scharfen Texten und lesbaren Barcodes.<\/p>\n<ul>\n<li>500 einseitige Vollfarbdrucke<\/li>\n<li>YMCKOK-Farbband (Gelb-, Magenta-, Cyan-, Schwarz-, Overlay- und Schwarzfelder)<\/li>\n<li>Herstellercode: 45210<\/li>\n<\/ul>\n<p>Kompatibel mit dem Kartendrucker Fargo DTC4500<\/p>\n<p>\n <strong><br \/>\n Produktgewicht:<br \/>\n 0,30 kg<br \/>\n <\/strong>\n <\/p>","protected":false},"excerpt":{"rendered":"<p>Farbband \u2013 Farbband \u2013 R\u00fcck\u00fcbertragung auf Kartendrucker und Plastikkartendrucker<\/p>","protected":false},"featured_media":143749,"template":"","meta":{"_acf_changed":false},"product_brand":[],"product_cat":[3214,4846],"product_tag":[3201,4863,2921,3069],"class_list":{"0":"post-53648","1":"product","2":"type-product","3":"status-publish","4":"has-post-thumbnail","6":"product_cat-fargo-fargband-retransfer","7":"product_cat-dtc4500-band","8":"product_tag-fargo-tillbehor","9":"product_tag-pf","10":"product_tag-ribbon-ymck-farg","11":"product_tag-trade-produkt","12":"product_shipping_class-tunga-paket","13":"pa_brands-fargo","14":"pa_fargband-kortskrivare-fargo","15":"tm-has-options","17":"first","18":"instock","19":"sale","20":"taxable","21":"shipping-taxable","22":"purchasable","23":"product-type-simple"},"acf":[],"_links":{"self":[{"href":"https:\/\/secureus.se\/de\/wp-json\/wp\/v2\/product\/53648","targetHints":{"allow":["GET"]}}],"collection":[{"href":"https:\/\/secureus.se\/de\/wp-json\/wp\/v2\/product"}],"about":[{"href":"https:\/\/secureus.se\/de\/wp-json\/wp\/v2\/types\/product"}],"wp:featuredmedia":[{"embeddable":true,"href":"https:\/\/secureus.se\/de\/wp-json\/wp\/v2\/media\/143749"}],"wp:attachment":[{"href":"https:\/\/secureus.se\/de\/wp-json\/wp\/v2\/media?parent=53648"}],"wp:term":[{"taxonomy":"product_brand","embeddable":true,"href":"https:\/\/secureus.se\/de\/wp-json\/wp\/v2\/product_brand?post=53648"},{"taxonomy":"product_cat","embeddable":true,"href":"https:\/\/secureus.se\/de\/wp-json\/wp\/v2\/product_cat?post=53648"},{"taxonomy":"product_tag","embeddable":true,"href":"https:\/\/secureus.se\/de\/wp-json\/wp\/v2\/product_tag?post=53648"}],"curies":[{"name":"wp","href":"https:\/\/api.w.org\/{rel}","templated":true}]}}