{"id":53649,"date":"2022-06-21T18:07:10","date_gmt":"2022-06-21T16:07:10","guid":{"rendered":"https:\/\/secureus.se\/produkt\/evolis-r3013-ymcko-colour-ribbon-400-prints\/"},"modified":"2026-04-08T16:58:24","modified_gmt":"2026-04-08T14:58:24","slug":"ribbon-evolis-r3013-ymcko-colour-ribbon-400-prints","status":"publish","type":"product","link":"https:\/\/secureus.se\/de\/ribbon-evolis-r3013-ymcko-colour-ribbon-400-prints\/","title":{"rendered":"Evolis YMCKO Farbband \u2013 R3013 (400 Ausdrucke)"},"content":{"rendered":"<h1>Schleife<br \/>\n  Evolis YMCKO &#8211; R3013 (400 utskrifter)<\/h1>\n<p>F\u00e4rgband Evolis YMCKO &#8211; R3013 (400 utskrifter) \u00e4r ett f\u00e4rgband f\u00f6r<br \/>\n  Bedrucken von Plastikkarten mit kr\u00e4ftigen Farben, klarem Text und guter Qualit\u00e4t<br \/>\n  Detailgetreue Wiedergabe. Das YMCKO-Farbband bietet die richtige Kombination aus Farbfeldern und<br \/>\n  Schutzfolie f\u00fcr den professionellen Kartendruck.<\/p>\n<p>Geeignet f\u00fcr Ausweise, Zugangskarten, Mitgliedskarten und andere<br \/>\n  Plastikkarten, bei denen hohe Druckqualit\u00e4t und Zuverl\u00e4ssigkeit wichtig sind.<\/p>\n<ul>\n<li>Kapazit\u00e4t: bis zu 400 Ausdrucke<\/li>\n<li>Farbbandtyp: YMCKO<\/li>\n<li>Artikelnummer: R3013<\/li>\n<\/ul>\n<p><strong>Kompatibel med Evolis Pebble, Dualys, Securion,<br \/>\n  Quantum och Quantum 2.<\/strong><\/p>\n<p><strong>Produktgewicht:<\/strong> 0,20 kg<\/p>","protected":false},"excerpt":{"rendered":"<p>Farbband \u2013 Farbband \u2013 R\u00fcck\u00fcbertragung auf Kartendrucker und Plastikkartendrucker<\/p>","protected":false},"featured_media":144175,"template":"","meta":{"_acf_changed":false},"product_brand":[],"product_cat":[3213,1324,4857,4860],"product_tag":[3181,4863,2921,3069],"class_list":{"0":"post-53649","1":"product","2":"type-product","3":"status-publish","4":"has-post-thumbnail","6":"product_cat-evolis-fargband-retransfer","7":"product_cat-outlet","8":"product_cat-pebble","9":"product_cat-quantum","10":"product_tag-evolis-tillbehor","11":"product_tag-pf","12":"product_tag-ribbon-ymck-farg","13":"product_tag-trade-produkt","14":"product_shipping_class-tunga-paket","15":"pa_brands-evolis","16":"pa_fargband-kortskrivare-evolis","17":"tm-has-options","19":"first","20":"instock","21":"sale","22":"taxable","23":"shipping-taxable","24":"purchasable","25":"product-type-simple"},"acf":[],"_links":{"self":[{"href":"https:\/\/secureus.se\/de\/wp-json\/wp\/v2\/product\/53649","targetHints":{"allow":["GET"]}}],"collection":[{"href":"https:\/\/secureus.se\/de\/wp-json\/wp\/v2\/product"}],"about":[{"href":"https:\/\/secureus.se\/de\/wp-json\/wp\/v2\/types\/product"}],"wp:featuredmedia":[{"embeddable":true,"href":"https:\/\/secureus.se\/de\/wp-json\/wp\/v2\/media\/144175"}],"wp:attachment":[{"href":"https:\/\/secureus.se\/de\/wp-json\/wp\/v2\/media?parent=53649"}],"wp:term":[{"taxonomy":"product_brand","embeddable":true,"href":"https:\/\/secureus.se\/de\/wp-json\/wp\/v2\/product_brand?post=53649"},{"taxonomy":"product_cat","embeddable":true,"href":"https:\/\/secureus.se\/de\/wp-json\/wp\/v2\/product_cat?post=53649"},{"taxonomy":"product_tag","embeddable":true,"href":"https:\/\/secureus.se\/de\/wp-json\/wp\/v2\/product_tag?post=53649"}],"curies":[{"name":"wp","href":"https:\/\/api.w.org\/{rel}","templated":true}]}}