{"id":53673,"date":"2022-06-21T18:04:40","date_gmt":"2022-06-21T16:04:40","guid":{"rendered":"https:\/\/secureus.se\/produkt\/magicard-prima-4-re-transfer-printer-ribbon-436-1000-prints\/"},"modified":"2026-04-21T15:24:37","modified_gmt":"2026-04-21T13:24:37","slug":"ribbon-magicard-prima-4-re-transfer-printer-ribbon-436-1000-prints","status":"publish","type":"product","link":"https:\/\/secureus.se\/de\/ribbon-magicard-prima-4-re-transfer-printer-ribbon-436-1000-prints\/","title":{"rendered":"Magicard Prima Farbband \u2013 436 (1000 Ausdrucke)"},"content":{"rendered":"<h1>Schleife<br \/>\n  Magicard Prima \u2013 436 (1000 Drucke)<\/h1>\n<p>Magicard Prima \u2013 436 (1000 Ausdrucke) Band ist ein<br \/>\n  Retransferfolie wird verwendet, um Plastikkarten eine glatte, haltbare und<br \/>\n  Professionelle Oberfl\u00e4che. Das Motiv wird auf die Folie gedruckt und anschlie\u00dfend auf den Karton \u00fcbertragen.,<br \/>\n  das eine hohe Detailgenauigkeit und randlosen Druck erm\u00f6glicht.<\/p>\n<p>Eine gute Wahl, wenn Sie die Lebensdauer Ihrer Karten verl\u00e4ngern und verbessern m\u00f6chten.<br \/>\n  Langlebigkeit und ein professionelleres Endergebnis erzielen.<\/p>\n<ul>\n<li>Kapazit\u00e4t: bis zu 1.000 Ausdrucke pro Rolle<\/li>\n<li>Originalprodukt<\/li>\n<li>Artikelnummer: PRIMA436<\/li>\n<\/ul>\n<p><strong>Kompatibel mit Magicard Prima<br \/>\n  4.<\/strong><\/p>\n<p><strong>Produktgewicht:<\/strong> 0,29 kg<\/p>","protected":false},"excerpt":{"rendered":"<p>Farbband \u2013 Farbband \u2013 R\u00fcck\u00fcbertragung auf Kartendrucker und Plastikkartendrucker<\/p>","protected":false},"featured_media":144596,"template":"","meta":{"_acf_changed":false},"product_brand":[],"product_cat":[3216,4838],"product_tag":[3182,4863,2923,3069],"class_list":{"0":"post-53673","1":"product","2":"type-product","3":"status-publish","4":"has-post-thumbnail","6":"product_cat-magicard-fargband-retransfer","7":"product_cat-magicard-prima-band","8":"product_tag-magicard-tillbehor","9":"product_tag-pf","10":"product_tag-ribbon-retransfer","11":"product_tag-trade-produkt","12":"product_shipping_class-tunga-paket","13":"pa_brands-magicard","14":"pa_fargband-kortskrivare-magicard","15":"tm-has-options","17":"first","18":"instock","19":"sale","20":"taxable","21":"shipping-taxable","22":"purchasable","23":"product-type-simple"},"acf":[],"_links":{"self":[{"href":"https:\/\/secureus.se\/de\/wp-json\/wp\/v2\/product\/53673","targetHints":{"allow":["GET"]}}],"collection":[{"href":"https:\/\/secureus.se\/de\/wp-json\/wp\/v2\/product"}],"about":[{"href":"https:\/\/secureus.se\/de\/wp-json\/wp\/v2\/types\/product"}],"wp:featuredmedia":[{"embeddable":true,"href":"https:\/\/secureus.se\/de\/wp-json\/wp\/v2\/media\/144596"}],"wp:attachment":[{"href":"https:\/\/secureus.se\/de\/wp-json\/wp\/v2\/media?parent=53673"}],"wp:term":[{"taxonomy":"product_brand","embeddable":true,"href":"https:\/\/secureus.se\/de\/wp-json\/wp\/v2\/product_brand?post=53673"},{"taxonomy":"product_cat","embeddable":true,"href":"https:\/\/secureus.se\/de\/wp-json\/wp\/v2\/product_cat?post=53673"},{"taxonomy":"product_tag","embeddable":true,"href":"https:\/\/secureus.se\/de\/wp-json\/wp\/v2\/product_tag?post=53673"}],"curies":[{"name":"wp","href":"https:\/\/api.w.org\/{rel}","templated":true}]}}