{"id":53684,"date":"2022-06-21T18:03:57","date_gmt":"2022-06-21T16:03:57","guid":{"rendered":"https:\/\/secureus.se\/produkt\/evolis-r3411-ymcko-colour-ribbon-100-prints\/"},"modified":"2025-08-15T22:50:38","modified_gmt":"2025-08-15T20:50:38","slug":"ribbon-evolis-r3411-ymcko-colour-ribbon-100-prints","status":"publish","type":"product","link":"https:\/\/secureus.se\/de\/ribbon-evolis-r3411-ymcko-colour-ribbon-100-prints\/","title":{"rendered":"Farbband Evolis R3411 YMCKO Farbband (100 Drucke)"},"content":{"rendered":"<p>Das Evolis R3411 YMCKO-Farbband ist ein f\u00fcnfteiliges Vollfarbband mit einem Overlay-Laminat, um die Karten des Endbenutzers vor t\u00e4glicher Abnutzung zu sch\u00fctzen. Dieses Kit ergibt bis zu 100 Kartendrucke. Somit ist es ideal f\u00fcr Unternehmen und Organisationen mit minimalem Bedarf an Ausweisdruck.<\/p>\n<ul>\n<li>100 einseitige Vollfarbdrucke<\/li>\n<li>YMCKO-Farbband (Gelb-, Magenta-, Cyan-, Schwarz- und Overlay-Panels)<\/li>\n<li>Herstellercode: R3411<\/li>\n<\/ul>\n<p><strong>Kompatibel mit dem Evolis Tattoo Kartendrucker.<\/strong><\/p>\n<p>\n <strong><br \/>\n Produktgewicht:<br \/>\n 0,10 kg<br \/>\n <\/strong>\n <\/p>","protected":false},"excerpt":{"rendered":"<p>Farbband \u2013 Farbband \u2013 R\u00fcck\u00fcbertragung auf Kartendrucker und Plastikkartendrucker<\/p>","protected":false},"featured_media":144225,"template":"","meta":{"_acf_changed":false},"product_brand":[],"product_cat":[3213],"product_tag":[3181,2921,3069],"class_list":{"0":"post-53684","1":"product","2":"type-product","3":"status-publish","4":"has-post-thumbnail","6":"product_cat-evolis-fargband-retransfer","7":"product_tag-evolis-tillbehor","8":"product_tag-ribbon-ymck-farg","9":"product_tag-trade-produkt","10":"product_shipping_class-tunga-paket","11":"pa_brands-evolis","12":"pa_fargband-kortskrivare-evolis","13":"tm-has-options","15":"first","16":"outofstock","17":"sale","18":"taxable","19":"shipping-taxable","20":"purchasable","21":"product-type-simple"},"acf":[],"_links":{"self":[{"href":"https:\/\/secureus.se\/de\/wp-json\/wp\/v2\/product\/53684","targetHints":{"allow":["GET"]}}],"collection":[{"href":"https:\/\/secureus.se\/de\/wp-json\/wp\/v2\/product"}],"about":[{"href":"https:\/\/secureus.se\/de\/wp-json\/wp\/v2\/types\/product"}],"wp:featuredmedia":[{"embeddable":true,"href":"https:\/\/secureus.se\/de\/wp-json\/wp\/v2\/media\/144225"}],"wp:attachment":[{"href":"https:\/\/secureus.se\/de\/wp-json\/wp\/v2\/media?parent=53684"}],"wp:term":[{"taxonomy":"product_brand","embeddable":true,"href":"https:\/\/secureus.se\/de\/wp-json\/wp\/v2\/product_brand?post=53684"},{"taxonomy":"product_cat","embeddable":true,"href":"https:\/\/secureus.se\/de\/wp-json\/wp\/v2\/product_cat?post=53684"},{"taxonomy":"product_tag","embeddable":true,"href":"https:\/\/secureus.se\/de\/wp-json\/wp\/v2\/product_tag?post=53684"}],"curies":[{"name":"wp","href":"https:\/\/api.w.org\/{rel}","templated":true}]}}