{"id":53696,"date":"2022-06-21T18:02:54","date_gmt":"2022-06-21T16:02:54","guid":{"rendered":"https:\/\/secureus.se\/produkt\/evolis-r6f003eaa-ymckok-colour-ribbon-200-prints\/"},"modified":"2026-03-26T10:12:10","modified_gmt":"2026-03-26T09:12:10","slug":"ribbon-evolis-r6f003eaa-ymckok-colour-ribbon-200-prints","status":"publish","type":"product","link":"https:\/\/secureus.se\/de\/ribbon-evolis-r6f003eaa-ymckok-colour-ribbon-200-prints\/","title":{"rendered":"Farbband Evolis R6F003EAA YMCKOK Farbband (200 Drucke)"},"content":{"rendered":"<p>Das Evolis R6F003EAA YMCKOK Farbband ist ein Vollfarbband mit zwei S\u00e4tzen des schwarzen Panels f\u00fcr den beidseitigen Druck von gestochen scharfen Texten und lesbaren Barcodes. Es verf\u00fcgt au\u00dferdem \u00fcber ein Overlay-Laminat, um die Karten des Endbenutzers vor allgemeiner Abnutzung zu sch\u00fctzen.<\/p>\n<ul>\n<li>200 einseitige Vollfarbdrucke<\/li>\n<li>YMCKOK-Farbband (Gelb-, Magenta-, Cyan-, Schwarz-, Overlay- und Schwarzfelder)<\/li>\n<li>Herstellercode: R6F003EAA<\/li>\n<\/ul>\n<p><strong>Bitte pr\u00fcfen Sie vor Ihrer Bestellung, ob es sich hierbei um das richtige Farbband f\u00fcr Ihren Drucker handelt. Dieses Farbband ist NUR mit dem Evolis Primacy kompatibel.<\/strong><\/p>\n<p>\n <strong><br \/>\n Produktgewicht:<br \/>\n 0,26 kg<br \/>\n <\/strong>\n <\/p>","protected":false},"excerpt":{"rendered":"<p>Farbband \u2013 Farbband \u2013 R\u00fcck\u00fcbertragung auf Kartendrucker und Plastikkartendrucker<\/p>","protected":false},"featured_media":144256,"template":"","meta":{"_acf_changed":false},"product_brand":[],"product_cat":[3213,4858],"product_tag":[3181,4863,2921,3069],"class_list":{"0":"post-53696","1":"product","2":"type-product","3":"status-publish","4":"has-post-thumbnail","6":"product_cat-evolis-fargband-retransfer","7":"product_cat-primacy","8":"product_tag-evolis-tillbehor","9":"product_tag-pf","10":"product_tag-ribbon-ymck-farg","11":"product_tag-trade-produkt","12":"product_shipping_class-tunga-paket","13":"pa_brands-evolis","14":"pa_fargband-kortskrivare-evolis","15":"tm-has-options","17":"first","18":"instock","19":"sale","20":"taxable","21":"shipping-taxable","22":"purchasable","23":"product-type-simple"},"acf":[],"_links":{"self":[{"href":"https:\/\/secureus.se\/de\/wp-json\/wp\/v2\/product\/53696","targetHints":{"allow":["GET"]}}],"collection":[{"href":"https:\/\/secureus.se\/de\/wp-json\/wp\/v2\/product"}],"about":[{"href":"https:\/\/secureus.se\/de\/wp-json\/wp\/v2\/types\/product"}],"wp:featuredmedia":[{"embeddable":true,"href":"https:\/\/secureus.se\/de\/wp-json\/wp\/v2\/media\/144256"}],"wp:attachment":[{"href":"https:\/\/secureus.se\/de\/wp-json\/wp\/v2\/media?parent=53696"}],"wp:term":[{"taxonomy":"product_brand","embeddable":true,"href":"https:\/\/secureus.se\/de\/wp-json\/wp\/v2\/product_brand?post=53696"},{"taxonomy":"product_cat","embeddable":true,"href":"https:\/\/secureus.se\/de\/wp-json\/wp\/v2\/product_cat?post=53696"},{"taxonomy":"product_tag","embeddable":true,"href":"https:\/\/secureus.se\/de\/wp-json\/wp\/v2\/product_tag?post=53696"}],"curies":[{"name":"wp","href":"https:\/\/api.w.org\/{rel}","templated":true}]}}