{"id":53703,"date":"2022-06-21T18:02:17","date_gmt":"2022-06-21T16:02:17","guid":{"rendered":"https:\/\/secureus.se\/produkt\/evolis-r5f002eaa-ymcko-colour-ribbon-200-prints\/"},"modified":"2026-04-01T14:38:36","modified_gmt":"2026-04-01T12:38:36","slug":"ribbon-evolis-r5f002eaa-ymcko-colour-ribbon-200-prints","status":"publish","type":"product","link":"https:\/\/secureus.se\/de\/ribbon-evolis-r5f002eaa-ymcko-colour-ribbon-200-prints\/","title":{"rendered":"Farbband Evolis R5F002EAA YMCKO Farbband (200 Drucke)"},"content":{"rendered":"<p>Evolis Zenius 5-Panel-Farbband YMCKO \u2013 200 Bilder<\/p>\n<p>Das Evolis R5F002EAA YMCKO-Farbband ist ein f\u00fcnfteiliges Vollfarbband mit Overlay-Laminat f\u00fcr zus\u00e4tzlichen Schutz und Haltbarkeit. Es verf\u00fcgt \u00fcber die Kapazit\u00e4t, Ihren Kunden bis zu 200 scharfe Bilder, gestochen scharfe Textdrucke und lesbare Barcodes zu liefern.<\/p>\n<ul>\n<li>200 Vollfarbdrucke<\/li>\n<li>YMCKO-Farbband (Gelb, Magenta, Cyan, Schwarz und Overlay-Panel)<\/li>\n<li>Herstellercode: R5F002EAA<\/li>\n<\/ul>\n<p><strong>Kompatibel mit dem Evolis Zenius Kartendrucker.<\/strong><\/p>\n<p><strong><br \/>\nProduktgewicht:<br \/>\n0,25 kg<br \/>\n<\/strong><\/p>","protected":false},"excerpt":{"rendered":"<p>Farbband \u2013 Farbband \u2013 R\u00fcck\u00fcbertragung auf Kartendrucker und Plastikkartendrucker<\/p>","protected":false},"featured_media":144263,"template":"","meta":{"_acf_changed":false},"product_brand":[],"product_cat":[3213,4862],"product_tag":[3181,4863,2921,3069],"class_list":{"0":"post-53703","1":"product","2":"type-product","3":"status-publish","4":"has-post-thumbnail","6":"product_cat-evolis-fargband-retransfer","7":"product_cat-zenius","8":"product_tag-evolis-tillbehor","9":"product_tag-pf","10":"product_tag-ribbon-ymck-farg","11":"product_tag-trade-produkt","12":"product_shipping_class-tunga-paket","13":"pa_brands-evolis","14":"pa_fargband-kortskrivare-evolis","15":"tm-has-options","17":"first","18":"instock","19":"sale","20":"taxable","21":"shipping-taxable","22":"purchasable","23":"product-type-simple"},"acf":[],"_links":{"self":[{"href":"https:\/\/secureus.se\/de\/wp-json\/wp\/v2\/product\/53703","targetHints":{"allow":["GET"]}}],"collection":[{"href":"https:\/\/secureus.se\/de\/wp-json\/wp\/v2\/product"}],"about":[{"href":"https:\/\/secureus.se\/de\/wp-json\/wp\/v2\/types\/product"}],"wp:featuredmedia":[{"embeddable":true,"href":"https:\/\/secureus.se\/de\/wp-json\/wp\/v2\/media\/144263"}],"wp:attachment":[{"href":"https:\/\/secureus.se\/de\/wp-json\/wp\/v2\/media?parent=53703"}],"wp:term":[{"taxonomy":"product_brand","embeddable":true,"href":"https:\/\/secureus.se\/de\/wp-json\/wp\/v2\/product_brand?post=53703"},{"taxonomy":"product_cat","embeddable":true,"href":"https:\/\/secureus.se\/de\/wp-json\/wp\/v2\/product_cat?post=53703"},{"taxonomy":"product_tag","embeddable":true,"href":"https:\/\/secureus.se\/de\/wp-json\/wp\/v2\/product_tag?post=53703"}],"curies":[{"name":"wp","href":"https:\/\/api.w.org\/{rel}","templated":true}]}}