{"id":53708,"date":"2022-06-21T18:01:54","date_gmt":"2022-06-21T16:01:54","guid":{"rendered":"https:\/\/secureus.se\/produkt\/magicard-ma250ymckok-colour-ribbon-250-prints\/"},"modified":"2026-04-23T12:43:39","modified_gmt":"2026-04-23T10:43:39","slug":"ribbon-magicard-ma250ymckok-colour-ribbon-250-prints","status":"publish","type":"product","link":"https:\/\/secureus.se\/de\/ribbon-magicard-ma250ymckok-colour-ribbon-250-prints\/","title":{"rendered":"Magicard-Band \u2013 MA250YMCKOK (250 Ausdrucke)"},"content":{"rendered":"<h1>Schleife<br \/>\n  Magicard &#8211; MA250YMCKOK (250 utskrifter)<\/h1>\n<p>F\u00e4rgband Magicard &#8211; MA250YMCKOK (250 utskrifter) \u00e4r ett f\u00e4rgband<br \/>\n  zum Bedrucken von Plastikkarten mit kr\u00e4ftigen Farben, klarem Text und guter Qualit\u00e4t<br \/>\n  Detailgetreue Wiedergabe. Das Farbband vom Typ YMCKOK bietet die richtige Kombination aus Farbfeldern und<br \/>\n  Schutzfolie f\u00fcr den professionellen Kartendruck.<\/p>\n<p>Geeignet f\u00fcr Ausweise, Zugangskarten, Mitgliedskarten und andere<br \/>\n  Plastikkarten, bei denen hohe Druckqualit\u00e4t und Zuverl\u00e4ssigkeit wichtig sind<br \/>\n  wichtig.<\/p>\n<ul>\n<li>Kapazit\u00e4t: bis zu 250 Ausdrucke<\/li>\n<li>Bandtyp: YMCKOK<\/li>\n<li>Inklusive Reinigungsrolle<\/li>\n<li>Geeignet f\u00fcr den beidseitigen Kartendruck<\/li>\n<\/ul>\n<p><strong>Kompatibel med Magicard Enduro Duo, Rio Pro<br \/>\n  dual-sided och Rio Pro 360.<\/strong><\/p>\n<p><strong>Produktgewicht:<\/strong> 0,18 kg<\/p>","protected":false},"excerpt":{"rendered":"<p>Farbband \u2013 Farbband \u2013 R\u00fcck\u00fcbertragung auf Kartendrucker und Plastikkartendrucker<\/p>","protected":false},"featured_media":143894,"template":"","meta":{"_acf_changed":false},"product_brand":[],"product_cat":[3216,4839,4833,4834],"product_tag":[3182,4863,2921,3069],"class_list":{"0":"post-53708","1":"product","2":"type-product","3":"status-publish","4":"has-post-thumbnail","6":"product_cat-magicard-fargband-retransfer","7":"product_cat-magicard-enduro-band","8":"product_cat-magicard-rio-pro-360-band","9":"product_cat-magicard-rio-pro-ribbons","10":"product_tag-magicard-tillbehor","11":"product_tag-pf","12":"product_tag-ribbon-ymck-farg","13":"product_tag-trade-produkt","14":"product_shipping_class-tunga-paket","15":"pa_brands-magicard","16":"pa_fargband-kortskrivare-magicard","17":"tm-has-options","19":"first","20":"instock","21":"sale","22":"taxable","23":"shipping-taxable","24":"purchasable","25":"product-type-simple"},"acf":[],"_links":{"self":[{"href":"https:\/\/secureus.se\/de\/wp-json\/wp\/v2\/product\/53708","targetHints":{"allow":["GET"]}}],"collection":[{"href":"https:\/\/secureus.se\/de\/wp-json\/wp\/v2\/product"}],"about":[{"href":"https:\/\/secureus.se\/de\/wp-json\/wp\/v2\/types\/product"}],"wp:featuredmedia":[{"embeddable":true,"href":"https:\/\/secureus.se\/de\/wp-json\/wp\/v2\/media\/143894"}],"wp:attachment":[{"href":"https:\/\/secureus.se\/de\/wp-json\/wp\/v2\/media?parent=53708"}],"wp:term":[{"taxonomy":"product_brand","embeddable":true,"href":"https:\/\/secureus.se\/de\/wp-json\/wp\/v2\/product_brand?post=53708"},{"taxonomy":"product_cat","embeddable":true,"href":"https:\/\/secureus.se\/de\/wp-json\/wp\/v2\/product_cat?post=53708"},{"taxonomy":"product_tag","embeddable":true,"href":"https:\/\/secureus.se\/de\/wp-json\/wp\/v2\/product_tag?post=53708"}],"curies":[{"name":"wp","href":"https:\/\/api.w.org\/{rel}","templated":true}]}}