{"id":53713,"date":"2022-06-21T16:59:17","date_gmt":"2022-06-21T14:59:17","guid":{"rendered":"https:\/\/secureus.se\/produkt\/zebra-zc10l-large-format-dtc-printer-single-sided\/"},"modified":"2026-04-30T14:37:13","modified_gmt":"2026-04-30T12:37:13","slug":"kortskrivare-zebra-zc10l","status":"publish","type":"product","link":"https:\/\/secureus.se\/de\/kortskrivare-zebra-zc10l\/","title":{"rendered":"Kartendrucker Zebra ZC10L \u2013 Gro\u00dfformat-DTC-Drucker (einseitig)"},"content":{"rendered":"<p><strong>Effizienter und anpassbarer Kartendruck mit dem Zebra ZC10L:<\/strong> Der Zebra ZC10L ist der einzige ID-Kartendrucker seiner Art, der in einem einzigen Druck vollformatige, randlose Farbkarten erstellen kann.<\/p>\n<p>Es eignet sich perfekt f\u00fcr die Erstellung individueller, \u00fcbergro\u00dfer Ausweise und VIP-P\u00e4sse f\u00fcr alle Arten von Veranstaltungen.<\/p>\n<p>Der Zebra ZC10L wurde speziell f\u00fcr die Erstellung extragro\u00dfer Ausweise entwickelt. Er ist auf die Bed\u00fcrfnisse der Hotellerie zugeschnitten und eignet sich zur Erstellung von G\u00e4steausweisen und VIP-P\u00e4ssen f\u00fcr Konferenzen, Festivals, Messen, Sportveranstaltungen und andere Events.<\/p>\n<p>Da die Festivalsaison naht, wird dieser Drucker mit Sicherheit ein Hit.<\/p>\n<p>Hervorragende Fotoqualit\u00e4t<br \/>\nPerfekt f\u00fcr die Gastronomie und Veranstaltungen<br \/>\nDie Karten haben die Ma\u00dfe 140 x 88 mm.<br \/>\n2 Jahre\/20.000 Karten Herstellergarantie<\/p>\n<p><strong>Funktionen und Vorteile:<\/strong><\/p>\n<ul>\n<li><strong>Geschwindigkeit:<\/strong> Drucken Sie Vollfarbkarten in nur 18 Sekunden, sodass gro\u00dfe Mengen in kurzer Zeit verarbeitet werden k\u00f6nnen.<\/li>\n<li><strong>Qualit\u00e4t:<\/strong> Mit einer Aufl\u00f6sung von 300 dpi liefert der ZC10L eine au\u00dfergew\u00f6hnliche Bildqualit\u00e4t, satte Farben und gestochen scharfen Text und macht Ihre Karten zu unvergesslichen Erinnerungsst\u00fccken f\u00fcr G\u00e4ste.<\/li>\n<li><strong>Flexibilit\u00e4t:<\/strong> Der Drucker kann eine Vielzahl von Kartentypen verarbeiten, darunter Mitgliedskarten, Zutrittskontrollkarten und Veranstaltungsausweise.<\/li>\n<li><strong>Benutzerfreundlichkeit:<\/strong> Dank der grafischen Benutzeroberfl\u00e4che und der einfachen Installation k\u00f6nnen Sie schnell mit dem Drucken beginnen.<\/li>\n<\/ul>\n<p><strong>Technische Spezifikation:<\/strong><\/p>\n<ul>\n<li><strong>Druckgeschwindigkeit:<\/strong> Bis zu 195 Karten pro Stunde beim Farbdruck.<\/li>\n<li><strong>Kapazit\u00e4t:<\/strong> 200 Karten im Eingabefach und 70 Karten im Ausgabefach.<\/li>\n<li><strong>Verbindungen:<\/strong> USB und Ethernet zur einfachen Integration in Ihr Netzwerk.<\/li>\n<\/ul>\n<p>Mit seinem innovativen Design und seiner zuverl\u00e4ssigen Leistung ist der Zebra ZC10L die perfekte L\u00f6sung f\u00fcr alle Ihre Kartendruckanforderungen, unabh\u00e4ngig von Veranstaltung oder Anwendung.<\/p>","protected":false},"excerpt":{"rendered":"<p>Der gro\u00dfformatige DTC-Drucker ZC10L von Zebra ist die perfekte L\u00f6sung f\u00fcr den schnellen Druck individueller \u00fcbergro\u00dfer Karten.<\/p>\n<p>Dieser Drucker produziert farbenfrohe Karten in nur 18 Sekunden und ist ideal f\u00fcr Konferenzen, Festivals und Veranstaltungen.<\/p>\n<p>Mit einer zweij\u00e4hrigen Garantie und der M\u00f6glichkeit, Karten in Fotoqualit\u00e4t zu erstellen, sorgt der ZC10L daf\u00fcr, dass Ihre G\u00e4ste unvergessliche Erlebnisse haben.<\/p>","protected":false},"featured_media":143754,"template":"","meta":{"_acf_changed":false},"product_brand":[],"product_cat":[3210],"product_tag":[2830,4863,3069,3185],"class_list":{"0":"post-53713","1":"product","2":"type-product","3":"status-publish","4":"has-post-thumbnail","6":"product_cat-zebra","7":"product_tag-kortprinter-direct-to-card","8":"product_tag-pf","9":"product_tag-trade-produkt","10":"product_tag-zebra","11":"product_shipping_class-tunga-paket","12":"pa_brands-zebra","13":"pa_fabrikat-kortskrivare-zebra","14":"tm-no-options","16":"first","17":"instock","18":"sale","19":"taxable","20":"shipping-taxable","21":"purchasable","22":"product-type-simple"},"acf":[],"_links":{"self":[{"href":"https:\/\/secureus.se\/de\/wp-json\/wp\/v2\/product\/53713","targetHints":{"allow":["GET"]}}],"collection":[{"href":"https:\/\/secureus.se\/de\/wp-json\/wp\/v2\/product"}],"about":[{"href":"https:\/\/secureus.se\/de\/wp-json\/wp\/v2\/types\/product"}],"wp:featuredmedia":[{"embeddable":true,"href":"https:\/\/secureus.se\/de\/wp-json\/wp\/v2\/media\/143754"}],"wp:attachment":[{"href":"https:\/\/secureus.se\/de\/wp-json\/wp\/v2\/media?parent=53713"}],"wp:term":[{"taxonomy":"product_brand","embeddable":true,"href":"https:\/\/secureus.se\/de\/wp-json\/wp\/v2\/product_brand?post=53713"},{"taxonomy":"product_cat","embeddable":true,"href":"https:\/\/secureus.se\/de\/wp-json\/wp\/v2\/product_cat?post=53713"},{"taxonomy":"product_tag","embeddable":true,"href":"https:\/\/secureus.se\/de\/wp-json\/wp\/v2\/product_tag?post=53713"}],"curies":[{"name":"wp","href":"https:\/\/api.w.org\/{rel}","templated":true}]}}