{"id":53715,"date":"2022-06-21T17:59:05","date_gmt":"2022-06-21T15:59:05","guid":{"rendered":"https:\/\/secureus.se\/produkt\/evolis-primacy-2-duplex-expert-id-card-printer-printer-dual-sided\/"},"modified":"2026-04-27T16:02:27","modified_gmt":"2026-04-27T14:02:27","slug":"kortskrivare-evolis-primacy-2-duplex-expert","status":"publish","type":"product","link":"https:\/\/secureus.se\/de\/kortskrivare-evolis-primacy-2-duplex-expert\/","title":{"rendered":"Evolis Primacy 2 Duplex Expert Kartendrucker USB\/Ethernet \u2013 (Doppelseitig)"},"content":{"rendered":"<p data-start=\"1101\" data-end=\"1433\"><strong data-start=\"1101\" data-end=\"1161\">Evolis Primacy 2 Duplex Expert USB\/Ethernet (PM2-0025-E)<\/strong> \u00e4r en kraftfull och framtidss\u00e4ker kortskrivare utvecklad f\u00f6r snabb produktion av professionella plastkort. Modellen levereras med <strong data-start=\"1292\" data-end=\"1327\">automatischer doppelseitiger Druck<\/strong>, vilket g\u00f6r den idealisk n\u00e4r information, design eller s\u00e4kerhetsdata ska tryckas p\u00e5 b\u00e5da sidor av kortet.<\/p>\n<p data-start=\"1435\" data-end=\"1478\">Primacy 2 passar perfekt f\u00f6r produktion av:<\/p>\n<ul data-start=\"1480\" data-end=\"1602\">\n<li data-section-id=\"1xne5d6\" data-start=\"1480\" data-end=\"1491\">Ausweis<\/li>\n<li data-section-id=\"1h53p7w\" data-start=\"1492\" data-end=\"1506\">Zugangskarte<\/li>\n<li data-section-id=\"15h7qs1\" data-start=\"1507\" data-end=\"1522\">Medlemskort<\/li>\n<li data-section-id=\"1dxq73m\" data-start=\"1523\" data-end=\"1539\">Personalkort<\/li>\n<li data-section-id=\"10ernwj\" data-start=\"1540\" data-end=\"1555\">Studentkort<\/li>\n<li data-section-id=\"1077mn5\" data-start=\"1556\" data-end=\"1571\">Geschenkkarten<\/li>\n<li data-section-id=\"1b8gaeo\" data-start=\"1572\" data-end=\"1586\">Bes\u00f6kskort<\/li>\n<li data-section-id=\"1dknp0r\" data-start=\"1587\" data-end=\"1602\">Sicherheitskarte<\/li>\n<\/ul>\n<p data-start=\"1604\" data-end=\"1901\">Skrivaren kombinerar h\u00f6g hastighet med mycket god utskriftskvalitet och klarar upp till <strong data-start=\"1692\" data-end=\"1730\">280 f\u00e4rgkort per timme enkelsidigt<\/strong> oder <strong data-start=\"1737\" data-end=\"1776\">170 dubbelsidiga f\u00e4rgkort per timme<\/strong>. Den h\u00f6ga kapaciteten g\u00f6r den perfekt f\u00f6r f\u00f6retag, skolor, kommuner, gym och organisationer som producerar kort regelbundet.<\/p>\n<p data-start=\"1903\" data-end=\"2042\">Mit <strong data-start=\"1907\" data-end=\"1927\">USB und Ethernet<\/strong> kan skrivaren anv\u00e4ndas b\u00e5de lokalt och i n\u00e4tverk. Expert-modellen erbjuder dessutom st\u00f6d f\u00f6r framtida tillval som:<\/p>\n<ul data-start=\"2044\" data-end=\"2130\">\n<li data-section-id=\"1d4mpc1\" data-start=\"2044\" data-end=\"2068\">Magnetstripe encoder<\/li>\n<li data-section-id=\"12uqnei\" data-start=\"2069\" data-end=\"2084\">Kontaktchip<\/li>\n<li data-section-id=\"17k14j2\" data-start=\"2085\" data-end=\"2108\">RFID \/ MIFARE \/ NFC<\/li>\n<li data-section-id=\"v5xb5o\" data-start=\"2109\" data-end=\"2130\">Smartcard-l\u00f6sningar<\/li>\n<\/ul>\n<p data-start=\"2132\" data-end=\"2243\">Primacy 2 anv\u00e4nder Evolis High Trust f\u00e4rgband och st\u00f6der b\u00e5de f\u00e4rg, svartvitt, specialf\u00e4rger och s\u00e4kerhetsband.<\/p>\n<p data-start=\"2245\" data-end=\"2360\">F\u00f6r extra h\u00e5llbarhet och s\u00e4kerhet kan skrivaren \u00e4ven anv\u00e4ndas med <strong data-start=\"2311\" data-end=\"2331\">lamineringsmodul<\/strong> (tillval), vilket m\u00f6jligg\u00f6r:<\/p>\n<ul data-start=\"2362\" data-end=\"2473\">\n<li data-section-id=\"h1jzql\" data-start=\"2362\" data-end=\"2385\">Clear patch laminat<\/li>\n<li data-section-id=\"lq90rr\" data-start=\"2386\" data-end=\"2406\">Hologram laminat<\/li>\n<li data-section-id=\"jk0fp9\" data-start=\"2407\" data-end=\"2426\">Smart cut patch<\/li>\n<li data-section-id=\"40slyx\" data-start=\"2427\" data-end=\"2453\">Magnetstripe cut patch<\/li>\n<li data-section-id=\"1nup2h5\" data-start=\"2454\" data-end=\"2473\">UV-s\u00e4kerhetsskikt<\/li>\n<\/ul>\n<p data-start=\"2475\" data-end=\"2551\">Detta \u00e4r perfekt f\u00f6r kort som anv\u00e4nds dagligen och beh\u00f6ver l\u00e4ngre livsl\u00e4ngd.<\/p>\n<h3 data-section-id=\"1q2oa7r\" data-start=\"825\" data-end=\"863\">Trygg investering med l\u00e5ng garanti<\/h3>\n<p data-start=\"865\" data-end=\"1184\">Evolis Primacy 2 \u00e4r byggd f\u00f6r daglig professionell anv\u00e4ndning och levereras med <strong data-start=\"945\" data-end=\"975\">3 \u00e5rs garanti p\u00e5 skrivaren<\/strong>. Originalskrivhuvudet omfattas ocks\u00e5 av tillverkarens garantivillkor vid anv\u00e4ndning av rekommenderat f\u00f6rbrukningsmaterial. Det ger extra trygghet f\u00f6r f\u00f6retag och organisationer som vill investera l\u00e5ngsiktigt.<\/p>\n<h3 data-section-id=\"17iwr2j\" data-start=\"2553\" data-end=\"2569\">Detta ing\u00e5r:<\/h3>\n<ul data-start=\"2571\" data-end=\"2753\">\n<li data-section-id=\"mtsbn4\" data-start=\"2571\" data-end=\"2614\">Evolis Primacy 2 Duplex Expert skrivare<\/li>\n<li data-section-id=\"10hnbp3\" data-start=\"2615\" data-end=\"2645\">CardPresso XXS programvara<\/li>\n<li data-section-id=\"5oyvs0\" data-start=\"2646\" data-end=\"2659\">USB-Kabel<\/li>\n<li data-section-id=\"h8aub5\" data-start=\"2660\" data-end=\"2676\">Str\u00f6madapter<\/li>\n<li data-section-id=\"32z7gn\" data-start=\"2677\" data-end=\"2691\">Stromkabel<\/li>\n<li data-section-id=\"1nsqkmb\" data-start=\"2692\" data-end=\"2710\">Utmatningsfack<\/li>\n<li data-section-id=\"1dayqsa\" data-start=\"2711\" data-end=\"2734\">Start-reng\u00f6ringskit<\/li>\n<li data-section-id=\"f6ydi5\" data-start=\"2735\" data-end=\"2753\">Kurzanleitung<\/li>\n<li data-section-id=\"f6ydi5\" data-start=\"2735\" data-end=\"2753\">3 Jahre Garantie<\/li>\n<\/ul>\n<h3 data-section-id=\"r5xq56\" data-start=\"2755\" data-end=\"2796\">Varf\u00f6r v\u00e4lja Primacy 2 Duplex Expert?<\/h3>\n<p data-start=\"2798\" data-end=\"2972\">Om du s\u00f6ker en snabb, drifts\u00e4ker och professionell dubbelsidig kortskrivare med n\u00e4tverk, h\u00f6g kapacitet och m\u00f6jlighet att bygga ut funktionerna \u00e4r detta ett mycket starkt val.<\/p>","protected":false},"excerpt":{"rendered":"<p data-start=\"188\" data-end=\"456\"><strong data-start=\"188\" data-end=\"235\">Evolis Primacy 2 Duplex Expert (PM2-0025-E)<\/strong> ist ein schneller und professioneller Duplex-Kartendrucker f\u00fcr Ausweise, Zutrittskarten und Mitgliedskarten. Mit USB, Ethernet, hoher Speicherkapazit\u00e4t und Unterst\u00fctzung f\u00fcr zuk\u00fcnftige Erweiterungen ist er ideal f\u00fcr Unternehmen und Organisationen mit hohen Anforderungen.<\/p>\n<ul data-start=\"458\" data-end=\"738\">\n<li data-section-id=\"1o8dnau\" data-start=\"458\" data-end=\"493\">Automatischer Duplexdruck<\/li>\n<li data-section-id=\"142d0jd\" data-start=\"494\" data-end=\"514\">USB und Ethernet<\/li>\n<li data-section-id=\"ni5882\" data-start=\"515\" data-end=\"554\">Bis zu 280 Karten\/Stunde, einseitig<\/li>\n<li data-section-id=\"1wvq07x\" data-start=\"555\" data-end=\"599\">Bis zu 170 doppelseitige Farbkarten pro Stunde<\/li>\n<li data-section-id=\"3f6sja\" data-start=\"600\" data-end=\"652\">Optionale Unterst\u00fctzung f\u00fcr Magnetstreifen, Chip und RFID<\/li>\n<li data-section-id=\"1fe6spb\" data-start=\"653\" data-end=\"674\">Software enthalten<\/li>\n<li data-section-id=\"jxxmu1\" data-start=\"675\" data-end=\"696\">3 Jahre Garantie<\/li>\n<li data-section-id=\"1unq91f\" data-start=\"697\" data-end=\"738\">Herstellernummer: PM2-0025-E<\/li>\n<\/ul>","protected":false},"featured_media":144703,"template":"","meta":{"_acf_changed":false},"product_brand":[],"product_cat":[3205],"product_tag":[2830,3172,3176,4863,3069],"class_list":{"0":"post-53715","1":"product","2":"type-product","3":"status-publish","4":"has-post-thumbnail","6":"product_cat-evolis","7":"product_tag-kortprinter-direct-to-card","8":"product_tag-dubbelsidig-dual-side","9":"product_tag-evolis","10":"product_tag-pf","11":"product_tag-trade-produkt","12":"product_shipping_class-tunga-paket","13":"tm-no-options","15":"first","16":"instock","17":"sale","18":"taxable","19":"shipping-taxable","20":"purchasable","21":"product-type-simple"},"acf":[],"_links":{"self":[{"href":"https:\/\/secureus.se\/de\/wp-json\/wp\/v2\/product\/53715","targetHints":{"allow":["GET"]}}],"collection":[{"href":"https:\/\/secureus.se\/de\/wp-json\/wp\/v2\/product"}],"about":[{"href":"https:\/\/secureus.se\/de\/wp-json\/wp\/v2\/types\/product"}],"wp:featuredmedia":[{"embeddable":true,"href":"https:\/\/secureus.se\/de\/wp-json\/wp\/v2\/media\/144703"}],"wp:attachment":[{"href":"https:\/\/secureus.se\/de\/wp-json\/wp\/v2\/media?parent=53715"}],"wp:term":[{"taxonomy":"product_brand","embeddable":true,"href":"https:\/\/secureus.se\/de\/wp-json\/wp\/v2\/product_brand?post=53715"},{"taxonomy":"product_cat","embeddable":true,"href":"https:\/\/secureus.se\/de\/wp-json\/wp\/v2\/product_cat?post=53715"},{"taxonomy":"product_tag","embeddable":true,"href":"https:\/\/secureus.se\/de\/wp-json\/wp\/v2\/product_tag?post=53715"}],"curies":[{"name":"wp","href":"https:\/\/api.w.org\/{rel}","templated":true}]}}