{"id":53734,"date":"2022-06-21T16:57:25","date_gmt":"2022-06-21T14:57:25","guid":{"rendered":"https:\/\/secureus.se\/produkt\/magicard-prima-801-uno-retransfer-id-card-printer-single-sided\/"},"modified":"2026-04-08T16:43:17","modified_gmt":"2026-04-08T14:43:17","slug":"kortskrivare-magicard-prima-801-uno","status":"publish","type":"product","link":"https:\/\/secureus.se\/de\/kortskrivare-magicard-prima-801-uno\/","title":{"rendered":"Kartendrucker Magicard Prima 8 Uno \u2013 Retransfer-Ausweisdrucker (einseitig)"},"content":{"rendered":"<h4 data-start=\"367\" data-end=\"396\">Vom Erfolg inspiriert<\/h4>\n<p data-start=\"397\" data-end=\"566\">Der Magicard Prima8 baut auf den bew\u00e4hrten Funktionen seines Vorg\u00e4ngers, dem Magicard Prima4, auf und bringt den Kartendruck mit herausragender Druckqualit\u00e4t auf ein neues Niveau.<\/p>\n<h4 data-start=\"568\" data-end=\"604\">Beeindruckende Druckqualit\u00e4t<\/h4>\n<ul data-start=\"605\" data-end=\"876\">\n<li data-start=\"605\" data-end=\"749\"><strong data-start=\"607\" data-end=\"634\">Fotorealistische Bilder:<\/strong> Verwendet ein breites Farbspektrum, um Bilder mit unglaublicher Detailgenauigkeit zu erstellen, perfekt f\u00fcr eine genaue Identifizierung.<\/li>\n<li data-start=\"750\" data-end=\"876\"><strong data-start=\"752\" data-end=\"774\">Gl\u00e4nzende Ergebnisse:<\/strong> Erzeugt hochaufl\u00f6sende, gl\u00e4nzende Drucke \u2013 \u00fcber die gesamte Kartenoberfl\u00e4che gedruckt f\u00fcr ein professionelles Finish.<\/li>\n<\/ul>\n<h4 data-start=\"878\" data-end=\"901\">Sicherheit im Fokus<\/h4>\n<ul data-start=\"902\" data-end=\"1113\">\n<li data-start=\"902\" data-end=\"1012\"><strong data-start=\"904\" data-end=\"938\">Benutzerdefinierte Sicherheitsfunktionen:<\/strong> M\u00f6glichkeit der Verwendung von UV-Tinte, die zus\u00e4tzlichen Schutz vor F\u00e4lschungen bietet.<\/li>\n<li data-start=\"1013\" data-end=\"1113\"><strong data-start=\"1015\" data-end=\"1032\">Option:<\/strong> Erh\u00e4ltlich als einseitiges und doppelseitiges Modell, um unterschiedlichen Sicherheitsanforderungen gerecht zu werden.<\/li>\n<\/ul>\n<h4 data-start=\"1115\" data-end=\"1150\">Garantie und Zuverl\u00e4ssigkeit<\/h4>\n<ul data-start=\"1151\" data-end=\"1261\">\n<li data-start=\"1151\" data-end=\"1261\"><strong data-start=\"1153\" data-end=\"1186\">3 Jahre UltraCoverPlus-Garantie:<\/strong> Bietet zus\u00e4tzliche Sicherheit und zeigt die hohe Zuverl\u00e4ssigkeit des Produkts.<\/li>\n<\/ul>\n<p data-start=\"1263\" data-end=\"1391\">Magicard Prima8 ist die offensichtliche Wahl f\u00fcr Unternehmen und Regierungsbeh\u00f6rden, die sicheren, hochwertigen und flexiblen Kartendruck ben\u00f6tigen.<\/p>","protected":false},"excerpt":{"rendered":"<p><strong data-start=\"23\" data-end=\"86\">Magicard Prima8 Einseitiger Kartendrucker<\/strong><br data-start=\"86\" data-end=\"89\" \/>Ein zuverl\u00e4ssiger und hochwertiger Kartendrucker, der fotorealistische Drucke mit einem breiten Farbspektrum liefert, optimiert f\u00fcr einseitige Anwendungen. Ausgestattet mit erweiterten Sicherheitsfunktionen wie UV-Tinte f\u00fcr zus\u00e4tzlichen Schutz.<\/p>","protected":false},"featured_media":143781,"template":"","meta":{"_acf_changed":false},"product_brand":[],"product_cat":[3208],"product_tag":[3174,4863,2831,3069],"class_list":{"0":"post-53734","1":"product","2":"type-product","3":"status-publish","4":"has-post-thumbnail","6":"product_cat-magicard","7":"product_tag-magicard","8":"product_tag-pf","9":"product_tag-kortprinter-retransfer","10":"product_tag-trade-produkt","11":"product_shipping_class-tunga-paket","12":"pa_brands-magicard","13":"pa_fabrikat-kortskrivare-magicard","14":"tm-no-options","16":"first","17":"outofstock","18":"sale","19":"taxable","20":"shipping-taxable","21":"purchasable","22":"product-type-simple"},"acf":[],"_links":{"self":[{"href":"https:\/\/secureus.se\/de\/wp-json\/wp\/v2\/product\/53734","targetHints":{"allow":["GET"]}}],"collection":[{"href":"https:\/\/secureus.se\/de\/wp-json\/wp\/v2\/product"}],"about":[{"href":"https:\/\/secureus.se\/de\/wp-json\/wp\/v2\/types\/product"}],"wp:featuredmedia":[{"embeddable":true,"href":"https:\/\/secureus.se\/de\/wp-json\/wp\/v2\/media\/143781"}],"wp:attachment":[{"href":"https:\/\/secureus.se\/de\/wp-json\/wp\/v2\/media?parent=53734"}],"wp:term":[{"taxonomy":"product_brand","embeddable":true,"href":"https:\/\/secureus.se\/de\/wp-json\/wp\/v2\/product_brand?post=53734"},{"taxonomy":"product_cat","embeddable":true,"href":"https:\/\/secureus.se\/de\/wp-json\/wp\/v2\/product_cat?post=53734"},{"taxonomy":"product_tag","embeddable":true,"href":"https:\/\/secureus.se\/de\/wp-json\/wp\/v2\/product_tag?post=53734"}],"curies":[{"name":"wp","href":"https:\/\/api.w.org\/{rel}","templated":true}]}}