{"id":53753,"date":"2022-06-21T16:56:16","date_gmt":"2022-06-21T14:56:16","guid":{"rendered":"https:\/\/secureus.se\/produkt\/fargo-dtc4500e-plastic-card-printer-single-sided\/"},"modified":"2026-04-08T16:44:37","modified_gmt":"2026-04-08T14:44:37","slug":"kortskrivare-fargo-dtc4500e-enkel-sidig","status":"publish","type":"product","link":"https:\/\/secureus.se\/de\/kortskrivare-fargo-dtc4500e-enkel-sidig\/","title":{"rendered":"Kartendrucker Fargo DTC4500e \u2013 Ausweisdrucker (einseitig)"},"content":{"rendered":"<p><strong>Effizienter und sicherer Ausweisdruck mit dem Fargo DTC4500e:<\/strong> Der Fargo DTC4500e ist ein vielseitiger und leistungsstarker ID-Kartendrucker, der hohe Kapazit\u00e4t und Sicherheit bietet.<\/p>\n<p>Es ist ideal f\u00fcr Organisationen, die schnell und effizient gro\u00dfe Mengen hochwertiger ID-Karten produzieren m\u00fcssen.<\/p>\n<p><strong>Funktionen und Vorteile:<\/strong><\/p>\n<ul>\n<li><strong>Hohe Kapazit\u00e4t:<\/strong> Kann bis zu 225 Farbkarten pro Stunde drucken und ist somit ideal f\u00fcr Unternehmen mit hohem Druckvolumen.<\/li>\n<li><strong>Sicherheit:<\/strong> Ausgestattet mit Sicherheitsfunktionen wie Passwortschutz und fluoreszierendem Panel-Druck zur Erh\u00f6hung der Kartensicherheit.<\/li>\n<li><strong>Kosteng\u00fcnstig:<\/strong> Verbrauchsmaterialien mit hoher Kapazit\u00e4t senken die Kosten pro Karte und steigern die Produktivit\u00e4t.<\/li>\n<li><strong>Umweltfreundlich:<\/strong> GreenCircle\u00ae-zertifiziert f\u00fcr Energieeffizienz und Verwendung von Bio-Nachf\u00fcllriegeln.<\/li>\n<\/ul>\n<p><strong>Technische Spezifikation:<\/strong><\/p>\n<ul>\n<li><strong>Druckgeschwindigkeit:<\/strong> Bis zu 225 Karten pro Stunde (Farbdruck, einseitig).<\/li>\n<li><strong>Kapazit\u00e4t:<\/strong> 200 Karten im Eingabefach und 100 Karten im Ausgabefach.<\/li>\n<li><strong>Kartentyp:<\/strong> ISO 7810-Format, CR80, ID-1-Gr\u00f6\u00dfe, kompatibel mit PVC, PET und PC-Karte.<\/li>\n<li><strong>Verbindungen:<\/strong> USB 2.0 und Ethernet.<\/li>\n<\/ul>\n<p>Der Fargo DTC4500e bietet eine robuste und zuverl\u00e4ssige L\u00f6sung f\u00fcr alle Ihre ID-Kartendruckanforderungen mit der M\u00f6glichkeit, Sicherheit und Funktionalit\u00e4t an Ihre Anforderungen anzupassen.<\/p>","protected":false},"excerpt":{"rendered":"<p>Der Fargo DTC4500e ID-Kartendrucker ist f\u00fcr den leistungsstarken, sicheren ID-Kartendruck in gro\u00dfen Mengen konzipiert.<\/p>\n<p>Es produziert hochwertige Karten f\u00fcr Mitarbeiter, Zutrittskontrolle und Mitgliedschaft mit einer dreij\u00e4hrigen Garantie.<\/p>\n<p>Der DTC4500e ist kosteng\u00fcnstig und ideal f\u00fcr mittlere bis gro\u00dfe Unternehmen, die eine zuverl\u00e4ssige L\u00f6sung zum Drucken von ID-Karten suchen.<\/p>","protected":false},"featured_media":144775,"template":"","meta":{"_acf_changed":false},"product_brand":[],"product_cat":[3206],"product_tag":[2830,3177,4863,3069],"class_list":{"0":"post-53753","1":"product","2":"type-product","3":"status-publish","4":"has-post-thumbnail","6":"product_cat-fargo","7":"product_tag-kortprinter-direct-to-card","8":"product_tag-fargo","9":"product_tag-pf","10":"product_tag-trade-produkt","11":"product_shipping_class-tunga-paket","12":"pa_brands-fargo","13":"pa_fabrikat-kortskrivare-fargo","14":"tm-no-options","16":"first","17":"instock","18":"sale","19":"taxable","20":"shipping-taxable","21":"purchasable","22":"product-type-simple"},"acf":[],"_links":{"self":[{"href":"https:\/\/secureus.se\/de\/wp-json\/wp\/v2\/product\/53753","targetHints":{"allow":["GET"]}}],"collection":[{"href":"https:\/\/secureus.se\/de\/wp-json\/wp\/v2\/product"}],"about":[{"href":"https:\/\/secureus.se\/de\/wp-json\/wp\/v2\/types\/product"}],"wp:featuredmedia":[{"embeddable":true,"href":"https:\/\/secureus.se\/de\/wp-json\/wp\/v2\/media\/144775"}],"wp:attachment":[{"href":"https:\/\/secureus.se\/de\/wp-json\/wp\/v2\/media?parent=53753"}],"wp:term":[{"taxonomy":"product_brand","embeddable":true,"href":"https:\/\/secureus.se\/de\/wp-json\/wp\/v2\/product_brand?post=53753"},{"taxonomy":"product_cat","embeddable":true,"href":"https:\/\/secureus.se\/de\/wp-json\/wp\/v2\/product_cat?post=53753"},{"taxonomy":"product_tag","embeddable":true,"href":"https:\/\/secureus.se\/de\/wp-json\/wp\/v2\/product_tag?post=53753"}],"curies":[{"name":"wp","href":"https:\/\/api.w.org\/{rel}","templated":true}]}}