{"id":53760,"date":"2022-06-21T16:55:54","date_gmt":"2022-06-21T14:55:54","guid":{"rendered":"https:\/\/secureus.se\/produkt\/magicard-600-uno-id-card-printer-single-sided\/"},"modified":"2026-03-26T10:12:14","modified_gmt":"2026-03-26T09:12:14","slug":"kortskrivare-magicard-600-uno","status":"publish","type":"product","link":"https:\/\/secureus.se\/de\/kortskrivare-magicard-600-uno\/","title":{"rendered":"Kartendrucker Magicard 600 UNO \u2013 Ausweisdrucker (einseitig)"},"content":{"rendered":"<header class=\"attribute-sleeve-header center\">\n<h4 data-start=\"467\" data-end=\"514\">Hochaufl\u00f6sender Druck und schnelle Produktion<\/h4>\n<p data-start=\"515\" data-end=\"802\">Der Magicard 600 UNO liefert hochwertige Ausdrucke mit einer Aufl\u00f6sung von 600 x 300 dpi. Mit der F\u00e4higkeit, Vollfarbkarten in weniger als 20 Sekunden zu produzieren und einer Kapazit\u00e4t von bis zu 190 Karten pro Stunde, eignet sich dieser Drucker perfekt f\u00fcr Umgebungen, in denen sowohl Geschwindigkeit als auch Genauigkeit entscheidend sind.<\/p>\n<h4 data-start=\"804\" data-end=\"841\">Erweiterte Sicherheitsfunktionen<\/h4>\n<ul data-start=\"842\" data-end=\"1065\">\n<li data-start=\"842\" data-end=\"965\"><strong data-start=\"844\" data-end=\"885\">Benutzerdefinierte Wasserzeichen und HoloKote\u00ae:<\/strong><br data-start=\"885\" data-end=\"888\" \/>Integrierte Sicherheitsfunktionen sch\u00fctzen die Karten vor F\u00e4lschung und Klonen.<\/li>\n<li data-start=\"966\" data-end=\"1065\"><strong data-start=\"968\" data-end=\"986\">Datensicherheit:<\/strong><br data-start=\"986\" data-end=\"989\" \/>Der Drucker gew\u00e4hrleistet den sicheren Umgang mit Ihren sensiblen Daten.<\/li>\n<\/ul>\n<h4 data-start=\"1067\" data-end=\"1107\">Einfache Installation und Verwendung<\/h4>\n<ul data-start=\"1108\" data-end=\"1430\">\n<li data-start=\"1108\" data-end=\"1274\"><strong data-start=\"1110\" data-end=\"1128\">Plug-and-Play:<\/strong><br data-start=\"1128\" data-end=\"1131\" \/>Der Magicard 600 UNO ist f\u00fcr eine schnelle Installation mit minimalen technischen Kenntnissen konzipiert, sodass Sie schnell mit der Produktion beginnen k\u00f6nnen.<\/li>\n<li data-start=\"1275\" data-end=\"1430\"><strong data-start=\"1277\" data-end=\"1300\">Reibungslose Integration:<\/strong><br data-start=\"1300\" data-end=\"1303\" \/>Ausgestattet mit USB, Ethernet und WLAN (\u00fcber mitgelieferten Dongle) erm\u00f6glicht der Drucker eine einfache Integration in Ihr bestehendes System.<\/li>\n<\/ul>\n<h4 data-start=\"1432\" data-end=\"1467\">Komplettl\u00f6sung mit Garantie<\/h4>\n<ul data-start=\"1468\" data-end=\"1749\">\n<li data-start=\"1468\" data-end=\"1589\"><strong data-start=\"1470\" data-end=\"1501\">EasyBadge Lite-Software:<\/strong><br data-start=\"1501\" data-end=\"1504\" \/>Wird mit kostenloser Software geliefert, die die Gestaltung und den Druck von Ausweisen vereinfacht.<\/li>\n<li data-start=\"1590\" data-end=\"1749\"><strong data-start=\"1592\" data-end=\"1626\">Dreij\u00e4hrige MagiCoverPlus-Garantie:<\/strong><br data-start=\"1626\" data-end=\"1629\" \/>Eine umfassende Garantie, die den Schutz Ihrer Investition gew\u00e4hrleistet und Ihnen im Alltagsbetrieb zus\u00e4tzliche Sicherheit bietet.<\/li>\n<\/ul>\n<p data-start=\"1751\" data-end=\"1914\" data-is-last-node=\"\">Der Magicard 600 UNO ist die perfekte L\u00f6sung f\u00fcr Unternehmen und Institutionen, die eine sichere, effiziente und qualitativ hochwertige L\u00f6sung f\u00fcr den einseitigen Ausweisdruck ben\u00f6tigen.<\/p>\n<\/header>","protected":false},"excerpt":{"rendered":"<p>Der Ausweisdrucker Magicard 600 UNO bietet hochaufl\u00f6senden Druck und schnelle Leistung und ist damit ideal f\u00fcr die einseitige Produktion sicherer Ausweise. Mit erweiterten Sicherheitsfunktionen, einschlie\u00dflich benutzerdefinierter Wasserzeichen und HoloKote\u00ae, sowie einer dreij\u00e4hrigen MagiCoverPlus-Garantie und der mitgelieferten EasyBadge Lite-Software ist es eine zuverl\u00e4ssige L\u00f6sung f\u00fcr Unternehmen, die h\u00e4ufig Mitarbeiter- und Mitgliedsausweise ausgeben.<\/p>","protected":false},"featured_media":144793,"template":"","meta":{"_acf_changed":false},"product_brand":[],"product_cat":[3208],"product_tag":[2830,3174,4863,3069],"class_list":{"0":"post-53760","1":"product","2":"type-product","3":"status-publish","4":"has-post-thumbnail","6":"product_cat-magicard","7":"product_tag-kortprinter-direct-to-card","8":"product_tag-magicard","9":"product_tag-pf","10":"product_tag-trade-produkt","11":"product_shipping_class-tunga-paket","12":"pa_brands-magicard","13":"pa_fabrikat-kortskrivare-magicard","14":"tm-no-options","16":"first","17":"instock","18":"sale","19":"taxable","20":"shipping-taxable","21":"purchasable","22":"product-type-simple"},"acf":[],"_links":{"self":[{"href":"https:\/\/secureus.se\/de\/wp-json\/wp\/v2\/product\/53760","targetHints":{"allow":["GET"]}}],"collection":[{"href":"https:\/\/secureus.se\/de\/wp-json\/wp\/v2\/product"}],"about":[{"href":"https:\/\/secureus.se\/de\/wp-json\/wp\/v2\/types\/product"}],"wp:featuredmedia":[{"embeddable":true,"href":"https:\/\/secureus.se\/de\/wp-json\/wp\/v2\/media\/144793"}],"wp:attachment":[{"href":"https:\/\/secureus.se\/de\/wp-json\/wp\/v2\/media?parent=53760"}],"wp:term":[{"taxonomy":"product_brand","embeddable":true,"href":"https:\/\/secureus.se\/de\/wp-json\/wp\/v2\/product_brand?post=53760"},{"taxonomy":"product_cat","embeddable":true,"href":"https:\/\/secureus.se\/de\/wp-json\/wp\/v2\/product_cat?post=53760"},{"taxonomy":"product_tag","embeddable":true,"href":"https:\/\/secureus.se\/de\/wp-json\/wp\/v2\/product_tag?post=53760"}],"curies":[{"name":"wp","href":"https:\/\/api.w.org\/{rel}","templated":true}]}}