{"id":53777,"date":"2022-06-21T17:54:42","date_gmt":"2022-06-21T15:54:42","guid":{"rendered":"https:\/\/secureus.se\/produkt\/magicard-600-duo-id-card-printer-dual-sided\/"},"modified":"2026-04-23T12:58:16","modified_gmt":"2026-04-23T10:58:16","slug":"kortskrivare-magicard-600-duo","status":"publish","type":"product","link":"https:\/\/secureus.se\/de\/kortskrivare-magicard-600-duo\/","title":{"rendered":"Kartendrucker Magicard 600 DUO - Ausweisdrucker (doppelseitig)"},"content":{"rendered":"<header class=\"attribute-sleeve-header center\"><\/header>\n<h3 data-section-id=\"rbaclb\" data-start=\"753\" data-end=\"842\">Magicard 600 DUO \u2013 Sicherer und hochaufl\u00f6sender Ausweisdrucker f\u00fcr den professionellen Einsatz<\/h3>\n<p data-start=\"844\" data-end=\"1207\">Der Magicard 600 DUO ist einer der fortschrittlichsten Kartendirektdrucker auf dem Markt und wurde f\u00fcr Organisationen entwickelt, die h\u00f6chste Anspr\u00fcche an Sicherheit, Leistung und Druckqualit\u00e4t stellen. Er vereint schnelle Produktion, hohe Aufl\u00f6sung und mehrfachen Datenschutz und ist damit die optimale Wahl f\u00fcr Unternehmen, Beh\u00f6rden, Schulen und Sicherheitsumgebungen.<\/p>\n<hr data-start=\"1209\" data-end=\"1212\" \/>\n<h3 data-section-id=\"2cw7l6\" data-start=\"1214\" data-end=\"1251\">Scharfe Karten mit hoher Detailgenauigkeit<\/h3>\n<p data-start=\"1253\" data-end=\"1405\">Mit einer Aufl\u00f6sung von 600 x 300 dpi (Harz) kann der Magicard 600 sehr kleine und klare Texte bis zu einer Gr\u00f6\u00dfe von ca. 5 Punkt drucken. Dadurch eignet er sich ideal f\u00fcr:<\/p>\n<ul data-start=\"1407\" data-end=\"1534\">\n<li data-section-id=\"1oyl7dz\" data-start=\"1407\" data-end=\"1441\">Personalausweis mit vielen Informationen<\/li>\n<li data-section-id=\"5bh5s9\" data-start=\"1442\" data-end=\"1486\">Karten mit Mikrotext und Sicherheitsmerkmalen<\/li>\n<li data-section-id=\"1lzosh9\" data-start=\"1487\" data-end=\"1534\">Professionelle Zugangskarten mit hoher Pr\u00e4zision<\/li>\n<\/ul>\n<p data-start=\"1536\" data-end=\"1673\">Das Ergebnis ist eine Karte mit scharfen Details, klaren Linien und hoher Lesbarkeit auch bei komplexen Layouts.<\/p>\n<hr data-start=\"1675\" data-end=\"1678\" \/>\n<h3 data-section-id=\"18lu4i3\" data-start=\"1680\" data-end=\"1725\">Doppelseitiger Druck f\u00fcr maximale Funktionalit\u00e4t<\/h3>\n<p data-start=\"1727\" data-end=\"1796\">Dieses DUO-Modell verf\u00fcgt \u00fcber eine automatische Duplexdruckfunktion und bietet Ihnen somit Folgendes:<\/p>\n<ul data-start=\"1798\" data-end=\"1920\">\n<li data-section-id=\"l5vk6r\" data-start=\"1798\" data-end=\"1829\">Mehr Platz f\u00fcr Informationen<\/li>\n<li data-section-id=\"yh27do\" data-start=\"1830\" data-end=\"1876\">M\u00f6glichkeit zur Trennung von Design und Funktion<\/li>\n<li data-section-id=\"1itnfsn\" data-start=\"1877\" data-end=\"1920\">Professionelle Karten mit klarer Struktur<\/li>\n<\/ul>\n<p data-start=\"1922\" data-end=\"2046\">Ideal geeignet beispielsweise f\u00fcr Personalausweise, bei denen die Vorderseite die Identit\u00e4t anzeigt und die R\u00fcckseite Regeln, Barcodes oder Autorisierungen enth\u00e4lt.<\/p>\n<hr data-start=\"2048\" data-end=\"2051\" \/>\n<h3 data-section-id=\"195pgvj\" data-start=\"2053\" data-end=\"2094\">Hohe Geschwindigkeit f\u00fcr effiziente Produktion<\/h3>\n<p data-start=\"2096\" data-end=\"2128\">Die Magicard 600 ist auf Geschwindigkeit ausgelegt:<\/p>\n<ul data-start=\"2130\" data-end=\"2262\">\n<li data-section-id=\"49htln\" data-start=\"2130\" data-end=\"2168\">Bis zu 190 Karten pro Stunde in Farbe<\/li>\n<li data-section-id=\"xo7jkt\" data-start=\"2169\" data-end=\"2220\">Schneller Druck in weniger als 20 Sekunden pro Karte<\/li>\n<li data-section-id=\"3ymz0y\" data-start=\"2221\" data-end=\"2262\">Stabiler Betrieb auch bei hohen Durchflussmengen<\/li>\n<\/ul>\n<p data-start=\"2264\" data-end=\"2391\">Dadurch eignet es sich ideal f\u00fcr Unternehmen, die Karten kontinuierlich oder in gr\u00f6\u00dferen Mengen produzieren.<\/p>\n<hr data-start=\"2393\" data-end=\"2396\" \/>\n<h3 data-section-id=\"1m7zz6t\" data-start=\"2398\" data-end=\"2433\">Hochsichere Technologie \u2013 wirklich<\/h3>\n<p data-start=\"2435\" data-end=\"2501\">Hierin liegt die St\u00e4rke des Magicard 600 im Vergleich zu einfacheren Druckern.<\/p>\n<h4 data-start=\"2503\" data-end=\"2529\">Integrierter Datenschutz<\/h4>\n<ul data-start=\"2530\" data-end=\"2649\">\n<li data-section-id=\"1wwna9j\" data-start=\"2530\" data-end=\"2597\"><strong data-start=\"2532\" data-end=\"2553\">Digitale Aktenvernichtung<\/strong> L\u00f6scht sensible Daten nach jedem Druckvorgang<\/li>\n<li data-section-id=\"1gfn1kc\" data-start=\"2598\" data-end=\"2649\">Verhindert, dass der Drucker pers\u00f6nliche Daten speichert.<\/li>\n<\/ul>\n<h4 data-start=\"2651\" data-end=\"2683\">Sicherheitsgepr\u00fcfte Plattform<\/h4>\n<ul data-start=\"2684\" data-end=\"2818\">\n<li data-section-id=\"1jymvo1\" data-start=\"2684\" data-end=\"2763\"><strong data-start=\"2686\" data-end=\"2709\">Bedrohungs-Benchmarking<\/strong> bedeutet, dass der Drucker auf bekannte Sicherheitsbedrohungen getestet wurde.<\/li>\n<li data-section-id=\"jsmiz\" data-start=\"2764\" data-end=\"2818\">Regelm\u00e4\u00dfige Updates f\u00fcr h\u00f6chste Sicherheit<\/li>\n<\/ul>\n<h4 data-start=\"2820\" data-end=\"2845\">Sichere Daten\u00fcbertragung<\/h4>\n<ul data-start=\"2846\" data-end=\"2924\">\n<li data-section-id=\"ww1if7\" data-start=\"2846\" data-end=\"2924\"><strong data-start=\"2848\" data-end=\"2872\">Einzelzeilencodierung<\/strong> erm\u00f6glicht die sichere Verwaltung von Daten aus Rechenzentren<\/li>\n<\/ul>\n<hr data-start=\"2965\" data-end=\"2968\" \/>\n<h3 data-section-id=\"1lpgvsr\" data-start=\"2970\" data-end=\"3004\">Visuelle Sicherheit mit HoloKote\u00ae<\/h3>\n<ul data-start=\"3006\" data-end=\"3118\">\n<li data-section-id=\"134ltd2\" data-start=\"3006\" data-end=\"3045\">Jede Karte verf\u00fcgt \u00fcber ein integriertes Wasserzeichen.<\/li>\n<li data-section-id=\"1b1gbxs\" data-start=\"3046\" data-end=\"3086\">Bis zu 10 vorinstallierte Designs<\/li>\n<li data-section-id=\"9ybuao\" data-start=\"3087\" data-end=\"3118\">M\u00f6glichkeit zur Verwendung Ihres eigenen Logos<\/li>\n<\/ul>\n<p data-start=\"3120\" data-end=\"3219\">Sch\u00fctzt vor Kopien und vermittelt einen professionelleren Eindruck.<\/p>\n<hr data-start=\"3221\" data-end=\"3224\" \/>\n<h3 data-section-id=\"7tic9w\" data-start=\"3226\" data-end=\"3256\">WLAN und einfache Integration<\/h3>\n<p data-start=\"3258\" data-end=\"3297\">Der Magicard 600 ist sofort einsatzbereit:<\/p>\n<ul data-start=\"3299\" data-end=\"3398\">\n<li data-section-id=\"142d0jd\" data-start=\"3299\" data-end=\"3319\">USB und Ethernet<\/li>\n<li data-section-id=\"bpem8l\" data-start=\"3320\" data-end=\"3354\">WLAN als Standard (mit Dongle)<\/li>\n<li data-section-id=\"zyvgsx\" data-start=\"3355\" data-end=\"3398\">Einfache Installation in bestehenden Netzwerken<\/li>\n<\/ul>\n<p data-start=\"3400\" data-end=\"3507\">Sie k\u00f6nnen schnell loslegen, ohne aufwendige Installationen oder IT-Ressourcen.<\/p>\n<hr data-start=\"3509\" data-end=\"3512\" \/>\n<h3 data-section-id=\"1gnkv0m\" data-start=\"3514\" data-end=\"3560\">Marktf\u00fchrende Garantie und Betriebssicherheit<\/h3>\n<p data-start=\"3562\" data-end=\"3652\">Der Magicard 600 wird geliefert mit <strong data-start=\"3589\" data-end=\"3607\">Magic Cover Plus<\/strong>, was eine der besten Garantien auf dem Markt ist:<\/p>\n<ul data-start=\"3654\" data-end=\"3769\">\n<li data-section-id=\"l98imx\" data-start=\"3654\" data-end=\"3671\">3 Jahre Garantie<\/li>\n<li data-section-id=\"67xrhw\" data-start=\"3672\" data-end=\"3704\">Druckkopf inklusive \u2013 ohne Aufwand<\/li>\n<li data-section-id=\"1yujaa5\" data-start=\"3705\" data-end=\"3742\">Drucker im laufenden Betrieb\/Leihdrucker bei Bedarf<\/li>\n<li data-section-id=\"2tjo3t\" data-start=\"3743\" data-end=\"3769\">Globaler technischer Support<\/li>\n<\/ul>\n<p data-start=\"3812\" data-end=\"3943\">Die Inanspruchnahme der Garantie setzt die Verwendung von Original-Verbrauchsmaterialien und regelm\u00e4\u00dfige Wartung voraus.<\/p>\n<hr data-start=\"3945\" data-end=\"3948\" \/>\n<h3 data-section-id=\"9sdkbe\" data-start=\"3950\" data-end=\"3977\">Flexible Kartenproduktion<\/h3>\n<p data-start=\"3979\" data-end=\"4004\">Unterst\u00fctzung f\u00fcr mehrere Kartentypen:<\/p>\n<ul data-start=\"4006\" data-end=\"4121\">\n<li data-section-id=\"17e25u1\" data-start=\"4006\" data-end=\"4024\">CR80 Plastikkarte<\/li>\n<li data-section-id=\"m77ese\" data-start=\"4025\" data-end=\"4039\">Magnetkarte<\/li>\n<li data-section-id=\"187qey3\" data-start=\"4040\" data-end=\"4079\">Smartcard \/ RFID-Karte (MIFARE, DESFire, iClass - Wir haben die meisten davon in unserem Sortiment)<\/li>\n<li data-section-id=\"1fozm27\" data-start=\"4080\" data-end=\"4121\">Karte mit Chip oder Codierung (optional)<\/li>\n<\/ul>\n<p data-start=\"4123\" data-end=\"4189\">Kartenst\u00e4rke: 0,51 \u2013 1,02 mm<\/p>\n<hr data-start=\"4191\" data-end=\"4194\" \/>\n<h3 data-section-id=\"2s7fqp\" data-start=\"4196\" data-end=\"4237\">Technische Spezifikationen (in K\u00fcrze)<\/h3>\n<ul data-start=\"4239\" data-end=\"4516\">\n<li data-section-id=\"gpnub3\" data-start=\"4239\" data-end=\"4267\">Modell: Magicard 600 DUO<\/li>\n<li data-section-id=\"gdekxs\" data-start=\"4268\" data-end=\"4302\">Artikelnummer: P-MAG-3652-5021<\/li>\n<li data-section-id=\"1vn1bje\" data-start=\"4303\" data-end=\"4328\">Druck: Beidseitig<\/li>\n<li data-section-id=\"5e1idc\" data-start=\"4329\" data-end=\"4358\">Aufl\u00f6sung: 600 x 300 dpi<\/li>\n<li data-section-id=\"17nzkcu\" data-start=\"4359\" data-end=\"4397\">Geschwindigkeit: bis zu 190 Karten\/Stunde<\/li>\n<li data-section-id=\"6qlhy1\" data-start=\"4398\" data-end=\"4427\">Kapazit\u00e4t: 100 Einlass \/ 70 Auslass<\/li>\n<li data-section-id=\"16s8c15\" data-start=\"4428\" data-end=\"4463\">Anschl\u00fcsse: USB, Ethernet, WLAN<\/li>\n<li data-section-id=\"183q6gj\" data-start=\"4464\" data-end=\"4483\">Gewicht: ca. 4,7 kg<\/li>\n<li data-section-id=\"269k5\" data-start=\"4484\" data-end=\"4516\">Garantie: 3 Jahre MagiCover Plus<\/li>\n<\/ul>\n<hr data-start=\"4518\" data-end=\"4521\" \/>\n<h3 data-section-id=\"rpfyu3\" data-start=\"4523\" data-end=\"4543\">Wichtig zu wissen<\/h3>\n<ul data-start=\"4545\" data-end=\"4695\">\n<li data-section-id=\"ddg5am\" data-start=\"4545\" data-end=\"4566\">Band nicht im Lieferumfang enthalten \u2013 separat erh\u00e4ltlich.<\/li>\n<li data-section-id=\"1qloq4v\" data-start=\"4567\" data-end=\"4633\">F\u00fcr optimale Ergebnisse werden originale Magicard-Verbrauchsmaterialien empfohlen.<\/li>\n<li data-section-id=\"1dwctm2\" data-start=\"4634\" data-end=\"4695\">Regelm\u00e4\u00dfige Reinigung ist f\u00fcr optimalen Betrieb und Garantie erforderlich.<\/li>\n<\/ul>\n<hr data-start=\"4697\" data-end=\"4700\" \/>\n<h3 data-section-id=\"ethgyn\" data-start=\"4702\" data-end=\"4717\">Perfekt f\u00fcr<\/h3>\n<ul data-start=\"4719\" data-end=\"4891\">\n<li data-section-id=\"xat3aq\" data-start=\"4719\" data-end=\"4747\">Unternehmen mit Zutrittskontrollsystemen<\/li>\n<li data-section-id=\"ei9hza\" data-start=\"4748\" data-end=\"4774\">Schulen und Universit\u00e4ten<\/li>\n<li data-section-id=\"cali8m\" data-start=\"4775\" data-end=\"4820\">Beh\u00f6rden und sicherheitsklassifizierte Umgebungen<\/li>\n<li data-section-id=\"uv9a7s\" data-start=\"4821\" data-end=\"4845\">Mitglieds- und Ausweiskarten<\/li>\n<li data-section-id=\"1lhyh42\" data-start=\"4846\" data-end=\"4891\">Veranstaltungen und Organisationen mit hohen Sicherheitsanforderungen<\/li>\n<\/ul>\n<hr data-start=\"4893\" data-end=\"4896\" \/>\n<h2 data-section-id=\"ikim3p\" data-start=\"4898\" data-end=\"4960\"><span role=\"text\"><strong data-start=\"4901\" data-end=\"4960\">Was macht dieses Modell eigentlich besser als g\u00fcnstigere Modelle?<\/strong><\/span><\/h2>\n<ul data-start=\"4962\" data-end=\"5137\">\n<li data-section-id=\"mdi6vq\" data-start=\"4962\" data-end=\"5003\">Echte Datensicherheit (nicht nur Drucksicherheit)<\/li>\n<li data-section-id=\"y4bto1\" data-start=\"5004\" data-end=\"5046\">600 dpi f\u00fcr kleine Texte und Ausweisdetails<\/li>\n<li data-section-id=\"nbw9w3\" data-start=\"5047\" data-end=\"5068\">WLAN ist standardm\u00e4\u00dfig enthalten<\/li>\n<li data-section-id=\"1x4dets\" data-start=\"5069\" data-end=\"5104\">MagiCover Plus mit Leihdrucker<\/li>\n<li data-section-id=\"7wyiht\" data-start=\"5105\" data-end=\"5137\">F\u00fcr den Dauerbetrieb ausgelegt<\/li>\n<\/ul>","protected":false},"excerpt":{"rendered":"<p data-start=\"737\" data-end=\"1000\"><strong data-start=\"737\" data-end=\"1000\">Der Magicard 600 DUO ist ein professioneller, doppelseitiger Ausweisdrucker f\u00fcr Unternehmen und Organisationen, die hohe Sicherheit, gestochen scharfe Druckqualit\u00e4t und schnelle Kartenproduktion ben\u00f6tigen. Er eignet sich perfekt f\u00fcr Ausweise, Zutrittskarten, Mitgliedskarten und andere Plastikkarten im professionellen Umfeld.<\/strong><\/p>\n<ul data-start=\"1002\" data-end=\"1303\">\n<li data-section-id=\"n2ztkq\" data-start=\"1002\" data-end=\"1067\">Doppelseitiger Ausweisdrucker f\u00fcr die professionelle Kartenproduktion<\/li>\n<li data-section-id=\"1ptcvh5\" data-start=\"1068\" data-end=\"1139\">Hohe Aufl\u00f6sung von 600 x 300 dpi f\u00fcr scharfen Text und klare Details<\/li>\n<li data-section-id=\"d0p5ki\" data-start=\"1140\" data-end=\"1175\">Bis zu 190 Farbkarten pro Stunde<\/li>\n<li data-section-id=\"1x9ze86\" data-start=\"1176\" data-end=\"1219\">Eingebautes HoloKote-Sicherheitswasserzeichen<\/li>\n<li data-section-id=\"1bv28rw\" data-start=\"1220\" data-end=\"1270\">WLAN, USB und Ethernet f\u00fcr flexible Konnektivit\u00e4t<\/li>\n<li data-section-id=\"1dn7irl\" data-start=\"1271\" data-end=\"1303\">4 Jahre MagiCover Plus Garantie<\/li>\n<li data-section-id=\"1dn7irl\" data-start=\"1271\" data-end=\"1303\">Software enthalten<\/li>\n<\/ul>","protected":false},"featured_media":144196,"template":"","meta":{"_acf_changed":false},"product_brand":[],"product_cat":[3208],"product_tag":[3850,3172,3174,4863,3069],"class_list":{"0":"post-53777","1":"product","2":"type-product","3":"status-publish","4":"has-post-thumbnail","6":"product_cat-magicard","7":"product_tag-bastsaljare","8":"product_tag-dubbelsidig-dual-side","9":"product_tag-magicard","10":"product_tag-pf","11":"product_tag-trade-produkt","12":"product_shipping_class-tunga-paket","13":"pa_brands-magicard","14":"pa_fabrikat-kortskrivare-magicard","15":"tm-no-options","17":"first","18":"instock","19":"sale","20":"taxable","21":"shipping-taxable","22":"purchasable","23":"product-type-simple"},"acf":[],"_links":{"self":[{"href":"https:\/\/secureus.se\/de\/wp-json\/wp\/v2\/product\/53777","targetHints":{"allow":["GET"]}}],"collection":[{"href":"https:\/\/secureus.se\/de\/wp-json\/wp\/v2\/product"}],"about":[{"href":"https:\/\/secureus.se\/de\/wp-json\/wp\/v2\/types\/product"}],"wp:featuredmedia":[{"embeddable":true,"href":"https:\/\/secureus.se\/de\/wp-json\/wp\/v2\/media\/144196"}],"wp:attachment":[{"href":"https:\/\/secureus.se\/de\/wp-json\/wp\/v2\/media?parent=53777"}],"wp:term":[{"taxonomy":"product_brand","embeddable":true,"href":"https:\/\/secureus.se\/de\/wp-json\/wp\/v2\/product_brand?post=53777"},{"taxonomy":"product_cat","embeddable":true,"href":"https:\/\/secureus.se\/de\/wp-json\/wp\/v2\/product_cat?post=53777"},{"taxonomy":"product_tag","embeddable":true,"href":"https:\/\/secureus.se\/de\/wp-json\/wp\/v2\/product_tag?post=53777"}],"curies":[{"name":"wp","href":"https:\/\/api.w.org\/{rel}","templated":true}]}}