{"id":54409,"date":"2022-06-17T11:55:49","date_gmt":"2022-06-17T09:55:49","guid":{"rendered":"https:\/\/secureus.se\/produkt\/halslag-ovalt-hal-art-nr-66391-0000\/"},"modified":"2025-12-31T20:03:06","modified_gmt":"2025-12-31T19:03:06","slug":"halslag-ovalt-hal-art-nr-66391-0000","status":"publish","type":"product","link":"https:\/\/secureus.se\/de\/halslag-ovalt-hal-art-nr-66391-0000\/","title":{"rendered":"Locher, ovales Loch Art.-Nr"},"content":{"rendered":"","protected":false},"excerpt":{"rendered":"<p>Tischversion mit Anleitung<br \/>\nLochgr\u00f6\u00dfe: 14\u00d73 mm<\/p>","protected":false},"featured_media":144037,"template":"","meta":{"_acf_changed":false},"product_brand":[],"product_cat":[1693],"product_tag":[2960],"class_list":{"0":"post-54409","1":"product","2":"type-product","3":"status-publish","4":"has-post-thumbnail","6":"product_cat-halslag","7":"product_tag-cardkeep-supplier","8":"product_shipping_class-tunga-paket","9":"pa_brands-cardkeep","10":"tm-no-options","12":"first","13":"instock","14":"sale","15":"taxable","16":"shipping-taxable","17":"purchasable","18":"product-type-simple"},"acf":[],"_links":{"self":[{"href":"https:\/\/secureus.se\/de\/wp-json\/wp\/v2\/product\/54409","targetHints":{"allow":["GET"]}}],"collection":[{"href":"https:\/\/secureus.se\/de\/wp-json\/wp\/v2\/product"}],"about":[{"href":"https:\/\/secureus.se\/de\/wp-json\/wp\/v2\/types\/product"}],"wp:featuredmedia":[{"embeddable":true,"href":"https:\/\/secureus.se\/de\/wp-json\/wp\/v2\/media\/144037"}],"wp:attachment":[{"href":"https:\/\/secureus.se\/de\/wp-json\/wp\/v2\/media?parent=54409"}],"wp:term":[{"taxonomy":"product_brand","embeddable":true,"href":"https:\/\/secureus.se\/de\/wp-json\/wp\/v2\/product_brand?post=54409"},{"taxonomy":"product_cat","embeddable":true,"href":"https:\/\/secureus.se\/de\/wp-json\/wp\/v2\/product_cat?post=54409"},{"taxonomy":"product_tag","embeddable":true,"href":"https:\/\/secureus.se\/de\/wp-json\/wp\/v2\/product_tag?post=54409"}],"curies":[{"name":"wp","href":"https:\/\/api.w.org\/{rel}","templated":true}]}}