{"id":54437,"date":"2022-06-04T15:31:56","date_gmt":"2022-06-04T13:31:56","guid":{"rendered":"https:\/\/secureus.se\/produkt\/plastkort-med-rfid-mifare4k\/"},"modified":"2026-03-25T22:25:47","modified_gmt":"2026-03-25T21:25:47","slug":"passerkort-rfid-kort-med-rfid-mifare4k","status":"publish","type":"product","link":"https:\/\/secureus.se\/de\/passerkort-rfid-kort-med-rfid-mifare4k\/","title":{"rendered":"Zugangskarte \/ RFID-Karte MIFARE4k Classic\u00ae \u2013 Premium"},"content":{"rendered":"<p>Wie alle unsere RFID-Produkte sind auch unsere Passerkort-\/RFID-Karten mit hochwertigen Original-Chips ausgestattet. Wir legen Wert auf Zuverl\u00e4ssigkeit und Sicherheit und verwenden ausschlie\u00dflich Originalchips anerkannter Hersteller. Mit unseren Passerkort-\/RFID-Karten k\u00f6nnen Sie sicher sein, dass Sie ein Produkt erhalten, das den h\u00f6chsten Standards entspricht und eine zuverl\u00e4ssige und effiziente Leistung erbringt. Wir sind stets bestrebt, Ihnen die beste Technologie und Kompatibilit\u00e4t zu bieten, um sicherzustellen, dass unsere Passerkort-\/RFID-Karten sicher funktionieren und Ihre Bed\u00fcrfnisse langfristig erf\u00fcllen.<\/p>\n<p>Zugangskarten\/RFID-Karten im Standardformat CR80 k\u00f6nnen f\u00fcr verschiedene Zwecke verwendet werden, darunter Zugangssystem, Besuchersystem, W\u00e4schereibuchung, Alarm und Sicherheit.<br \/>\nBei unseren Passerkort-\/RFID-Karten k\u00f6nnen Sie ein Design Ihrer Wahl und die M\u00f6glichkeit des Korrekturlesens w\u00e4hlen, bis Sie zufrieden sind.<br \/>\nWir legen Wert auf Zuverl\u00e4ssigkeit und Sicherheit, weshalb wir ausschlie\u00dflich Originalchips namhafter Hersteller verwenden.<\/p>\n<p>Zus\u00e4tzlich zu dem Standardchip, den Sie im Gesch\u00e4ft sehen, verf\u00fcgen wir auch \u00fcber eine Reihe von Chips, die in die RFID-Karten eingebaut werden k\u00f6nnen. Dies gilt auch f\u00fcr alle unsere anderen RFID-Tr\u00e4ger.<\/p>\n<p>Wir bieten Flexibilit\u00e4t und Anpassungsf\u00e4higkeit, wenn es um die Gestaltung unserer Passerkort-\/RFID-Karten geht. Sie k\u00f6nnen Karten erstellen, die vollst\u00e4ndig zu Ihrer Marke und Unternehmensidentit\u00e4t passen. Unser Ziel ist es, Passerkort-\/RFID-Karten von h\u00f6chster Qualit\u00e4t zu liefern, die nicht nur funktional sind, sondern auch Ihr Unternehmen auf professionelle Weise repr\u00e4sentieren.<\/p>\n<p>Unsere Passerkort-\/RFID-Karten werden mit Pr\u00e4zision und Sorgfalt hergestellt, um ihre Haltbarkeit und Zuverl\u00e4ssigkeit zu gew\u00e4hrleisten. Wir wissen, dass Sicherheit bei der RFID-Technologie von gr\u00f6\u00dfter Bedeutung ist, und ergreifen alle notwendigen Ma\u00dfnahmen, um Ihre Karten vor unbefugtem Zugriff und Datenschutzverletzungen zu sch\u00fctzen.<\/p>\n<p>Wir bieten Flexibilit\u00e4t und Anpassungsf\u00e4higkeit, wenn es um die Gestaltung unserer Passerkort-\/RFID-Karten geht. Sie k\u00f6nnen Karten erstellen, die vollst\u00e4ndig zu Ihrer Marke und Unternehmensidentit\u00e4t passen. Unser Ziel ist es, Passerkort-\/RFID-Karten von h\u00f6chster Qualit\u00e4t zu liefern, die nicht nur funktional sind, sondern auch Ihr Unternehmen auf professionelle Weise repr\u00e4sentieren.<\/p>\n<p>Unsere Passerkort-\/RFID-Karten werden mit Pr\u00e4zision und Sorgfalt hergestellt, um ihre Haltbarkeit und Zuverl\u00e4ssigkeit zu gew\u00e4hrleisten. Wir wissen, dass Sicherheit bei der RFID-Technologie von gr\u00f6\u00dfter Bedeutung ist, und ergreifen alle notwendigen Ma\u00dfnahmen, um Ihre Karten vor unbefugtem Zugriff und Datenschutzverletzungen zu sch\u00fctzen.<\/p>\n<p>Egal ob Sie Passerkort \/ RFID-Karte f\u00fcr ein kleines Projekt oder f\u00fcr ein gr\u00f6\u00dferes Unternehmen ben\u00f6tigen.<\/p>\n<p>Wir helfen Ihnen gerne dabei, die beste Passerkort-\/RFID-Kartenl\u00f6sung f\u00fcr Ihre spezifischen Bed\u00fcrfnisse und W\u00fcnsche zu finden. Kontaktieren Sie uns noch heute, um Ihre Projektideen zu besprechen und weitere Informationen zu unseren Produkten und Dienstleistungen zu erhalten. Wir freuen uns darauf, Ihr zuverl\u00e4ssiger Partner f\u00fcr Passerkort-\/RFID-Karten zu sein und qualitativ hochwertige L\u00f6sungen zu liefern, die Ihren Erwartungen entsprechen.<\/p>\n<p>Vielen Dank f\u00fcr Ihr Interesse an unseren Passerkort-\/RFID-Karten. Besuchen Sie unseren Online-Shop oder kontaktieren Sie uns, um mit Ihrer Bestellung zu beginnen oder Antworten auf Ihre Fragen zu erhalten. Wir sind hier, um Ihnen den bestm\u00f6glichen Service zu bieten und Passerkort-\/RFID-Karten von h\u00f6chster Qualit\u00e4t zu liefern, die Ihren spezifischen Anforderungen entsprechen.<\/p>","protected":false},"excerpt":{"rendered":"<p>Dieses Produkt verf\u00fcgt \u00fcber einen zertifizierten Chip von NXP\u00ae, einem globalen Technologieunternehmen mit Hauptsitz in Holland. NXP\u00ae ist auf RFID und NFC spezialisiert und bietet eine Reihe von Produkten in den Bereichen Sicherheit, Konnektivit\u00e4t und eingebettete L\u00f6sungen<\/p>","protected":false},"featured_media":144062,"template":"","meta":{"_acf_changed":false},"product_brand":[],"product_cat":[4226,1711],"product_tag":[4146,3077,3073],"class_list":{"0":"post-54437","1":"product","2":"type-product","3":"status-publish","4":"has-post-thumbnail","6":"product_cat-rfid-kort-mifare-classic-4k","7":"product_cat-rfid-kort","8":"product_tag-nxp","9":"product_tag-rfid-desfire","10":"product_tag-rfid-mifare4k","11":"product_shipping_class-postnord-varubrev","12":"pa_brands-stonehouse-security","13":"pa_farg-vit","14":"pa_plastkort-larmsystem-aptus","15":"pa_plastkort-larmsystem-assa-arx-solid-entro","16":"pa_plastkort-larmsystem-axema","17":"pa_plastkort-larmsystem-axema-vaka","18":"pa_plastkort-larmsystem-blank-inga-nummer","19":"pa_plastkort-larmsystem-cdvi","20":"pa_plastkort-larmsystem-decimal-nummer","21":"pa_plastkort-larmsystem-estaka-siffor-valfria","22":"pa_plastkort-larmsystem-hexadecimala-nummer","23":"pa_plastkort-larmsystem-lopnummer-valfria","24":"pa_plastkort-larmsystem-paxton","25":"pa_plastkort-larmsystem-rco","26":"pa_plastkort-larmsystem-tidomat","27":"pa_plastkort-larmsystem-vanderbilt-bewator-entro-8-siffor","28":"pa_plastkort-larmsystem-vanderbilt-bewator-omnis-bewator-2010-13-siffor","29":"pa_plastkort-teknik-mifare4k","30":"tm-has-options","32":"first","33":"instock","34":"sale","35":"featured","36":"taxable","37":"shipping-taxable","38":"purchasable","39":"product-type-simple"},"acf":[],"_links":{"self":[{"href":"https:\/\/secureus.se\/de\/wp-json\/wp\/v2\/product\/54437","targetHints":{"allow":["GET"]}}],"collection":[{"href":"https:\/\/secureus.se\/de\/wp-json\/wp\/v2\/product"}],"about":[{"href":"https:\/\/secureus.se\/de\/wp-json\/wp\/v2\/types\/product"}],"wp:featuredmedia":[{"embeddable":true,"href":"https:\/\/secureus.se\/de\/wp-json\/wp\/v2\/media\/144062"}],"wp:attachment":[{"href":"https:\/\/secureus.se\/de\/wp-json\/wp\/v2\/media?parent=54437"}],"wp:term":[{"taxonomy":"product_brand","embeddable":true,"href":"https:\/\/secureus.se\/de\/wp-json\/wp\/v2\/product_brand?post=54437"},{"taxonomy":"product_cat","embeddable":true,"href":"https:\/\/secureus.se\/de\/wp-json\/wp\/v2\/product_cat?post=54437"},{"taxonomy":"product_tag","embeddable":true,"href":"https:\/\/secureus.se\/de\/wp-json\/wp\/v2\/product_tag?post=54437"}],"curies":[{"name":"wp","href":"https:\/\/api.w.org\/{rel}","templated":true}]}}