{"id":54533,"date":"2022-05-25T11:58:14","date_gmt":"2022-05-25T09:58:14","guid":{"rendered":"https:\/\/secureus.se\/produkt\/bordslasare-access-em-teknik-125-khz-programmerbara-systemnummer\/"},"modified":"2026-04-07T13:12:18","modified_gmt":"2026-04-07T11:12:18","slug":"rfid-lasare-access-em-teknik-125-khz-programmerbara-systemnummer","status":"publish","type":"product","link":"https:\/\/secureus.se\/de\/rfid-lasare-access-em-teknik-125-khz-programmerbara-systemnummer\/","title":{"rendered":"RFID-Leserzugang EM \u2013 Technologie 125 kHz programmierbar"},"content":{"rendered":"<p><strong>AUFMERKSAMKEIT! Nicht kompatibel mit MAC!<br \/>\n<\/strong><strong>Die Leser sind als Einzel- oder Kombileser erh\u00e4ltlich und Sie k\u00f6nnen die Software kostenlos herunterladen, um die Leser auf jedes System Ihrer Wahl zu programmieren.<\/strong><br \/>\nSie entscheiden, auf welches System wir das Leseger\u00e4t programmieren und wir liefern es innerhalb von 1-2 Werktagen.<\/p>\n<p><em><strong>Dieses Leseger\u00e4t ist nur f\u00fcr LF geeignet und daher nicht f\u00fcr die Frequenzauswahl geeignet.<\/strong><\/em><\/p>\n<p><strong>Um zu sehen, welche Auswahl Sie bei der Software f\u00fcr Ihr System treffen m\u00fcssen, nutzen Sie unsere \u00dcbersetzungsliste, die Sie unter Downloads finden.<\/strong><\/p>\n<p><strong>Der Leser wird mit einer 2-Jahres-Garantie geliefert.<\/strong><br \/>\nStonehouse Security hat das Layout und die Software f\u00fcr alle ACCESS-Leser entwickelt, sie ist zuverl\u00e4ssig und schnell und f\u00fcr den schwedischen Markt angepasst.<br \/>\nDas Leseger\u00e4t ist an den Sicherheitsmarkt und seine Endkunden angepasst, aber auch f\u00fcr andere Anwendungen, bei denen Sie den Code auf dem elektronischen Chip in Ihrem RFID-Leseger\u00e4t lesen m\u00fcssen.<br \/>\nDer ACCESS-Tischleser nutzt eine USB-Verbindung und ist Plug-and-Play mit einem bereits codierten Leseger\u00e4t.<\/p>\n<p>Wenn Sie Hilfe bei der Programmierung ben\u00f6tigen, kontaktieren Sie uns und wir helfen Ihnen dabei kostenlos.<br \/>\nDas Leseprogramm verarbeitet: RCO, Bewator\/Vanderbilt 8 und 13 Ziffern, Axema, Axema VAKA, ASSA, Aptus, Paxton.<\/p>\n<p><strong>\ud83d\udcbe Laden Sie die Software herunter:<\/strong><br \/>\n<a href=\"https:\/\/stonehouse.se\/programvaror\/ACCESS%20-%20Version%201.exe\" rel=\"noopener\">\ud83d\udce5 Version 1.exe<\/a><br \/>\n<a href=\"https:\/\/stonehouse.se\/programvaror\/ACCESS%20-%20Version%202.exe\" rel=\"noopener\">\ud83d\udce5 Version 2.exe<\/a><br \/>\n<a href=\"http:\/\/stonehouse.se\/programvaror\/ReaderSetting_Setup_3.0.0.5.exe\" rel=\"noopener\">\ud83d\udce5 Version 3.0.0.5.exe<\/a><\/p>","protected":false},"excerpt":{"rendered":"<p><em><strong>USB-Kabel im Lieferumfang enthalten.<br \/>\nWichtig ist, dass Sie beim Einrichten des Leseger\u00e4ts wissen, welchen Chip Sie verwenden.<\/strong><\/em><\/p>","protected":false},"featured_media":163620,"template":"","meta":{"_acf_changed":false},"product_brand":[],"product_cat":[1743],"product_tag":[2405,2958],"class_list":{"0":"post-54533","1":"product","2":"type-product","3":"status-publish","4":"has-post-thumbnail","6":"product_cat-rfid-lasare","7":"product_tag-rel-rfid","8":"product_tag-stonehouse-produkt","9":"product_shipping_class-postnord-varubrev","10":"pa_access-lasare-chippets-uid-kod","11":"pa_access-lasare-em-kod-aptus","12":"pa_access-lasare-em-kod-rco","13":"pa_access-lasare-em-kod-assa-arx","14":"pa_access-lasare-em-kod-axema-10-siffror","15":"pa_access-lasare-em-kod-axema-vaka-13-siffror","16":"pa_access-lasare-em-kod-bewator-vanderbilt-13-siffror","17":"pa_access-lasare-em-kod-bewator-vanderbilt-8-siffror","18":"pa_brands-stonehouse-security","19":"tm-has-options","21":"first","22":"instock","23":"sale","24":"featured","25":"taxable","26":"shipping-taxable","27":"purchasable","28":"product-type-simple"},"acf":[],"_links":{"self":[{"href":"https:\/\/secureus.se\/de\/wp-json\/wp\/v2\/product\/54533","targetHints":{"allow":["GET"]}}],"collection":[{"href":"https:\/\/secureus.se\/de\/wp-json\/wp\/v2\/product"}],"about":[{"href":"https:\/\/secureus.se\/de\/wp-json\/wp\/v2\/types\/product"}],"wp:featuredmedia":[{"embeddable":true,"href":"https:\/\/secureus.se\/de\/wp-json\/wp\/v2\/media\/163620"}],"wp:attachment":[{"href":"https:\/\/secureus.se\/de\/wp-json\/wp\/v2\/media?parent=54533"}],"wp:term":[{"taxonomy":"product_brand","embeddable":true,"href":"https:\/\/secureus.se\/de\/wp-json\/wp\/v2\/product_brand?post=54533"},{"taxonomy":"product_cat","embeddable":true,"href":"https:\/\/secureus.se\/de\/wp-json\/wp\/v2\/product_cat?post=54533"},{"taxonomy":"product_tag","embeddable":true,"href":"https:\/\/secureus.se\/de\/wp-json\/wp\/v2\/product_tag?post=54533"}],"curies":[{"name":"wp","href":"https:\/\/api.w.org\/{rel}","templated":true}]}}