{"id":55416,"date":"2022-04-25T12:15:00","date_gmt":"2022-04-25T10:15:00","guid":{"rendered":"https:\/\/secureus.se\/produkt\/exklusiv-jojo-metall-med-ring-och-clips\/"},"modified":"2026-03-16T14:59:18","modified_gmt":"2026-03-16T13:59:18","slug":"utdragbar-nyckelring-jojo-clips-metall-krom","status":"publish","type":"product","link":"https:\/\/secureus.se\/de\/utdragbar-nyckelring-jojo-clips-metall-krom\/","title":{"rendered":"Einziehbarer Schl\u00fcsselanh\u00e4nger mit Yo-Yo und Clips aus Metall \u2013 Chrom"},"content":{"rendered":"<h4><strong>Einziehbarer Schl\u00fcsselanh\u00e4nger mit Yo-Yo und Clips aus Metall \u2013 Chrom<\/strong><\/h4>\n<p>Das ausziehbare Metall-Jojo und der Clip-Schl\u00fcsselanh\u00e4nger sind sowohl langlebig als auch stilvoll und so konzipiert, dass sie allen Ihren Bed\u00fcrfnissen gerecht werden. Das Yo-Yo ist aus Metall gefertigt und mit einem starken G\u00fcrtelclip auf der R\u00fcckseite zur sicheren und bequemen Befestigung ausgestattet. Der Schl\u00fcsselanh\u00e4nger ist an einer Kette mit einer starken Nylonschnur befestigt und eignet sich daher perfekt f\u00fcr den t\u00e4glichen Gebrauch.<\/p>\n<h4><strong>Funktionen und Vorteile<\/strong><\/h4>\n<ul>\n<li><strong>Nachhaltiges Design:<\/strong> Das Yo-Yo ist aus Metall gefertigt, was eine lange Haltbarkeit gew\u00e4hrleistet.<\/li>\n<li><strong>Starker G\u00fcrtelclip:<\/strong> Der stabile G\u00fcrtelclip auf der R\u00fcckseite sorgt daf\u00fcr, dass das Yo-Yo sicher am G\u00fcrtel oder in der Tasche sitzt.<\/li>\n<li><strong>Starke Kette und Nylonschnur:<\/strong> Der Schl\u00fcsselanh\u00e4nger ist f\u00fcr zus\u00e4tzliche Haltbarkeit an einer Kette mit einer strapazierf\u00e4higen Nylonschnur befestigt.<\/li>\n<li><strong>Stilvolles Chrom-Finish:<\/strong> Die elegante Chromfarbe passt sowohl zu professionellen als auch zu allt\u00e4glichen Umgebungen.<\/li>\n<li><strong>Anpassbar:<\/strong> Kann mit Ihrem Logo, entweder bedruckt oder graviert, bestellt werden.<\/li>\n<\/ul>\n<h4>Einsatzgebiete<\/h4>\n<ul>\n<li><strong>B\u00fcropersonal:<\/strong> Perfekt, um Schl\u00fcssel oder Ausweise leicht zug\u00e4nglich aufzubewahren.<\/li>\n<li><strong>Sicherheitspersonal:<\/strong> Robust genug, um Sicherheitsausr\u00fcstung oder Schl\u00fcssel zu tragen.<\/li>\n<li><strong>Veranstaltungspersonal:<\/strong> Ideal, um Ausweise oder Zugangskarten sichtbar und leicht zug\u00e4nglich aufzubewahren.<\/li>\n<li><strong>T\u00e4glicher Gebrauch:<\/strong> Eine praktische L\u00f6sung f\u00fcr alle, die schnellen und einfachen Zugriff auf ihre Schl\u00fcssel oder Karten ben\u00f6tigen.<\/li>\n<\/ul>\n<h4><strong>Individualisierungsm\u00f6glichkeiten<\/strong><\/h4>\n<ul>\n<li><strong>Logodruck:<\/strong> Kann f\u00fcr eine pers\u00f6nliche Note mit Ihrem Logo bedruckt oder graviert bestellt werden.<\/li>\n<\/ul>\n<h4><strong>Technische Spezifikation<\/strong><\/h4>\n<ul>\n<li><strong>Material:<\/strong> Metall<\/li>\n<li><strong>Spitze:<\/strong> Nylon 70 cm<\/li>\n<li><strong>Malen:<\/strong> Chrom\/Chrom<\/li>\n<li><strong>Clips:<\/strong> Starker G\u00fcrtelclip auf der R\u00fcckseite<\/li>\n<\/ul>","protected":false},"excerpt":{"rendered":"<p><strong>Ausziehbarer Schl\u00fcsselanh\u00e4nger mit Jo-Jo und Metallklammern.<\/strong> Robustes Design mit robustem G\u00fcrtelclip und starker Nylonschnur, perfekt f\u00fcr den t\u00e4glichen Gebrauch. Stilvolles Chromfinish, individuell anpassbar mit aufgedrucktem oder eingraviertem Logo. Ideal f\u00fcr B\u00fcropersonal, Sicherheitspersonal und den t\u00e4glichen Gebrauch.<\/p>","protected":false},"featured_media":145815,"template":"","meta":{"_acf_changed":false},"product_brand":[],"product_cat":[1676,2901,1324],"product_tag":[2416,2958],"class_list":{"0":"post-55416","1":"product","2":"type-product","3":"status-publish","4":"has-post-thumbnail","6":"product_cat-jojos-och-nyckelringar","7":"product_cat-jojo-yoyo-alltid-i-lager","8":"product_cat-outlet","9":"product_tag-rel-rfid-tillbehor","10":"product_tag-stonehouse-produkt","11":"product_shipping_class-postnord-varubrev","12":"pa_brands-stonehouse-security","13":"pa_farg-silver","14":"pa_rfid-tillbehor-jojo","15":"tm-no-options","17":"first","18":"instock","19":"sale","20":"featured","21":"taxable","22":"shipping-taxable","23":"purchasable","24":"product-type-simple"},"acf":[],"_links":{"self":[{"href":"https:\/\/secureus.se\/de\/wp-json\/wp\/v2\/product\/55416","targetHints":{"allow":["GET"]}}],"collection":[{"href":"https:\/\/secureus.se\/de\/wp-json\/wp\/v2\/product"}],"about":[{"href":"https:\/\/secureus.se\/de\/wp-json\/wp\/v2\/types\/product"}],"wp:featuredmedia":[{"embeddable":true,"href":"https:\/\/secureus.se\/de\/wp-json\/wp\/v2\/media\/145815"}],"wp:attachment":[{"href":"https:\/\/secureus.se\/de\/wp-json\/wp\/v2\/media?parent=55416"}],"wp:term":[{"taxonomy":"product_brand","embeddable":true,"href":"https:\/\/secureus.se\/de\/wp-json\/wp\/v2\/product_brand?post=55416"},{"taxonomy":"product_cat","embeddable":true,"href":"https:\/\/secureus.se\/de\/wp-json\/wp\/v2\/product_cat?post=55416"},{"taxonomy":"product_tag","embeddable":true,"href":"https:\/\/secureus.se\/de\/wp-json\/wp\/v2\/product_tag?post=55416"}],"curies":[{"name":"wp","href":"https:\/\/api.w.org\/{rel}","templated":true}]}}