{"id":55421,"date":"2022-04-21T10:22:00","date_gmt":"2022-04-21T08:22:00","guid":{"rendered":"https:\/\/secureus.se\/produkt\/plastkort-utan-magnetremsa-inget-chip\/"},"modified":"2026-02-16T22:01:56","modified_gmt":"2026-02-16T21:01:56","slug":"plastkort-vit-cr80","status":"publish","type":"product","link":"https:\/\/secureus.se\/de\/plastkort-vit-cr80\/","title":{"rendered":"Plastikkarte Wei\u00df CR80 Premium"},"content":{"rendered":"<h1>Plastikkarte Wei\u00df CR80<\/h1>\n<p>Willkommen in unserem Online-Shop, wo Sie hochwertige wei\u00dfe CR80-Plastikkarten f\u00fcr alle Ihre Kartenbed\u00fcrfnisse finden!<\/p>\n<p>Unsere CR80-Plastikkarten sind die perfekte L\u00f6sung f\u00fcr die Erstellung stilvoller und professioneller Visitenkarten, Visitenkarten und mehr. Mit unseren Plastikkarten k\u00f6nnen Sie ganz einfach pers\u00f6nliche Karten mit Bild und Text erstellen, die einen bleibenden Eindruck hinterlassen.<\/p>\n<p>Unsere CR80-Plastikkarten sind so konzipiert, dass sie problemlos mit Kartendruckern oder, wie sie oft genannt werden, Plastikkartendruckern funktionieren.<\/p>\n<p>Diese Kompatibilit\u00e4t macht es Ihnen leicht, Ihre eigenen benutzerdefinierten Karten direkt von Ihrem eigenen Arbeitsplatz oder B\u00fcro aus zu drucken. Egal, ob Sie professionelle Ausweise, Mitgliedskarten oder etwas anderes erstellen m\u00fcssen, unsere CR80-Plastikkarten sind die perfekte Wahl.<\/p>\n<p>Unsere aus hochwertigem Material gefertigten Plastikkarten sind langlebig und robust und stellen sicher, dass sie ihre Qualit\u00e4t und ihr Aussehen auch im Laufe der Zeit behalten.<\/p>\n<p>Die wei\u00dfe Oberfl\u00e4che der Plastikkarten bietet einen sauberen und professionellen Hintergrund f\u00fcr Ihr Design und Ihren Text, sodass Ihre Karten hervorstechen und einen bleibenden Eindruck hinterlassen.<\/p>\n<p>Ganz gleich, ob Sie ein Unternehmen oder eine Organisation leiten oder einfach nur personalisierte Karten f\u00fcr verschiedene Zwecke erstellen m\u00f6chten: Sie k\u00f6nnen sich darauf verlassen, dass unsere wei\u00dfen CR80-Plastikkarten stets \u00fcberragende Qualit\u00e4t und Leistung liefern.<\/p>\n<p>Wenn Sie einen RFID-Chip ben\u00f6tigen, ist dieser ebenfalls in unserem Shop erh\u00e4ltlich, kontaktieren Sie uns bei Fragen.<\/p>\n<p>Entdecken Sie noch heute unser Sortiment und lassen Sie Ihre kreativen Ideen auf hochwertigen Plastikkarten aus unserem Online-Shop Gestalt annehmen!<\/p>","protected":false},"excerpt":{"rendered":"<p>Unsere CR80-Plastikkarten sind von h\u00f6chster Qualit\u00e4t. Sie sind die perfekte L\u00f6sung f\u00fcr die Erstellung stilvoller und professioneller Visitenkarten, Visitenkarten und mehr.<\/p>\n<p>Mit unseren Plastikkarten k\u00f6nnen Sie ganz einfach pers\u00f6nliche Karten mit Bild und Text erstellen, die einen bleibenden Eindruck hinterlassen.<\/p>\n<p>Unsere CR80-Plastikkarten sind so konzipiert, dass sie problemlos mit Kartendruckern oder, wie sie oft genannt werden, Plastikkartendruckern funktionieren.<\/p>","protected":false},"featured_media":136040,"template":"","meta":{"_acf_changed":false},"product_brand":[],"product_cat":[1711,1653,4235],"product_tag":[3077,2958],"class_list":{"0":"post-55421","1":"product","2":"type-product","3":"status-publish","4":"has-post-thumbnail","6":"product_cat-rfid-kort","7":"product_cat-gor-dina-egna-foretagskort","8":"product_cat-plastkort-utan-chip","9":"product_tag-rfid-desfire","10":"product_tag-stonehouse-produkt","11":"product_shipping_class-postnord-varubrev","12":"pa_brands-stonehouse-security","13":"pa_chip-teknik-inget-chip","14":"pa_plastkort-teknik-kort-utan-chip-endast-plastkort-for-ex-besokskort-medlemskort","15":"tm-no-options","17":"first","18":"instock","19":"sale","20":"featured","21":"taxable","22":"shipping-taxable","23":"purchasable","24":"product-type-simple"},"acf":[],"_links":{"self":[{"href":"https:\/\/secureus.se\/de\/wp-json\/wp\/v2\/product\/55421","targetHints":{"allow":["GET"]}}],"collection":[{"href":"https:\/\/secureus.se\/de\/wp-json\/wp\/v2\/product"}],"about":[{"href":"https:\/\/secureus.se\/de\/wp-json\/wp\/v2\/types\/product"}],"wp:featuredmedia":[{"embeddable":true,"href":"https:\/\/secureus.se\/de\/wp-json\/wp\/v2\/media\/136040"}],"wp:attachment":[{"href":"https:\/\/secureus.se\/de\/wp-json\/wp\/v2\/media?parent=55421"}],"wp:term":[{"taxonomy":"product_brand","embeddable":true,"href":"https:\/\/secureus.se\/de\/wp-json\/wp\/v2\/product_brand?post=55421"},{"taxonomy":"product_cat","embeddable":true,"href":"https:\/\/secureus.se\/de\/wp-json\/wp\/v2\/product_cat?post=55421"},{"taxonomy":"product_tag","embeddable":true,"href":"https:\/\/secureus.se\/de\/wp-json\/wp\/v2\/product_tag?post=55421"}],"curies":[{"name":"wp","href":"https:\/\/api.w.org\/{rel}","templated":true}]}}