{"id":55460,"date":"2022-04-19T16:29:00","date_gmt":"2022-04-19T14:29:00","guid":{"rendered":"https:\/\/secureus.se\/produkt\/tagg-glasfiber-em4200-1k-farg-svart\/"},"modified":"2026-03-09T14:45:59","modified_gmt":"2026-03-09T13:45:59","slug":"rfid-tagg-glasfiber-em4200-1k","status":"publish","type":"product","link":"https:\/\/secureus.se\/de\/rfid-tagg-glasfiber-em4200-1k\/","title":{"rendered":"EM4200 Glasfaser HD - Vandalismusgesch\u00fctzt 1,6 mm (EM 125 kHz)"},"content":{"rendered":"<h1>EM4200 Glasfaser HD - Vandalismusgesch\u00fctzt 1,6 mm (EM 125 kHz)<\/h1>\n<p><strong>Das im Grunde unzerst\u00f6rbare Etikett.<\/strong><br \/>\nVerst\u00e4rktes Fiberglas\/Epoxidharz, absolut wasserdicht und nur 1,6 mm d\u00fcnn. Ideal f\u00fcr Gegensprechanlagen, Leseger\u00e4te im Au\u00dfenbereich, Garagentore, Lagerhallen und \u00fcberall dort, wo herk\u00f6mmliche Etiketten brechen.<\/p>\n<div style=\"background: #f4f9ff;border: 2px solid #0066cc;border-radius: 12px;padding: 20px;margin: 30px 0;text-align: center\">\n<h3 style=\"margin: 0 0 12px 0;color: #003366\">Sie sind sich nicht sicher, ob Sie EM oder Mifare haben?<\/h3>\n<p style=\"margin: 8px 0;font-size: 1.05em;color: #333\">Probieren Sie beide Techniken zu Hause f\u00fcr nur <strong>69 kr<\/strong><br \/>\nGeld zur\u00fcck bei einem Kauf von 100 oder mehr St\u00fcck.<\/p>\n<p><a style=\"display: inline-block;background: #0066cc;color: white;font-weight: bold;padding: 14px 32px;border-radius: 8px;text-decoration: none;margin: 15px 0;font-size: 1.1em\" href=\"\/de\/testtagg-em-mifare\/\" target=\"_blank\" rel=\"noopener\">Jetzt Testetikett kaufen \u2013 69 kr<br \/>\n<\/a><\/p>\n<p style=\"margin: 8px 0 0;font-size: 0.9em;color: #555\">Inklusive Liste aller g\u00e4ngigen schwedischen Systemnummern \u2219 Kostenloser Versand<\/p>\n<\/div>\n<h2>Kompatible Systeme und gebr\u00e4uchlichste EM-Pr\u00e4fixe<\/h2>\n<table style=\"width: 100%;border-collapse: collapse;font-size: 0.96em;margin: 20px 0\">\n<tbody>\n<tr style=\"background: #f5f5f5\">\n<th style=\"text-align: left;padding: 10px\">System<\/th>\n<th style=\"text-align: left;padding: 10px\">H\u00e4ufigstes Pr\u00e4fix<\/th>\n<\/tr>\n<tr>\n<td style=\"padding: 10px\">Aptus<\/td>\n<td><strong>A<\/strong> + Zahl<\/td>\n<\/tr>\n<tr style=\"background: #f9f9f9\">\n<td>ASSA ARX \/ Solid \/ Entro<\/td>\n<td><strong>S<\/strong> + Zahl<\/td>\n<\/tr>\n<tr>\n<td>Axema AWAKE<\/td>\n<td><strong>V<\/strong> + Zahl<\/td>\n<\/tr>\n<tr style=\"background: #f9f9f9\">\n<td>Axema (andere)<\/td>\n<td><strong>OHR<\/strong> + Zahl<\/td>\n<\/tr>\n<tr>\n<td>Paxton<\/td>\n<td><strong>P<\/strong> + Zahl<\/td>\n<\/tr>\n<tr style=\"background: #f9f9f9\">\n<td>RCO-Sicherheit<\/td>\n<td><strong>R<\/strong> + Zahl<\/td>\n<\/tr>\n<tr>\n<td>Timer<\/td>\n<td><strong>T<\/strong> + Zahl<\/td>\n<\/tr>\n<tr style=\"background: #f9f9f9\">\n<td>Vanderbilt\/Bewator<\/td>\n<td><strong>B<\/strong> + Zahl<\/td>\n<\/tr>\n<tr style=\"background: #f5f5f5\">\n<td>Eigenes System<\/td>\n<td>Optionale Eingabe<\/td>\n<\/tr>\n<\/tbody>\n<\/table>\n<div style=\"background: #fff3e0;border: 2px solid #ff9800;border-radius: 10px;padding: 18px;margin: 30px 0\">\n<p style=\"margin: 0;font-size: 1.05em\"><strong>M\u00f6chten Sie bestimmte Nummern oder Logos auf dem Etikett abgedruckt haben?<\/strong><br \/>\nBei Lagerware nicht m\u00f6glich \u2013 nur f\u00fcr Sonderbestellungen ab 250 St\u00fcck. Lasergravuren sind auf Fiberglas nicht m\u00f6glich.<\/p>\n<p style=\"margin: 0;font-size: 1.05em\">\u2192 Kontaktieren Sie uns unter\u00a0<a href=\"mailto:secureus@secureus.se\">secureus@secureus.se<\/a> Oder rufen Sie unter 031 70 70 201 an, um ein Angebot zu erhalten.<br \/>\n\u2192 Ben\u00f6tigen Sie nur die Systemnummer? Dann k\u00f6nnen Sie stattdessen Folgendes w\u00e4hlen: <a style=\"font-weight: bold;text-decoration: underline\" href=\"\/de\/rfid-tagg-glasfiber-hd-em4200-std-nr\/\">Fiberglas HD mit vorgedruckten Nummern hier<\/a><\/p>\n<\/div>\n<h2>Warum Profis Fiberglas HD w\u00e4hlen<\/h2>\n<ul>\n<li>Absolut vandalensicher und wasserdicht<\/li>\n<li>Nur <strong>1,6 mm<\/strong> d\u00fcnn \u2013 das flexibelste Extremetikett<\/li>\n<li>Verst\u00e4rktes Glasfaser\/Epoxidharz \u2013 h\u00e4lt jahrzehntelang<\/li>\n<li>Originalchip von EM Microelectronic<\/li>\n<\/ul>\n<h2>Technische Spezifikation<\/h2>\n<table style=\"width: 100%;border-collapse: collapse;margin: 20px 0\">\n<tbody>\n<tr>\n<td><strong>Chip<\/strong><\/td>\n<td>EM4200 Original<\/td>\n<\/tr>\n<tr>\n<td><strong>Frequenz<\/strong><\/td>\n<td>125 kHz<\/td>\n<\/tr>\n<tr>\n<td><strong>Material<\/strong><\/td>\n<td>Verst\u00e4rktes Glasfaser\/Epoxidharz<\/td>\n<\/tr>\n<tr>\n<td><strong>Dicke<\/strong><\/td>\n<td>1,6 mm<\/td>\n<\/tr>\n<tr>\n<td><strong>Eigenschaften<\/strong><\/td>\n<td>Wasserdicht \u2219 Vandalensicher \u2219 UV-best\u00e4ndig<\/td>\n<\/tr>\n<tr>\n<td><strong>Gravur<\/strong><\/td>\n<td>Nicht m\u00f6glich \u2013 w\u00e4hlen Sie die Variante mit aufgedruckten Nummern oder fordern Sie ein Angebot an.<\/td>\n<\/tr>\n<tr>\n<td><strong>Farben<\/strong><\/td>\n<td>Schwarz (Standard)<\/td>\n<\/tr>\n<\/tbody>\n<\/table>\n<h2>Lieferung<\/h2>\n<ul>\n<li>1\u20133 Werktage \u2219 Kostenloser Versand ab 1000 SEK<\/li>\n<\/ul>","protected":false},"excerpt":{"rendered":"<p><strong>EM4200 Glasfaser HD - Vandalismusgesch\u00fctzt und wasserdicht (EM 125 kHz)<\/strong><\/p>\n<p>1,6 mm d\u00fcnn \u2219 Verst\u00e4rktes Glasfaser\/Epoxid \u2219 Original EM Mikroelektronik-Chip<br \/>\nKeine Gravur m\u00f6glich - Sie ben\u00f6tigen Zahlen? W\u00e4hlen Sie stattdessen die Variante mit vorgefertigten Zahlen<\/p>\n<p style=\"color: #d32f2f;font-size: 0.95em;margin-top: 8px\">Funkar <strong>nicht<\/strong> in Mifare-Systemen<\/p>","protected":false},"featured_media":133934,"template":"","meta":{"_acf_changed":false},"product_brand":[],"product_cat":[4783,1349],"product_tag":[2436,2958],"class_list":{"0":"post-55460","1":"product","2":"type-product","3":"status-publish","4":"has-post-thumbnail","6":"product_cat-em4200-tagg","7":"product_cat-rfid-tag-glasfiber","8":"product_tag-250-moq-hd","9":"product_tag-stonehouse-produkt","10":"product_shipping_class-postnord-varubrev","11":"pa_brands-stonehouse-security","12":"pa_chip-teknik-em4200-kompatibelt-med-4100-4102-och-4305","13":"pa_farg-svart","14":"pa_sakerhetssystem-aptus-mfd","15":"pa_sakerhetssystem-assa-arx-solid","16":"pa_sakerhetssystem-axema","17":"pa_sakerhetssystem-axema-vaka-access","18":"pa_sakerhetssystem-bewator-vanderbilt-entro-8-siffror","19":"pa_sakerhetssystem-bewator-vanderbilt-omnis-13-siffror","20":"pa_sakerhetssystem-blank-inga-nummer","21":"pa_sakerhetssystem-chipnummer-decimalt","22":"pa_sakerhetssystem-chipnummer-hexadecimalt","23":"pa_sakerhetssystem-paxton","24":"pa_sakerhetssystem-rco","25":"pa_sakerhetssystem-tidomat","26":"pa_tagg-glasfiber-tagg-glasfiber-hd","27":"tm-has-options","29":"first","30":"instock","31":"sale","32":"featured","33":"taxable","34":"shipping-taxable","35":"purchasable","36":"product-type-simple"},"acf":[],"_links":{"self":[{"href":"https:\/\/secureus.se\/de\/wp-json\/wp\/v2\/product\/55460","targetHints":{"allow":["GET"]}}],"collection":[{"href":"https:\/\/secureus.se\/de\/wp-json\/wp\/v2\/product"}],"about":[{"href":"https:\/\/secureus.se\/de\/wp-json\/wp\/v2\/types\/product"}],"wp:featuredmedia":[{"embeddable":true,"href":"https:\/\/secureus.se\/de\/wp-json\/wp\/v2\/media\/133934"}],"wp:attachment":[{"href":"https:\/\/secureus.se\/de\/wp-json\/wp\/v2\/media?parent=55460"}],"wp:term":[{"taxonomy":"product_brand","embeddable":true,"href":"https:\/\/secureus.se\/de\/wp-json\/wp\/v2\/product_brand?post=55460"},{"taxonomy":"product_cat","embeddable":true,"href":"https:\/\/secureus.se\/de\/wp-json\/wp\/v2\/product_cat?post=55460"},{"taxonomy":"product_tag","embeddable":true,"href":"https:\/\/secureus.se\/de\/wp-json\/wp\/v2\/product_tag?post=55460"}],"curies":[{"name":"wp","href":"https:\/\/api.w.org\/{rel}","templated":true}]}}