{"id":55601,"date":"2022-04-08T12:25:00","date_gmt":"2022-04-08T10:25:00","guid":{"rendered":"https:\/\/secureus.se\/produkt\/powerseries-power-supply-module-pc5200\/"},"modified":"2026-01-06T20:49:46","modified_gmt":"2026-01-06T19:49:46","slug":"dsc-power-supply-pc5200","status":"publish","type":"product","link":"https:\/\/secureus.se\/de\/dsc-power-supply-pc5200\/","title":{"rendered":"DSC-Netzteil PC5200 Relais 1A \/12V (dieses Produkt ist End Of Line)"},"content":{"rendered":"<p><strong>DSC-Netzteil PC5200<\/strong> ist eine robuste und zuverl\u00e4ssige Stromquelle, die eine konstante und stabile Spannung von 12 VDC mit einer Kapazit\u00e4t von bis zu 1 A liefert.<\/p>\n<p>Diese Netzteilplatine eignet sich perfekt f\u00fcr PowerSeries-Systeme und erm\u00f6glicht den einfachen Anschluss verschiedener Ger\u00e4te und Sicherheitsl\u00f6sungen.<\/p>\n<p>Mit separaten Sabotageeing\u00e4ngen f\u00fcr Geh\u00e4use bietet der PC5200 hohe Sicherheit und \u00dcberwachung.<\/p>\n<p>Das Ger\u00e4t ben\u00f6tigt eine eigene Notstrombatterie (7 Ah) sowie einen Transformator (17 VAC), um einen unterbrechungsfreien Betrieb zu gew\u00e4hrleisten.<\/p>\n<p>Dar\u00fcber hinaus wird die Stromversorgungsplatine vollst\u00e4ndig auf Wechselstromfehler, schwache Batterie und AUX-Fehler \u00fcberwacht, was sie zu einer zuverl\u00e4ssigen L\u00f6sung sowohl f\u00fcr gewerbliche als auch private Sicherheitssysteme macht.<\/p>\n<p>Der PC5200 l\u00e4sst sich einfach mit 4 Leitern anschlie\u00dfen und bietet vielf\u00e4ltige Installationsm\u00f6glichkeiten.<\/p>\n<p>Es ist mit allen PowerSeries-Bedienfeldern kompatibel und somit eine ideale Komponente f\u00fcr den Aufbau eines ma\u00dfgeschneiderten Sicherheitssystems, das spezifische Anforderungen erf\u00fcllt.<\/p>","protected":false},"excerpt":{"rendered":"<p>Das DSC-Netzteil PC5200 ist eine Netzteilplatine mit einem Ausgang von 12 VDC und 1 A, ideal f\u00fcr das PowerSeries-System.<\/p>","protected":false},"featured_media":145169,"template":"","meta":{"_acf_changed":false},"product_brand":[],"product_cat":[3330,1322],"product_tag":[3311,3027],"class_list":{"0":"post-55601","1":"product","2":"type-product","3":"status-publish","4":"has-post-thumbnail","6":"product_cat-powerseries-1616-1864","7":"product_cat-dsc-larm-neo-power-hybridlarm","8":"product_tag-dsc-neo-svensk-manual","9":"product_tag-power-pc1616-1864-aldre-versionen-av-neo","10":"product_shipping_class-postnord-varubrev","11":"pa_brands-4dsc","12":"pa_dsc-neo-hybridlarm-power-pc1616-1864-aldre-version-av-neo","13":"tm-has-options","15":"first","16":"outofstock","17":"sale","18":"featured","19":"taxable","20":"shipping-taxable","21":"purchasable","22":"product-type-simple"},"acf":[],"_links":{"self":[{"href":"https:\/\/secureus.se\/de\/wp-json\/wp\/v2\/product\/55601","targetHints":{"allow":["GET"]}}],"collection":[{"href":"https:\/\/secureus.se\/de\/wp-json\/wp\/v2\/product"}],"about":[{"href":"https:\/\/secureus.se\/de\/wp-json\/wp\/v2\/types\/product"}],"wp:featuredmedia":[{"embeddable":true,"href":"https:\/\/secureus.se\/de\/wp-json\/wp\/v2\/media\/145169"}],"wp:attachment":[{"href":"https:\/\/secureus.se\/de\/wp-json\/wp\/v2\/media?parent=55601"}],"wp:term":[{"taxonomy":"product_brand","embeddable":true,"href":"https:\/\/secureus.se\/de\/wp-json\/wp\/v2\/product_brand?post=55601"},{"taxonomy":"product_cat","embeddable":true,"href":"https:\/\/secureus.se\/de\/wp-json\/wp\/v2\/product_cat?post=55601"},{"taxonomy":"product_tag","embeddable":true,"href":"https:\/\/secureus.se\/de\/wp-json\/wp\/v2\/product_tag?post=55601"}],"curies":[{"name":"wp","href":"https:\/\/api.w.org\/{rel}","templated":true}]}}