{"id":55605,"date":"2022-04-08T12:18:00","date_gmt":"2022-04-08T10:18:00","guid":{"rendered":"https:\/\/secureus.se\/produkt\/powerseries-keypad-lcd5511\/"},"modified":"2026-03-17T10:32:56","modified_gmt":"2026-03-17T09:32:56","slug":"dsc-powerseries-lcd-keypad-5511s","status":"publish","type":"product","link":"https:\/\/secureus.se\/de\/dsc-powerseries-lcd-keypad-5511s\/","title":{"rendered":"DSC PowerSeries LCD-Tastatur 5511S Symbol"},"content":{"rendered":"<p><strong>DSC PowerSeries LCD-Bedienteil 5511S<\/strong> ist eine moderne und elegante kabelgebundene Tastatur, die eine benutzerfreundliche L\u00f6sung zur Steuerung Ihres Sicherheitssystems bietet.<\/p>\n<p>Es ist f\u00fcr Systeme mit bis zu 64 Abschnitten konzipiert und eignet sich daher ideal f\u00fcr private und gewerbliche Installationen.<\/p>\n<p>Die Tastatur ist mit einer \u00fcbersichtlichen Symbolanzeige inklusive Uhr ausgestattet und sorgt so f\u00fcr ein intuitives Benutzererlebnis.<\/p>\n<p>Mit vier programmierbaren Funktionstasten k\u00f6nnen Benutzer h\u00e4ufig verwendete Befehle schnell und einfach aktivieren.<\/p>\n<p>Dar\u00fcber hinaus gibt es drei \u201eDouble-Press\u201c-Notfalltasten, um in Notsituationen einen schnellen Zugriff zu gew\u00e4hrleisten.<\/p>\n<p>Das gro\u00dfe, hintergrundbeleuchtete Tastenfeld ist auch bei schlechten Lichtverh\u00e4ltnissen gut zu erkennen und zu aktivieren.<\/p>\n<p>Der LCD5511S verf\u00fcgt au\u00dferdem \u00fcber einen Ein-\/Ausgangsanschluss, der so programmiert werden kann, dass er als Zoneneingang, programmierbarer Ausgang oder als Niedertemperatursensor fungiert.<\/p>\n<p>Mit Unterst\u00fctzung f\u00fcr bis zu 8 Partitionen und einem neuen AC-Statussymbol ist diese Tastatur eine zuverl\u00e4ssige und funktionale Komponente des DSC PowerSeries-Systems.<\/p>","protected":false},"excerpt":{"rendered":"<p>Das DSC PowerSeries LCD-Tastenfeld 5511S ist ein kabelgebundenes Tastenfeld mit Symbolen und einem klaren Display, das f\u00fcr Systeme mit bis zu 64 Abschnitten konzipiert ist.<\/p>","protected":false},"featured_media":144834,"template":"","meta":{"_acf_changed":false},"product_brand":[],"product_cat":[3330,1322],"product_tag":[3311,3027],"class_list":{"0":"post-55605","1":"product","2":"type-product","3":"status-publish","4":"has-post-thumbnail","6":"product_cat-powerseries-1616-1864","7":"product_cat-dsc-larm-neo-power-hybridlarm","8":"product_tag-dsc-neo-svensk-manual","9":"product_tag-power-pc1616-1864-aldre-versionen-av-neo","10":"product_shipping_class-postnord-varubrev","11":"pa_brands-4dsc","12":"pa_dsc-neo-hybridlarm-power-pc1616-1864-aldre-version-av-neo","13":"tm-has-options","15":"first","16":"instock","17":"sale","18":"featured","19":"taxable","20":"shipping-taxable","21":"purchasable","22":"product-type-simple"},"acf":[],"_links":{"self":[{"href":"https:\/\/secureus.se\/de\/wp-json\/wp\/v2\/product\/55605","targetHints":{"allow":["GET"]}}],"collection":[{"href":"https:\/\/secureus.se\/de\/wp-json\/wp\/v2\/product"}],"about":[{"href":"https:\/\/secureus.se\/de\/wp-json\/wp\/v2\/types\/product"}],"wp:featuredmedia":[{"embeddable":true,"href":"https:\/\/secureus.se\/de\/wp-json\/wp\/v2\/media\/144834"}],"wp:attachment":[{"href":"https:\/\/secureus.se\/de\/wp-json\/wp\/v2\/media?parent=55605"}],"wp:term":[{"taxonomy":"product_brand","embeddable":true,"href":"https:\/\/secureus.se\/de\/wp-json\/wp\/v2\/product_brand?post=55605"},{"taxonomy":"product_cat","embeddable":true,"href":"https:\/\/secureus.se\/de\/wp-json\/wp\/v2\/product_cat?post=55605"},{"taxonomy":"product_tag","embeddable":true,"href":"https:\/\/secureus.se\/de\/wp-json\/wp\/v2\/product_tag?post=55605"}],"curies":[{"name":"wp","href":"https:\/\/api.w.org\/{rel}","templated":true}]}}