{"id":55936,"date":"2022-03-17T11:46:00","date_gmt":"2022-03-17T10:46:00","guid":{"rendered":"https:\/\/secureus.se\/produkt\/tagg-abs-pro-kombi-em4200-mifare-1k-svart\/"},"modified":"2026-03-31T18:48:44","modified_gmt":"2026-03-31T16:48:44","slug":"kombi-em4200-mifare1k-abs-pro-svart-2-9mm","status":"publish","type":"product","link":"https:\/\/secureus.se\/de\/kombi-em4200-mifare1k-abs-pro-svart-2-9mm\/","title":{"rendered":"Combi EM4200 + Mifare 1k ABS Pro Black \u2013 2,9 mm (Dual 125 kHz + 13,56 MHz)"},"content":{"rendered":"<h1>Combi EM4200 + Mifare 1k ABS Pro Black \u2013 2,9 mm (Dual 125 kHz + 13,56 MHz)<\/h1>\n<p><strong>Schwedens beliebtestes Kombinations-Tag \u2013 funktioniert gleichzeitig in EM- und Mifare-Systemen.<\/strong><br \/>\nZwei Original-Chips (EM4200 + Mifare Classic 1k) in einem Geh\u00e4use. Komplett unbest\u00fcckt und bereit f\u00fcr Ihre individuelle Programmierung beider Seiten sowie die Gravur Ihres Logos\/Ihrer Nummer.<\/p>\n<div style=\"background: #f4f9ff; border: 2px solid #0066cc; border-radius: 12px; padding: 20px; margin: 30px 0; text-align: center;\">\n<h3 style=\"margin: 0 0 12px 0; color: #003366;\">Sie sind sich bei EM oder Mifare unsicher?<\/h3>\n<p style=\"margin: 8px 0; font-size: 1.05em; color: #333;\">Mit diesem Etikett m\u00fcssen Sie sich nicht entscheiden \u2013 es funktioniert in beiden Formaten!<br \/>\nTesten Sie es gerne trotzdem mit unserem Testetikett \u2013 69 SEK (Geld-zur\u00fcck-Garantie bei einem Kauf von \u00fcber 100 St\u00fcck)<\/p>\n<p><a style=\"display: inline-block; background: #0066cc; color: white; font-weight: bold; padding: 14px 32px; border-radius: 8px; text-decoration: none; margin: 15px 0; font-size: 1.1em;\" href=\"\/de\/testtagg-em-mifare\/\">Testetikett kaufen \u2013 69 kr<\/a><\/p>\n<\/div>\n<h2>Arbeitet unter anderem in folgenden Bereichen:<\/h2>\n<ul>\n<li>Aptus \u2219 RCO \u2219 ASSA ARX \u2219 Axema \u2219 Vanderbilt \u2219 Bewator<\/li>\n<li>Paxton \u2219 Tidomat \u2219 Pacom \u2219 Besuchersystem \u2219 W\u00e4schereibuchung<\/li>\n<\/ul>\n<h2>Warum Profis das Kombi-Etikett w\u00e4hlen<\/h2>\n<ul>\n<li>Ein Tag \u2013 zwei Technologien (EM 125 kHz + Mifare 13,56 MHz)<\/li>\n<li>Nur <strong>2,9 mm<\/strong> d\u00fcnn \u2013 Schwedens beliebtestes Format<\/li>\n<li>Originalchip von EM Microelectronic und NXP<\/li>\n<li>V\u00f6llig leer \u2013 programmieren Sie beide Seiten genau so, wie Sie es m\u00f6chten<\/li>\n<\/ul>\n<h2>Gestalten Sie es genau so, wie Sie es m\u00f6chten<\/h2>\n<p>Klicken Sie auf \u201eProdukt anpassen\u201c und w\u00e4hlen Sie Folgendes aus:<\/p>\n<ul>\n<li>Lasergraviertes Logo \u2013 keine Mindestbestellmenge<\/li>\n<li>Eingravierte Nummern f\u00fcr die EM- und\/oder Mifare-Seite<\/li>\n<li>Farblogo + Nummer (mind. 500 St\u00fcck)<\/li>\n<li>Seriennummer oder Chip-UID f\u00fcr beide Chips<\/li>\n<li>Programmierschl\u00fcssel\/Sektoren \u2013 Kontaktieren Sie uns<\/li>\n<li>Wir k\u00f6nnen die Kacheln auch in einer vorgefertigten Excel-Datei oder einem \u00e4hnlichen Format auslesen. Kontaktieren Sie uns.<\/li>\n<\/ul>\n<p>\u2714\ufe0f Wir kontaktieren Sie immer vor Produktionsbeginn mit Korrekturabz\u00fcgen.<\/p>\n<h2>Technische Spezifikation<\/h2>\n<table style=\"width: 100%; border-collapse: collapse; margin: 20px 0;\">\n<tbody>\n<tr>\n<td><strong>Chip<\/strong><\/td>\n<td>EM4200 + Mifare Classic 1k original<\/td>\n<\/tr>\n<tr>\n<td><strong>Frequenz<\/strong><\/td>\n<td>125 kHz + 13,56 MHz (Dual)<\/td>\n<\/tr>\n<tr>\n<td><strong>Mifare-Speicher<\/strong><\/td>\n<td>1 KB (16 Sektoren)<\/td>\n<\/tr>\n<tr>\n<td><strong>Material<\/strong><\/td>\n<td>Strapazierf\u00e4higer ABS-Kunststoff<\/td>\n<\/tr>\n<tr>\n<td><strong>Dicke<\/strong><\/td>\n<td>2,9 mm<\/td>\n<\/tr>\n<tr>\n<td><strong>Farben<\/strong><\/td>\n<td>Schwarz \u2219 Wei\u00df \u2219 Blau \u2219 Rot \u2219 Gr\u00fcn \u2219 Gelb<\/td>\n<\/tr>\n<\/tbody>\n<\/table>\n<h2>Lieferung und Support<\/h2>\n<ul>\n<li>Normalerweise <strong>1\u20133 Werktage<\/strong><\/li>\n<li><strong>Kostenloser Versand<\/strong> \u00fcber 1000 SEK<\/li>\n<li>Brauchen Sie Hilfe beim Programmieren? Wir k\u00fcmmern uns darum!<\/li>\n<\/ul>","protected":false},"excerpt":{"rendered":"<p><strong>EM4200 + Mifare 1k ABS Pro Kombi - 2,9 mm<\/strong><br \/>\nZwei Originalchips (EM + Mifare Classic 1K (Original NXP)) \u2219 Vollst\u00e4ndig blank \u2219 Kundenspezifische Programmierung &amp; Gravur m\u00f6glich<br \/>\nFunktioniert gleichzeitig in EM- und Mifare-Systemen<\/p>","protected":false},"featured_media":163673,"template":"","meta":{"_acf_changed":false},"product_brand":[],"product_cat":[1340,4786,2354],"product_tag":[2074,2435,2432,4146,2405,2958,2966],"class_list":{"0":"post-55936","1":"product","2":"type-product","3":"status-publish","4":"has-post-thumbnail","6":"product_cat-rfid-tagg-abs-pro","7":"product_cat-mifare1kem4200-tagg","8":"product_cat-rfid-taggar","9":"product_tag-ej-lagerfraga","10":"product_tag-kombi-emmif-standard-blank-alpha","11":"product_tag-kombi-emmif-standard-blank-dtc","12":"product_tag-nxp","13":"product_tag-rel-rfid","14":"product_tag-stonehouse-produkt","15":"product_tag-utvalda-taggar-kombitaggar-med-dubbla-chip","16":"product_shipping_class-postnord-varubrev","17":"pa_brands-stonehouse-security","18":"pa_chip-teknik-kombi-em4200mifare1k","19":"pa_farg-svart","20":"pa_pro-larmsystem-aptus","21":"pa_pro-larmsystem-assa-abs-pro-system","22":"pa_pro-larmsystem-axema","23":"pa_pro-larmsystem-axema-vaka","24":"pa_pro-larmsystem-blank-inga-nummer","25":"pa_pro-larmsystem-cdvi","26":"pa_pro-larmsystem-decimala-nummer","27":"pa_pro-larmsystem-enstaka-siffror-valfria","28":"pa_pro-larmsystem-hexadecimal-nummer","29":"pa_pro-larmsystem-lopnummer-valfria","30":"pa_pro-larmsystem-paxton","31":"pa_pro-larmsystem-rco-abs-pro-system","32":"pa_pro-larmsystem-tidomat","33":"pa_pro-larmsystem-vanderbilt-bewator-entro-8-siffror","34":"pa_pro-larmsystem-vanderbilt-bewator-omnis-bewator-2010-13-siffror","35":"tm-has-options","37":"first","38":"instock","39":"sale","40":"featured","41":"taxable","42":"shipping-taxable","43":"purchasable","44":"product-type-simple"},"acf":[],"_links":{"self":[{"href":"https:\/\/secureus.se\/de\/wp-json\/wp\/v2\/product\/55936","targetHints":{"allow":["GET"]}}],"collection":[{"href":"https:\/\/secureus.se\/de\/wp-json\/wp\/v2\/product"}],"about":[{"href":"https:\/\/secureus.se\/de\/wp-json\/wp\/v2\/types\/product"}],"wp:featuredmedia":[{"embeddable":true,"href":"https:\/\/secureus.se\/de\/wp-json\/wp\/v2\/media\/163673"}],"wp:attachment":[{"href":"https:\/\/secureus.se\/de\/wp-json\/wp\/v2\/media?parent=55936"}],"wp:term":[{"taxonomy":"product_brand","embeddable":true,"href":"https:\/\/secureus.se\/de\/wp-json\/wp\/v2\/product_brand?post=55936"},{"taxonomy":"product_cat","embeddable":true,"href":"https:\/\/secureus.se\/de\/wp-json\/wp\/v2\/product_cat?post=55936"},{"taxonomy":"product_tag","embeddable":true,"href":"https:\/\/secureus.se\/de\/wp-json\/wp\/v2\/product_tag?post=55936"}],"curies":[{"name":"wp","href":"https:\/\/api.w.org\/{rel}","templated":true}]}}