{"id":56201,"date":"2022-03-16T14:53:00","date_gmt":"2022-03-16T13:53:00","guid":{"rendered":"https:\/\/secureus.se\/produkt\/yale-doorman-rfid-tagg-svart-aven-for-nya-l3-versionen\/"},"modified":"2026-04-07T16:11:12","modified_gmt":"2026-04-07T14:11:12","slug":"yale-doorman-tagg","status":"publish","type":"product","link":"https:\/\/secureus.se\/de\/yale-doorman-tagg\/","title":{"rendered":"Yale Doorman Tag Schwarz L3 &amp; L2 (Nicht Version L3S)"},"content":{"rendered":"<h1>Yale-Portier Tag<\/h1>\n<h3>Auch passend f\u00fcr L2 \u2013 L3, jedoch nicht f\u00fcr Version L3S.<\/h3>\n<p>Schl\u00fcsselanh\u00e4nger f\u00fcr Yale Doorman in schwarzer Farbe.<\/p>\n<p>Die Tags funktionieren in bis zu 6 Schl\u00f6ssern gleichzeitig und wenn Sie die neue L3-Version haben, gelten auch maximal 6 Schl\u00f6sser.<\/p>\n<p>Tags vereinfachen die Handhabung und erh\u00f6hen die Sicherheit Ihres Systems. Dieser Tag basiert auf den L2\/L3-Versionen und ist nur in der schwarzen Version verf\u00fcgbar.<\/p>\n<p>&nbsp;<\/p>","protected":false},"excerpt":{"rendered":"<p>Yale Doorman Tag. Auch geeignet f\u00fcr L2 \u2013 L3, jedoch nicht f\u00fcr Version L3S. Schl\u00fcsselanh\u00e4nger f\u00fcr Yale Doorman in schwarzer Farbe. Die Tags funktionieren in bis zu 6 Schl\u00f6ssern gleichzeitig und<\/p>","protected":false},"featured_media":146212,"template":"","meta":{"_acf_changed":false},"product_brand":[],"product_cat":[4818],"product_tag":[5128],"class_list":{"0":"post-56201","1":"product","2":"type-product","3":"status-publish","4":"has-post-thumbnail","6":"product_cat-yale-doorman-taggar","7":"product_tag-varumarkesspecifik-tagg","8":"product_shipping_class-postnord-varubrev","9":"pa_brands-yale","10":"tm-has-options","12":"first","13":"instock","14":"sale","15":"featured","16":"taxable","17":"shipping-taxable","18":"purchasable","19":"product-type-simple"},"acf":[],"_links":{"self":[{"href":"https:\/\/secureus.se\/de\/wp-json\/wp\/v2\/product\/56201","targetHints":{"allow":["GET"]}}],"collection":[{"href":"https:\/\/secureus.se\/de\/wp-json\/wp\/v2\/product"}],"about":[{"href":"https:\/\/secureus.se\/de\/wp-json\/wp\/v2\/types\/product"}],"wp:featuredmedia":[{"embeddable":true,"href":"https:\/\/secureus.se\/de\/wp-json\/wp\/v2\/media\/146212"}],"wp:attachment":[{"href":"https:\/\/secureus.se\/de\/wp-json\/wp\/v2\/media?parent=56201"}],"wp:term":[{"taxonomy":"product_brand","embeddable":true,"href":"https:\/\/secureus.se\/de\/wp-json\/wp\/v2\/product_brand?post=56201"},{"taxonomy":"product_cat","embeddable":true,"href":"https:\/\/secureus.se\/de\/wp-json\/wp\/v2\/product_cat?post=56201"},{"taxonomy":"product_tag","embeddable":true,"href":"https:\/\/secureus.se\/de\/wp-json\/wp\/v2\/product_tag?post=56201"}],"curies":[{"name":"wp","href":"https:\/\/api.w.org\/{rel}","templated":true}]}}