{"id":56240,"date":"2022-03-16T14:52:00","date_gmt":"2022-03-16T13:52:00","guid":{"rendered":"https:\/\/secureus.se\/produkt\/iloq-pluto-mifare1k-minidisc-transparent-17-5-mm\/"},"modified":"2025-12-31T19:58:52","modified_gmt":"2025-12-31T18:58:52","slug":"iloq-pluto-mifare1k-minidisc-transparent-17-5-mm","status":"publish","type":"product","link":"https:\/\/secureus.se\/de\/iloq-pluto-mifare1k-minidisc-transparent-17-5-mm\/","title":{"rendered":"Pluto f\u00fcr ILOQ Mifare1k \u2013 Minidisc 17,5 mm"},"content":{"rendered":"<p>Pluto MiniDisc ist ein RFID-Tag mit einfacher H\u00fclle und in mehreren Gr\u00f6\u00dfen sowie mit Mifare und EM4200 erh\u00e4ltlich.<\/p>\n<p>Die Gr\u00f6\u00dfe und Funktion dieses Anh\u00e4ngers wurde von Stonehouse entworfen.<\/p>\n<div>\n<div>\n<div data-tid=\"messageBodyContainer\">\n<div data-tid=\"messageBodyContent\">\n<div>\n<div>\n<div>\n<p>Pluto ist ein g\u00fcnstiges und gutes Produkt mit Originalchip f\u00fcr alle Anwendungen.<\/p>\n<\/div>\n<\/div>\n<\/div>\n<\/div>\n<\/div>\n<\/div>\n<\/div>\n<div>\n<div>\n<div data-tid=\"messageBodyContainer\">\n<div data-tid=\"messageBodyContent\">\n<div>\n<div>\n<div>\n<p>&nbsp;<\/p>\n<\/div>\n<\/div>\n<\/div>\n<\/div>\n<\/div>\n<\/div>\n<\/div>","protected":false},"excerpt":{"rendered":"<p>Pluto MiniDisc ist ein RFID-Tag mit einfacher H\u00fclle und in mehreren Gr\u00f6\u00dfen sowie mit Mifare und EM4200 erh\u00e4ltlich. Die Gr\u00f6\u00dfe und Funktion dieses Anh\u00e4ngers wurde von Stonehouse entworfen.<\/p>","protected":false},"featured_media":144698,"template":"","meta":{"_acf_changed":false},"product_brand":[],"product_cat":[4784,2968],"product_tag":[2149,2958],"class_list":{"0":"post-56240","1":"product","2":"type-product","3":"status-publish","4":"has-post-thumbnail","6":"product_cat-mifare1k","7":"product_cat-iloq-s50-pluto-minidisc","8":"product_tag-rfid-minidisc-10-25-mm","9":"product_tag-stonehouse-produkt","10":"product_shipping_class-postnord-varubrev","11":"pa_brands-stonehouse-security","12":"pa_rfid-ovriga-system-iloq","13":"tm-no-options","15":"first","16":"instock","17":"sale","18":"featured","19":"taxable","20":"shipping-taxable","21":"purchasable","22":"product-type-simple"},"acf":[],"_links":{"self":[{"href":"https:\/\/secureus.se\/de\/wp-json\/wp\/v2\/product\/56240","targetHints":{"allow":["GET"]}}],"collection":[{"href":"https:\/\/secureus.se\/de\/wp-json\/wp\/v2\/product"}],"about":[{"href":"https:\/\/secureus.se\/de\/wp-json\/wp\/v2\/types\/product"}],"wp:featuredmedia":[{"embeddable":true,"href":"https:\/\/secureus.se\/de\/wp-json\/wp\/v2\/media\/144698"}],"wp:attachment":[{"href":"https:\/\/secureus.se\/de\/wp-json\/wp\/v2\/media?parent=56240"}],"wp:term":[{"taxonomy":"product_brand","embeddable":true,"href":"https:\/\/secureus.se\/de\/wp-json\/wp\/v2\/product_brand?post=56240"},{"taxonomy":"product_cat","embeddable":true,"href":"https:\/\/secureus.se\/de\/wp-json\/wp\/v2\/product_cat?post=56240"},{"taxonomy":"product_tag","embeddable":true,"href":"https:\/\/secureus.se\/de\/wp-json\/wp\/v2\/product_tag?post=56240"}],"curies":[{"name":"wp","href":"https:\/\/api.w.org\/{rel}","templated":true}]}}