{"id":56504,"date":"2022-03-11T07:13:00","date_gmt":"2022-03-11T06:13:00","guid":{"rendered":"https:\/\/secureus.se\/produkt\/stonehouse-telebox-10-par-slits-slits\/"},"modified":"2025-12-31T19:54:52","modified_gmt":"2025-12-31T18:54:52","slug":"stonehouse-telebox-10-par-slits-slits","status":"publish","type":"product","link":"https:\/\/secureus.se\/de\/stonehouse-telebox-10-par-slits-slits\/","title":{"rendered":"Stonehouse Telebox 10-Paar-Slot\/Slot"},"content":{"rendered":"<p>10-paarige Telefondose mit separater Anschlussklemme f\u00fcr das Zuleitungskabel.<\/p>\n<p>Separates Anschlussterminal f\u00fcr Bildschirm.<\/p>\n<p>Slot-Verbindung rein und Slot-Verbindung raus.<\/p>\n<p>Bitte beachten Sie, dass Sie gem\u00e4\u00df den unten aufgef\u00fchrten Optionen auch Zahlen oder Ihr Logo in die Box eingravieren lassen k\u00f6nnen.<\/p>\n<p>Lieferant: Stonehouse<\/p>\n<p>Anschluss: Steckplatz\/Steckplatz<\/p>\n<p>Polpaare: 10<\/p>\n<p>Abmessungen: 133x72x50 mm<\/p>","protected":false},"excerpt":{"rendered":"<p>10 Alarm- und Fernsprechanlagenpaare zu Schwedens niedrigsten Preisen \u2013 F\u00fcr Profis von Profis<\/p>","protected":false},"featured_media":144877,"template":"","meta":{"_acf_changed":false},"product_brand":[],"product_cat":[1547],"product_tag":[2207,2989,2958],"class_list":{"0":"post-56504","1":"product","2":"type-product","3":"status-publish","4":"has-post-thumbnail","6":"product_cat-plint-larm-telebox","7":"product_tag-box-telebox-teleplint","8":"product_tag-egen-logo-ej-taggar-kort","9":"product_tag-stonehouse-produkt","10":"product_shipping_class-postnord-varubrev","11":"pa_brands-stonehouse-security","12":"tm-no-options","14":"first","15":"instock","16":"sale","17":"featured","18":"taxable","19":"shipping-taxable","20":"purchasable","21":"product-type-simple"},"acf":[],"_links":{"self":[{"href":"https:\/\/secureus.se\/de\/wp-json\/wp\/v2\/product\/56504","targetHints":{"allow":["GET"]}}],"collection":[{"href":"https:\/\/secureus.se\/de\/wp-json\/wp\/v2\/product"}],"about":[{"href":"https:\/\/secureus.se\/de\/wp-json\/wp\/v2\/types\/product"}],"wp:featuredmedia":[{"embeddable":true,"href":"https:\/\/secureus.se\/de\/wp-json\/wp\/v2\/media\/144877"}],"wp:attachment":[{"href":"https:\/\/secureus.se\/de\/wp-json\/wp\/v2\/media?parent=56504"}],"wp:term":[{"taxonomy":"product_brand","embeddable":true,"href":"https:\/\/secureus.se\/de\/wp-json\/wp\/v2\/product_brand?post=56504"},{"taxonomy":"product_cat","embeddable":true,"href":"https:\/\/secureus.se\/de\/wp-json\/wp\/v2\/product_cat?post=56504"},{"taxonomy":"product_tag","embeddable":true,"href":"https:\/\/secureus.se\/de\/wp-json\/wp\/v2\/product_tag?post=56504"}],"curies":[{"name":"wp","href":"https:\/\/api.w.org\/{rel}","templated":true}]}}