{"id":56508,"date":"2022-03-11T07:13:00","date_gmt":"2022-03-11T06:13:00","guid":{"rendered":"https:\/\/secureus.se\/produkt\/kopplingsdosa-38-skruvar-2-5-mm2-sabotage\/"},"modified":"2026-04-01T14:11:49","modified_gmt":"2026-04-01T12:11:49","slug":"kopplingsdosa-mz-3-l-38-skruvar","status":"publish","type":"product","link":"https:\/\/secureus.se\/de\/kopplingsdosa-mz-3-l-38-skruvar\/","title":{"rendered":"Anschlussdose MZ-3 L 38 Schrauben 2,5 mm2 + Sabotageschutz"},"content":{"rendered":"<h1>MZ-3 L \u2013 Anschlussdose f\u00fcr Sicherheit und Einfachheit<\/h1>\n<p>MZ-3 L von SATEL ist eine Anschlussdose, die Zuverl\u00e4ssigkeit und Benutzerfreundlichkeit vereint.<\/p>\n<p>Es ist f\u00fcr Niederspannungsinstallationen und Sicherheitssysteme konzipiert und eignet sich daher ideal sowohl f\u00fcr Wohn- als auch f\u00fcr Gewerbeimmobilien.<\/p>\n<p>Mit seinen 38 nummerierten Schraubklemmen und dem Sabotageschalter bietet es ein hohes Ma\u00df an Sicherheit und Flexibilit\u00e4t.<\/p>\n<p><strong>Merkmale, die auffallen:<\/strong><\/p>\n<ul>\n<li><strong>Sicherheit geht vor:<\/strong> Eingebauter Sabotageschalter sch\u00fctzt das System vor unbefugtem Zugriff.<\/li>\n<li><strong>Hohe Kapazit\u00e4t:<\/strong> Verarbeitet eine maximale Spannung von 24 V AC\/DC und bis zu 500 mA.<\/li>\n<li><strong>Nummerierte Terminals:<\/strong> Einfache Identifizierung der Verbindungen f\u00fcr eine reibungslosere Installation.<\/li>\n<li><strong>Robustes Design:<\/strong> Langlebige Konstruktion, die sowohl f\u00fcr Wohn- als auch f\u00fcr Gesch\u00e4ftsumgebungen geeignet ist.<\/li>\n<\/ul>\n<p><strong>Schnelle und einfache Installation<\/strong> Dank seines intuitiven Designs l\u00e4sst sich der MZ-3 L einfach installieren.<\/p>\n<p>Es ist mit nummerierten Schraubklemmen ausgestattet, die ein effizientes und schnelles Kabelmanagement erm\u00f6glichen. Dar\u00fcber hinaus vereinfacht der Sabotagekontakt die \u00dcberwachung der Sicherheit der Anlage.<\/p>\n<p><strong>Einsatzgebiete<\/strong><\/p>\n<ul>\n<li>Sicherheitsalarm- und \u00dcberwachungssystem.<\/li>\n<li>Niederspannungsinstallationen in Sprechanlagen.<\/li>\n<li>Smart Homes und andere vernetzte Ger\u00e4te.<\/li>\n<\/ul>\n<p>Mit dem MZ-3 L erhalten Sie eine zuverl\u00e4ssige L\u00f6sung, die Installationen sowohl sicher als auch effizient macht.<\/p>","protected":false},"excerpt":{"rendered":"<p><strong>MZ-3 L \u2013 Anschlussdose f\u00fcr Sicherheit und Flexibilit\u00e4t<\/strong><br \/>\nMZ-3 L ist eine zuverl\u00e4ssige Anschlussdose mit 38 nummerierten Schraubklemmen und Sabotageschalter.<\/p>\n<p>Perfekt f\u00fcr Niederspannungsinstallationen wie Sicherheitsalarme und Gegensprechanlagen.<\/p>\n<p>Einfach zu installieren und sowohl f\u00fcr den professionellen als auch privaten Gebrauch geeignet.<\/p>","protected":false},"featured_media":144652,"template":"","meta":{"_acf_changed":false},"product_brand":[],"product_cat":[1545],"product_tag":[2220,2421],"class_list":{"0":"post-56508","1":"product","2":"type-product","3":"status-publish","4":"has-post-thumbnail","6":"product_cat-kopplingsdosa-larmdosa","7":"product_tag-dosor-rekommenderade-lagt-pris","8":"product_tag-rel-installationstillbehor","9":"product_shipping_class-postnord-varubrev","10":"pa_brands-satel","11":"tm-no-options","13":"first","14":"instock","15":"sale","16":"featured","17":"taxable","18":"shipping-taxable","19":"purchasable","20":"product-type-simple"},"acf":[],"_links":{"self":[{"href":"https:\/\/secureus.se\/de\/wp-json\/wp\/v2\/product\/56508","targetHints":{"allow":["GET"]}}],"collection":[{"href":"https:\/\/secureus.se\/de\/wp-json\/wp\/v2\/product"}],"about":[{"href":"https:\/\/secureus.se\/de\/wp-json\/wp\/v2\/types\/product"}],"wp:featuredmedia":[{"embeddable":true,"href":"https:\/\/secureus.se\/de\/wp-json\/wp\/v2\/media\/144652"}],"wp:attachment":[{"href":"https:\/\/secureus.se\/de\/wp-json\/wp\/v2\/media?parent=56508"}],"wp:term":[{"taxonomy":"product_brand","embeddable":true,"href":"https:\/\/secureus.se\/de\/wp-json\/wp\/v2\/product_brand?post=56508"},{"taxonomy":"product_cat","embeddable":true,"href":"https:\/\/secureus.se\/de\/wp-json\/wp\/v2\/product_cat?post=56508"},{"taxonomy":"product_tag","embeddable":true,"href":"https:\/\/secureus.se\/de\/wp-json\/wp\/v2\/product_tag?post=56508"}],"curies":[{"name":"wp","href":"https:\/\/api.w.org\/{rel}","templated":true}]}}