{"id":56518,"date":"2022-03-11T07:13:00","date_gmt":"2022-03-11T06:13:00","guid":{"rendered":"https:\/\/secureus.se\/produkt\/oppnaknapp-touch-exklusive-silver-aluminium\/"},"modified":"2025-12-31T19:51:47","modified_gmt":"2025-12-31T18:51:47","slug":"oppnaknapp-touch-exklusive-silver-aluminium","status":"publish","type":"product","link":"https:\/\/secureus.se\/de\/oppnaknapp-touch-exklusive-silver-aluminium\/","title":{"rendered":"\u00d6ffnungsknopf Touch Exclusive Silber \u2013 Aluminium"},"content":{"rendered":"<p>Der MTT ist eines der Mini Range-Produkte.<\/p>\n<p>Diese Serie bietet einzigartige Merkmale wie das gleiche \u00e4sthetische, kompakte Geh\u00e4use-Erscheinungsbild und verschiedene Farboptionen, die f\u00fcr jede Umgebung geeignet sind.<\/p>\n<p>Der MTT Sensitive Touch Button ist ein vollst\u00e4ndig elektronisches, nicht mechanisches und ergonomisch gestaltetes Stonehouse ACCESS-Steuerger\u00e4t.<\/p>\n<p>Er kann entweder als unabh\u00e4ngiger, manuell gesteuerter Druckknopf fungieren oder alternativ an einen Controller angeschlossen werden, um den ZUGANG zum Stonehouse aus einem sicheren Bereich zu erleichtern.<\/p>","protected":false},"excerpt":{"rendered":"<p>\u00d6ffnungstaster \/ Trcy-Taster f\u00fcr Alarme, Zutrittskontrolle \u2013 Steuern Sie Ihr Schloss mit Elektronik \u2013 500.000 \u00d6ffnungen!<\/p>","protected":false},"featured_media":144686,"template":"","meta":{"_acf_changed":false},"product_brand":[],"product_cat":[4867],"product_tag":[3068,2937,2958],"class_list":{"0":"post-56518","1":"product","2":"type-product","3":"status-publish","4":"has-post-thumbnail","6":"product_cat-oppnaknappar-kategorier","7":"product_tag-oppnaknapp-beroringsfria","8":"product_tag-oppnaknappar","9":"product_tag-stonehouse-produkt","10":"product_shipping_class-postnord-varubrev","11":"pa_brands-stonehouse-security","12":"tm-no-options","14":"first","15":"instock","16":"sale","17":"featured","18":"taxable","19":"shipping-taxable","20":"purchasable","21":"product-type-simple"},"acf":[],"_links":{"self":[{"href":"https:\/\/secureus.se\/de\/wp-json\/wp\/v2\/product\/56518","targetHints":{"allow":["GET"]}}],"collection":[{"href":"https:\/\/secureus.se\/de\/wp-json\/wp\/v2\/product"}],"about":[{"href":"https:\/\/secureus.se\/de\/wp-json\/wp\/v2\/types\/product"}],"wp:featuredmedia":[{"embeddable":true,"href":"https:\/\/secureus.se\/de\/wp-json\/wp\/v2\/media\/144686"}],"wp:attachment":[{"href":"https:\/\/secureus.se\/de\/wp-json\/wp\/v2\/media?parent=56518"}],"wp:term":[{"taxonomy":"product_brand","embeddable":true,"href":"https:\/\/secureus.se\/de\/wp-json\/wp\/v2\/product_brand?post=56518"},{"taxonomy":"product_cat","embeddable":true,"href":"https:\/\/secureus.se\/de\/wp-json\/wp\/v2\/product_cat?post=56518"},{"taxonomy":"product_tag","embeddable":true,"href":"https:\/\/secureus.se\/de\/wp-json\/wp\/v2\/product_tag?post=56518"}],"curies":[{"name":"wp","href":"https:\/\/api.w.org\/{rel}","templated":true}]}}