{"id":56522,"date":"2022-03-11T07:13:00","date_gmt":"2022-03-11T06:13:00","guid":{"rendered":"https:\/\/secureus.se\/produkt\/oppnaknapp-touch-standard-smalprofil-metall\/"},"modified":"2025-12-31T20:00:22","modified_gmt":"2025-12-31T19:00:22","slug":"oppnaknapp-touch-standard-smalprofil-metall","status":"publish","type":"product","link":"https:\/\/secureus.se\/de\/oppnaknapp-touch-standard-smalprofil-metall\/","title":{"rendered":"\u00d6ffnungstaste Touch Standard - Schmales Profil Metall, IP65, 12-36V (NO\/NC\/COM)"},"content":{"rendered":"<p data-start=\"731\" data-end=\"1026\"><strong data-start=\"731\" data-end=\"780\">Offener Knopf Touch Standard \u2013 Metall mit schmalem Profil<\/strong> ist ein robuster und eleganter \u00d6ffnungsknopf, der f\u00fcr professionelle Zutrittskontrollsysteme und T\u00fcrsteuerungen entwickelt wurde.<br data-start=\"876\" data-end=\"879\" \/>Der Knopf wird durch leichte Ber\u00fchrung aktiviert und schaltet das Relais zwischen NO\/NC\/COM \u2013 ohne mechanische Teile, was eine lange Lebensdauer und hohe Betriebssicherheit gew\u00e4hrleistet.<\/p>\n<p data-start=\"1028\" data-end=\"1254\">Die eingebaute LED-Anzeige schaltet zwischen <strong data-start=\"1072\" data-end=\"1090\">rot (Standby)<\/strong> Und <strong data-start=\"1095\" data-end=\"1116\">gr\u00fcn (aktiviert)<\/strong> f\u00fcr ein klares visuelles Feedback.<br data-start=\"1145\" data-end=\"1148\" \/>Der Bau in <strong data-start=\"1165\" data-end=\"1179\">Zinklegierung<\/strong> mit <strong data-start=\"1184\" data-end=\"1209\">mit Epoxidharz gef\u00fcllte Elektronik<\/strong> Sch\u00fctzt vor Feuchtigkeit, Staub und \u00e4u\u00dferen Einfl\u00fcssen.<\/p>\n<p data-start=\"1256\" data-end=\"1484\">Dank seiner <strong data-start=\"1270\" data-end=\"1288\">Schutzart IP65<\/strong> Und <strong data-start=\"1293\" data-end=\"1316\">kompaktes, schlankes Profil<\/strong> Es kann sowohl im Innen- als auch im Au\u00dfenbereich montiert werden, selbst auf engstem Raum.<br data-start=\"1383\" data-end=\"1386\" \/>Keine Programmierung erforderlich \u2013 einfach Strom- und Relaisleitungen anschlie\u00dfen, und schon ist es einsatzbereit.<\/p>\n<hr data-start=\"1486\" data-end=\"1489\" \/>\n<h3 data-start=\"1491\" data-end=\"1526\"><strong data-start=\"1498\" data-end=\"1526\">Technische Spezifikationen<\/strong><\/h3>\n<div class=\"_tableContainer_1rjym_1\">\n<div class=\"group _tableWrapper_1rjym_13 flex w-fit flex-col-reverse\">\n<table class=\"w-fit min-w-(--thread-content-width)\" data-start=\"1527\" data-end=\"2096\">\n<thead data-start=\"1527\" data-end=\"1547\">\n<tr data-start=\"1527\" data-end=\"1547\">\n<th data-start=\"1527\" data-end=\"1538\" data-col-size=\"sm\">Eigentum<\/th>\n<th data-start=\"1538\" data-end=\"1547\" data-col-size=\"md\">Wert<\/th>\n<\/tr>\n<\/thead>\n<tbody data-start=\"1571\" data-end=\"2096\">\n<tr data-start=\"1571\" data-end=\"1608\">\n<td data-start=\"1571\" data-end=\"1577\" data-col-size=\"sm\">Typ<\/td>\n<td data-col-size=\"md\" data-start=\"1577\" data-end=\"1608\">Ber\u00fchrungsempfindlicher \u00d6ffnungsknopf<\/td>\n<\/tr>\n<tr data-start=\"1609\" data-end=\"1647\">\n<td data-start=\"1609\" data-end=\"1618\" data-col-size=\"sm\">Modell<\/td>\n<td data-col-size=\"md\" data-start=\"1618\" data-end=\"1647\">Touch Standard Schmale Profile<\/td>\n<\/tr>\n<tr data-start=\"1648\" data-end=\"1682\">\n<td data-start=\"1648\" data-end=\"1659\" data-col-size=\"sm\">Material<\/td>\n<td data-col-size=\"md\" data-start=\"1659\" data-end=\"1682\">Zinklegierung (Metall)<\/td>\n<\/tr>\n<tr data-start=\"1683\" data-end=\"1720\">\n<td data-start=\"1683\" data-end=\"1691\" data-col-size=\"sm\">Schutz<\/td>\n<td data-start=\"1691\" data-end=\"1720\" data-col-size=\"md\">Epoxidharzversiegelte Elektronik<\/td>\n<\/tr>\n<tr data-start=\"1721\" data-end=\"1746\">\n<td data-start=\"1721\" data-end=\"1732\" data-col-size=\"sm\">Stromspannung<\/td>\n<td data-start=\"1732\" data-end=\"1746\" data-col-size=\"md\">12\u201336 V Gleichstrom<\/td>\n<\/tr>\n<tr data-start=\"1747\" data-end=\"1781\">\n<td data-start=\"1747\" data-end=\"1764\" data-col-size=\"sm\">Aktuelle Kapazit\u00e4t<\/td>\n<td data-start=\"1764\" data-end=\"1781\" data-col-size=\"md\">3 A bei 36 V DC<\/td>\n<\/tr>\n<tr data-start=\"1782\" data-end=\"1812\">\n<td data-start=\"1782\" data-end=\"1795\" data-col-size=\"sm\">Relaisausgang<\/td>\n<td data-start=\"1795\" data-end=\"1812\" data-col-size=\"md\">NEIN \/ NC \/ COM<\/td>\n<\/tr>\n<tr data-start=\"1813\" data-end=\"1866\">\n<td data-start=\"1813\" data-end=\"1826\" data-col-size=\"sm\">Anzeige<\/td>\n<td data-start=\"1826\" data-end=\"1866\" data-col-size=\"md\">LED: Rot (Standby), Gr\u00fcn (aktiviert)<\/td>\n<\/tr>\n<tr data-start=\"1867\" data-end=\"1902\">\n<td data-start=\"1867\" data-end=\"1882\" data-col-size=\"sm\">IP-Schutzart<\/td>\n<td data-start=\"1882\" data-end=\"1902\" data-col-size=\"md\">IP65 (spritzwassergesch\u00fctzt)<\/td>\n<\/tr>\n<tr data-start=\"1903\" data-end=\"1941\">\n<td data-start=\"1903\" data-end=\"1915\" data-col-size=\"sm\">Leben<\/td>\n<td data-start=\"1915\" data-end=\"1941\" data-col-size=\"md\">&gt; 500.000 Aktivierungen<\/td>\n<\/tr>\n<tr data-start=\"1942\" data-end=\"1968\">\n<td data-start=\"1942\" data-end=\"1949\" data-col-size=\"sm\">Messen<\/td>\n<td data-start=\"1949\" data-end=\"1968\" data-col-size=\"md\">80 \u00d7 32 \u00d7 16 mm<\/td>\n<\/tr>\n<tr data-start=\"1969\" data-end=\"2004\">\n<td data-start=\"1969\" data-end=\"1982\" data-col-size=\"sm\">Temperatur<\/td>\n<td data-col-size=\"md\" data-start=\"1982\" data-end=\"2004\">\u201320 \u00b0C bis +55 \u00b0C<\/td>\n<\/tr>\n<tr data-start=\"2005\" data-end=\"2070\">\n<td data-start=\"2005\" data-end=\"2017\" data-col-size=\"sm\">Montage<\/td>\n<td data-col-size=\"md\" data-start=\"2017\" data-end=\"2070\">Wand- oder T\u00fcrrahmenbefestigung, einfache Montage mit Schraube<\/td>\n<\/tr>\n<tr data-start=\"2071\" data-end=\"2096\">\n<td data-start=\"2071\" data-end=\"2084\" data-col-size=\"sm\">Zertifikat<\/td>\n<td data-start=\"2084\" data-end=\"2096\" data-col-size=\"md\">CE, RoHS<\/td>\n<\/tr>\n<\/tbody>\n<\/table>\n<\/div>\n<\/div>\n<hr data-start=\"2098\" data-end=\"2101\" \/>\n<h3 data-start=\"2103\" data-end=\"2122\"><strong data-start=\"2110\" data-end=\"2122\">Vorteile<\/strong><\/h3>\n<ul data-start=\"2123\" data-end=\"2474\">\n<li data-start=\"2123\" data-end=\"2183\">\n<p data-start=\"2125\" data-end=\"2183\">Metallgeh\u00e4use (Zinklegierung) \u2013 best\u00e4ndig gegen Verschlei\u00df und Umwelteinfl\u00fcsse<\/p>\n<\/li>\n<li data-start=\"2184\" data-end=\"2233\">\n<p data-start=\"2186\" data-end=\"2233\">Schutzart IP65 und Epoxidversiegelung zum Schutz vor Feuchtigkeit<\/p>\n<\/li>\n<li data-start=\"2234\" data-end=\"2263\">\n<p data-start=\"2236\" data-end=\"2263\">Keine Programmierkenntnisse erforderlich<\/p>\n<\/li>\n<li data-start=\"2264\" data-end=\"2308\">\n<p data-start=\"2266\" data-end=\"2308\">LED-Leuchte zur visuellen R\u00fcckmeldung (rot\/gr\u00fcn)<\/p>\n<\/li>\n<li data-start=\"2309\" data-end=\"2360\">\n<p data-start=\"2311\" data-end=\"2360\">Einfache Installation \u2013 ideal f\u00fcr die Nachr\u00fcstung<\/p>\n<\/li>\n<li data-start=\"2361\" data-end=\"2421\">\n<p data-start=\"2363\" data-end=\"2421\">Das kompakte, schlanke Profil passt auch bei beengten Platzverh\u00e4ltnissen.<\/p>\n<\/li>\n<li data-start=\"2422\" data-end=\"2474\">\n<p data-start=\"2424\" data-end=\"2474\">Passend f\u00fcr alle Standardsteuerungen mit NO\/NC-Eingang<\/p>\n<\/li>\n<\/ul>\n<hr data-start=\"2476\" data-end=\"2479\" \/>\n<h3 data-start=\"2481\" data-end=\"2510\"><strong data-start=\"2488\" data-end=\"2510\">Einsatzgebiete<\/strong><\/h3>\n<ul data-start=\"2511\" data-end=\"2679\">\n<li data-start=\"2511\" data-end=\"2549\">\n<p data-start=\"2513\" data-end=\"2549\">T\u00fcr\u00f6ffnung im Zutrittskontrollsystem<\/p>\n<\/li>\n<li data-start=\"2550\" data-end=\"2589\">\n<p data-start=\"2552\" data-end=\"2589\">Tore, Tore und T\u00fcrautomatisierung<\/p>\n<\/li>\n<li data-start=\"2590\" data-end=\"2619\">\n<p data-start=\"2592\" data-end=\"2619\">Alarm- und Sicherheitssysteme<\/p>\n<\/li>\n<li data-start=\"2620\" data-end=\"2679\">\n<p data-start=\"2622\" data-end=\"2679\">Krankenh\u00e4user, B\u00fcros, Industrieanlagen, Schulen, \u00f6ffentliche Geb\u00e4ude<\/p>\n<\/li>\n<\/ul>","protected":false},"excerpt":{"rendered":"<p>Ber\u00fchrungsempfindliche \u00d6ffnungstaste aus Metall mit LED-Anzeige (rot\/gr\u00fcn).<br data-start=\"551\" data-end=\"554\" \/>IP65-zertifiziert, langlebige Konstruktion mit 500.000 Bet\u00e4tigungen.<br data-start=\"616\" data-end=\"619\" \/>Geeignet f\u00fcr T\u00fcren, Tore und Zugangskontrollsysteme - einfache Installation, 12-36 V.<\/p>","protected":false},"featured_media":159140,"template":"","meta":{"_acf_changed":false},"product_brand":[],"product_cat":[4867],"product_tag":[3068,2937,2958],"class_list":{"0":"post-56522","1":"product","2":"type-product","3":"status-publish","4":"has-post-thumbnail","6":"product_cat-oppnaknappar-kategorier","7":"product_tag-oppnaknapp-beroringsfria","8":"product_tag-oppnaknappar","9":"product_tag-stonehouse-produkt","10":"product_shipping_class-postnord-varubrev","11":"pa_brands-stonehouse-security","12":"tm-no-options","14":"first","15":"instock","16":"sale","17":"featured","18":"taxable","19":"shipping-taxable","20":"purchasable","21":"product-type-simple"},"acf":[],"_links":{"self":[{"href":"https:\/\/secureus.se\/de\/wp-json\/wp\/v2\/product\/56522","targetHints":{"allow":["GET"]}}],"collection":[{"href":"https:\/\/secureus.se\/de\/wp-json\/wp\/v2\/product"}],"about":[{"href":"https:\/\/secureus.se\/de\/wp-json\/wp\/v2\/types\/product"}],"wp:featuredmedia":[{"embeddable":true,"href":"https:\/\/secureus.se\/de\/wp-json\/wp\/v2\/media\/159140"}],"wp:attachment":[{"href":"https:\/\/secureus.se\/de\/wp-json\/wp\/v2\/media?parent=56522"}],"wp:term":[{"taxonomy":"product_brand","embeddable":true,"href":"https:\/\/secureus.se\/de\/wp-json\/wp\/v2\/product_brand?post=56522"},{"taxonomy":"product_cat","embeddable":true,"href":"https:\/\/secureus.se\/de\/wp-json\/wp\/v2\/product_cat?post=56522"},{"taxonomy":"product_tag","embeddable":true,"href":"https:\/\/secureus.se\/de\/wp-json\/wp\/v2\/product_tag?post=56522"}],"curies":[{"name":"wp","href":"https:\/\/api.w.org\/{rel}","templated":true}]}}