{"id":56525,"date":"2022-03-11T07:13:00","date_gmt":"2022-03-11T06:13:00","guid":{"rendered":"https:\/\/secureus.se\/produkt\/oppnaknapp-touch-standard-metall\/"},"modified":"2025-12-31T19:49:19","modified_gmt":"2025-12-31T18:49:19","slug":"oppnaknapp-touch-standard-metall","status":"publish","type":"product","link":"https:\/\/secureus.se\/de\/oppnaknapp-touch-standard-metall\/","title":{"rendered":"\u00d6ffnungstaste Touch Standard - Metall, 12-24V, IP65, CE\/ROHS"},"content":{"rendered":"<p data-start=\"806\" data-end=\"1128\"><strong data-start=\"806\" data-end=\"844\">Offener Knopf Touch Standard \u2013 Metall<\/strong> ist ein langlebiger und moderner \u00d6ffnungsknopf f\u00fcr Alarmanlagen, T\u00fcrsteuerungs- und Zutrittskontrollsysteme.<br data-start=\"931\" data-end=\"934\" \/>Der Knopf wird durch einfache Ber\u00fchrung aktiviert \u2013 kein mechanischer Druck ist erforderlich. Beim Bet\u00e4tigen des Knopfes schaltet das Relais mit einem deutlichen Klickger\u00e4usch und einem <strong data-start=\"1074\" data-end=\"1097\">gr\u00fcne LED-Anzeige<\/strong> Leuchtet zur visuellen Best\u00e4tigung auf.<\/p>\n<p data-start=\"1130\" data-end=\"1380\">Der Knopf ist so konstruiert, dass er rauen Umgebungsbedingungen und langfristiger Nutzung standh\u00e4lt \u2013 bis zu <strong data-start=\"1211\" data-end=\"1235\">500 000 Aktivierungen<\/strong>.<br data-start=\"1236\" data-end=\"1239\" \/>Das Geh\u00e4use besteht aus <strong data-start=\"1262\" data-end=\"1291\">Zinklegierung<\/strong> und alle internen Komponenten sind <strong data-start=\"1324\" data-end=\"1339\">mit Epoxidharz gef\u00fcllt<\/strong> um Feuchtigkeit, Staub und Abnutzung zu widerstehen.<\/p>\n<h3 data-start=\"1382\" data-end=\"1400\"><strong data-start=\"1386\" data-end=\"1400\">Eigenschaften<\/strong><\/h3>\n<ul data-start=\"1401\" data-end=\"1855\">\n<li data-start=\"1401\" data-end=\"1458\">\n<p data-start=\"1403\" data-end=\"1458\">Ber\u00fchrungsaktiviert \u2013 kein mechanischer Knopf<\/p>\n<\/li>\n<li data-start=\"1459\" data-end=\"1496\">\n<p data-start=\"1461\" data-end=\"1496\">Bis zu <strong data-start=\"1470\" data-end=\"1494\">500 000 Aktivierungen<\/strong><\/p>\n<\/li>\n<li data-start=\"1497\" data-end=\"1524\">\n<p data-start=\"1499\" data-end=\"1524\">Stromspannung: <strong data-start=\"1509\" data-end=\"1522\">12\u201324 V Gleichstrom<\/strong><\/p>\n<\/li>\n<li data-start=\"1525\" data-end=\"1562\">\n<p data-start=\"1527\" data-end=\"1562\">Relaisausgang: <strong data-start=\"1539\" data-end=\"1560\">bis zu 36 V \/ 3 A<\/strong><\/p>\n<\/li>\n<li data-start=\"1563\" data-end=\"1600\">\n<p data-start=\"1565\" data-end=\"1600\">Material: <strong data-start=\"1575\" data-end=\"1598\">Metall (Zinklegierung)<\/strong><\/p>\n<\/li>\n<li data-start=\"1601\" data-end=\"1641\">\n<p data-start=\"1603\" data-end=\"1641\"><strong data-start=\"1603\" data-end=\"1620\">Epoxidf\u00fcllung<\/strong> zum Schutz vor Feuchtigkeit<\/p>\n<\/li>\n<li data-start=\"1642\" data-end=\"1692\">\n<p data-start=\"1644\" data-end=\"1692\"><strong data-start=\"1644\" data-end=\"1660\">Schutzart IP65<\/strong> \u2013 sp\u00fclfest gegen Wassereintritt<\/p>\n<\/li>\n<li data-start=\"1693\" data-end=\"1725\">\n<p data-start=\"1695\" data-end=\"1725\"><strong data-start=\"1695\" data-end=\"1723\">CE- und RoHS-zertifiziert<\/strong><\/p>\n<\/li>\n<li data-start=\"1726\" data-end=\"1789\">\n<p data-start=\"1728\" data-end=\"1789\">Einfache Montage dank mitgelieferter Grundplatte und 1 Schraube<\/p>\n<\/li>\n<li data-start=\"1790\" data-end=\"1855\">\n<p data-start=\"1792\" data-end=\"1855\">Passend f\u00fcr die meisten T\u00fcrsteuerungssysteme, Alarmanlagen und Zutrittskontrollsysteme<\/p>\n<\/li>\n<\/ul>\n<h3 data-start=\"1857\" data-end=\"1874\"><strong data-start=\"1861\" data-end=\"1874\">Montage<\/strong><\/h3>\n<p data-start=\"1875\" data-end=\"2109\">Der Knopf l\u00e4sst sich schnell montieren, indem man die Grundplatte mit einer Schraube l\u00f6st, die Platte an der Wand befestigt und dann die Kabel anschlie\u00dft. Sobald die Dr\u00e4hte angeschlossen sind, rastet der Knopf einfach wieder ein. <strong data-start=\"2057\" data-end=\"2108\">Keine Programmierkenntnisse oder Spezialwerkzeuge erforderlich<\/strong>.<\/p>","protected":false},"excerpt":{"rendered":"<p>Robuster Metall-Ausl\u00f6seknopf f\u00fcr Alarm- und Zutrittskontrollsysteme.<br data-start=\"567\" data-end=\"570\" \/>Wird durch Ber\u00fchrung aktiviert - kein Druck erforderlich.<br data-start=\"614\" data-end=\"617\" \/>Schutzart IP65, 12-24V Betrieb, bis zu <strong data-start=\"654\" data-end=\"678\">500 000 Aktivierungen<\/strong>.<br data-start=\"679\" data-end=\"682\" \/>Hergestellt aus langlebigem <strong data-start=\"705\" data-end=\"721\">Zinklegierung<\/strong> mit Epoxidf\u00fcllung f\u00fcr maximale Feuchtigkeitsbest\u00e4ndigkeit.<\/p>","protected":false},"featured_media":159126,"template":"","meta":{"_acf_changed":false},"product_brand":[],"product_cat":[4867],"product_tag":[3068,2937,2958],"class_list":{"0":"post-56525","1":"product","2":"type-product","3":"status-publish","4":"has-post-thumbnail","6":"product_cat-oppnaknappar-kategorier","7":"product_tag-oppnaknapp-beroringsfria","8":"product_tag-oppnaknappar","9":"product_tag-stonehouse-produkt","10":"product_shipping_class-postnord-varubrev","11":"pa_brands-stonehouse-security","12":"tm-no-options","14":"first","15":"instock","16":"sale","17":"featured","18":"taxable","19":"shipping-taxable","20":"purchasable","21":"product-type-simple"},"acf":[],"_links":{"self":[{"href":"https:\/\/secureus.se\/de\/wp-json\/wp\/v2\/product\/56525","targetHints":{"allow":["GET"]}}],"collection":[{"href":"https:\/\/secureus.se\/de\/wp-json\/wp\/v2\/product"}],"about":[{"href":"https:\/\/secureus.se\/de\/wp-json\/wp\/v2\/types\/product"}],"wp:featuredmedia":[{"embeddable":true,"href":"https:\/\/secureus.se\/de\/wp-json\/wp\/v2\/media\/159126"}],"wp:attachment":[{"href":"https:\/\/secureus.se\/de\/wp-json\/wp\/v2\/media?parent=56525"}],"wp:term":[{"taxonomy":"product_brand","embeddable":true,"href":"https:\/\/secureus.se\/de\/wp-json\/wp\/v2\/product_brand?post=56525"},{"taxonomy":"product_cat","embeddable":true,"href":"https:\/\/secureus.se\/de\/wp-json\/wp\/v2\/product_cat?post=56525"},{"taxonomy":"product_tag","embeddable":true,"href":"https:\/\/secureus.se\/de\/wp-json\/wp\/v2\/product_tag?post=56525"}],"curies":[{"name":"wp","href":"https:\/\/api.w.org\/{rel}","templated":true}]}}