{"id":56529,"date":"2022-03-11T07:13:00","date_gmt":"2022-03-11T06:13:00","guid":{"rendered":"https:\/\/secureus.se\/produkt\/karmoverforing-8-mm-i-zink-metall\/"},"modified":"2025-12-31T19:49:51","modified_gmt":"2025-12-31T18:49:51","slug":"karmoverforing-8-mm-i-zink-metall","status":"publish","type":"product","link":"https:\/\/secureus.se\/de\/karmoverforing-8-mm-i-zink-metall\/","title":{"rendered":"Rahmen\u00fcbertragung 8 mm in Metall 400 mm"},"content":{"rendered":"<p>Gr\u00f6\u00dfe \u2013 400 mm x 10,3 (B) mm. Innendurchmesser 8mm<\/p>\n<p>Rahmenbewegung zur Verhinderung von Kabelsabotage.<\/p>","protected":false},"excerpt":{"rendered":"<p>Gr\u00f6\u00dfe \u2013 400 mm x 10,3 (B) mm. Innendurchmesser: 8 mm. Rahmenbewegungsf\u00fchrung zur Verhinderung von Kabelsabotage.<\/p>","protected":false},"featured_media":141094,"template":"","meta":{"_acf_changed":false},"product_brand":[],"product_cat":[1508,1546],"product_tag":[2421,2958],"class_list":{"0":"post-56529","1":"product","2":"type-product","3":"status-publish","4":"has-post-thumbnail","6":"product_cat-kabel-installation","7":"product_cat-kabeloverforing","8":"product_tag-rel-installationstillbehor","9":"product_tag-stonehouse-produkt","10":"product_shipping_class-postnord-varubrev","11":"pa_brands-stonehouse-security","12":"tm-has-options","14":"first","15":"instock","16":"sale","17":"featured","18":"taxable","19":"shipping-taxable","20":"purchasable","21":"product-type-simple"},"acf":[],"_links":{"self":[{"href":"https:\/\/secureus.se\/de\/wp-json\/wp\/v2\/product\/56529","targetHints":{"allow":["GET"]}}],"collection":[{"href":"https:\/\/secureus.se\/de\/wp-json\/wp\/v2\/product"}],"about":[{"href":"https:\/\/secureus.se\/de\/wp-json\/wp\/v2\/types\/product"}],"wp:featuredmedia":[{"embeddable":true,"href":"https:\/\/secureus.se\/de\/wp-json\/wp\/v2\/media\/141094"}],"wp:attachment":[{"href":"https:\/\/secureus.se\/de\/wp-json\/wp\/v2\/media?parent=56529"}],"wp:term":[{"taxonomy":"product_brand","embeddable":true,"href":"https:\/\/secureus.se\/de\/wp-json\/wp\/v2\/product_brand?post=56529"},{"taxonomy":"product_cat","embeddable":true,"href":"https:\/\/secureus.se\/de\/wp-json\/wp\/v2\/product_cat?post=56529"},{"taxonomy":"product_tag","embeddable":true,"href":"https:\/\/secureus.se\/de\/wp-json\/wp\/v2\/product_tag?post=56529"}],"curies":[{"name":"wp","href":"https:\/\/api.w.org\/{rel}","templated":true}]}}