{"id":56541,"date":"2022-03-11T07:13:00","date_gmt":"2022-03-11T06:13:00","guid":{"rendered":"https:\/\/secureus.se\/produkt\/kopplingsdosa-6-skruvar-2-5-mm2-sabotage\/"},"modified":"2026-04-01T14:14:18","modified_gmt":"2026-04-01T12:14:18","slug":"kopplingsdosa-mz-1-l-6-skruvar-2-5-mm2-sabotage","status":"publish","type":"product","link":"https:\/\/secureus.se\/de\/kopplingsdosa-mz-1-l-6-skruvar-2-5-mm2-sabotage\/","title":{"rendered":"Anschlussdose MZ-1-L 6 Schrauben 2,5 mm2 + Tamper"},"content":{"rendered":"<h1>Anschlussdose MZ-1-L \u2013 Sicherheit und Funktionalit\u00e4t in einem<\/h1>\n<p>Der MZ-1 L ist ein fortschrittlicher Anschlusskasten f\u00fcr Niederspannungsinstallationen wie Sicherheitsalarmsysteme und Gegensprechanlagen.<\/p>\n<p>Mit sechs nummerierten Schraubklemmen und Sabotageschaltern bietet es sowohl Sicherheit als auch Benutzerfreundlichkeit.<\/p>\n<p>Durch das kompakte Design passt der MZ-1 L perfekt in eine Vielzahl von Umgebungen, von Wohngeb\u00e4uden bis hin zu Gewerbegeb\u00e4uden.<\/p>\n<p>Dar\u00fcber hinaus ist die Box mit einer maximalen Betriebsspannung von 24 V AC\/DC und einem Strom von bis zu 500 mA kompatibel und somit ein vielseitiges Werkzeug f\u00fcr technische Installationen.<\/p>\n<h3>Vorteile:<\/h3>\n<ul>\n<li><strong>Hohe Sicherheit:<\/strong> Ausgestattet mit einem Sabotageschalter, der bei unbefugtem Zugriff einen Alarm ausl\u00f6st.<\/li>\n<li><strong>Nummerierte Terminals:<\/strong> Zur schnellen und einfachen Identifizierung von Zusammenh\u00e4ngen.<\/li>\n<li><strong>Vielseitigkeit:<\/strong> Kann sowohl in Sicherheits- als auch in Niederspannungsinstallationen verwendet werden.<\/li>\n<\/ul>\n<h3>Spezifikationen:<\/h3>\n<ul>\n<li><strong>Verbindungen:<\/strong> 6 Schraubklemmen (bis 2,5 mm\u00b2)<\/li>\n<li><strong>Betriebsspannung:<\/strong> 24 V AC\/DC<\/li>\n<li><strong>Aktuell:<\/strong> Maximal 500 mA<\/li>\n<li><strong>Gr\u00f6\u00dfe:<\/strong> 89 x 28 x 30 mm<\/li>\n<li><strong>Manipulationsschutz:<\/strong> Ja<\/li>\n<\/ul>\n<p>Der MZ-1 L ist die offensichtliche Wahl f\u00fcr alle, die eine zuverl\u00e4ssige und sichere Kupplungsl\u00f6sung suchen.<\/p>\n<p>Perfekt f\u00fcr alles von Alarmanlagen bis hin zu technischen Netzwerken.<\/p>","protected":false},"excerpt":{"rendered":"<p><strong>Anschlussdose MZ-1-L \u2013 Sicher und effizient <\/strong><\/p>\n<p>MZ-1-L ist eine kompakte und zuverl\u00e4ssige Anschlussdose mit 6 Schraubklemmen f\u00fcr Niederspannungsinstallationen.<\/p>\n<p>Mit Sabotageschaltern und einfacher Installation ist es eine ideale Wahl f\u00fcr Sicherheitsalarmsysteme und andere Anwendungen.<\/p>","protected":false},"featured_media":145004,"template":"","meta":{"_acf_changed":false},"product_brand":[],"product_cat":[1545],"product_tag":[2220,2417,2421],"class_list":{"0":"post-56541","1":"product","2":"type-product","3":"status-publish","4":"has-post-thumbnail","6":"product_cat-kopplingsdosa-larmdosa","7":"product_tag-dosor-rekommenderade-lagt-pris","8":"product_tag-rel-abloy-ellas","9":"product_tag-rel-installationstillbehor","10":"product_shipping_class-postnord-varubrev","11":"pa_brands-satel","12":"tm-no-options","14":"first","15":"instock","16":"sale","17":"featured","18":"taxable","19":"shipping-taxable","20":"purchasable","21":"product-type-simple"},"acf":[],"_links":{"self":[{"href":"https:\/\/secureus.se\/de\/wp-json\/wp\/v2\/product\/56541","targetHints":{"allow":["GET"]}}],"collection":[{"href":"https:\/\/secureus.se\/de\/wp-json\/wp\/v2\/product"}],"about":[{"href":"https:\/\/secureus.se\/de\/wp-json\/wp\/v2\/types\/product"}],"wp:featuredmedia":[{"embeddable":true,"href":"https:\/\/secureus.se\/de\/wp-json\/wp\/v2\/media\/145004"}],"wp:attachment":[{"href":"https:\/\/secureus.se\/de\/wp-json\/wp\/v2\/media?parent=56541"}],"wp:term":[{"taxonomy":"product_brand","embeddable":true,"href":"https:\/\/secureus.se\/de\/wp-json\/wp\/v2\/product_brand?post=56541"},{"taxonomy":"product_cat","embeddable":true,"href":"https:\/\/secureus.se\/de\/wp-json\/wp\/v2\/product_cat?post=56541"},{"taxonomy":"product_tag","embeddable":true,"href":"https:\/\/secureus.se\/de\/wp-json\/wp\/v2\/product_tag?post=56541"}],"curies":[{"name":"wp","href":"https:\/\/api.w.org\/{rel}","templated":true}]}}