{"id":56554,"date":"2022-03-11T07:13:00","date_gmt":"2022-03-11T06:13:00","guid":{"rendered":"https:\/\/secureus.se\/produkt\/sd-6000-utomhussiren-120-db-blixt-grade-2\/"},"modified":"2026-01-03T15:37:58","modified_gmt":"2026-01-03T14:37:58","slug":"sd-6000r-utomhussiren-120-db","status":"publish","type":"product","link":"https:\/\/secureus.se\/de\/sd-6000r-utomhussiren-120-db\/","title":{"rendered":"SD 6000R Au\u00dfensirene 120 dB + Blitz \u2013 Klasse 2"},"content":{"rendered":"<h1>SATEL SD-6000R Au\u00dfensirene mit Blitzlicht und anpassbaren Funktionen<\/h1>\n<p>Die SATEL SD-6000R ist eine vielseitige und leistungsstarke Au\u00dfensirene, die leistungsstarke akustische Signalisierung mit blinkenden LED-Leuchten kombiniert. Mit einer Lautst\u00e4rke von bis zu 120 dB und einer optischen Signalisierung sorgt es daf\u00fcr, dass Alarme nie \u00fcbersehen werden.<\/p>\n<p><strong>Merkmale, die auffallen:<\/strong><\/p>\n<ul>\n<li><strong>Flexible Einstellungen:<\/strong> Passen Sie die Alarmdauer und -lautst\u00e4rke an Ihre spezifischen Bed\u00fcrfnisse an.<\/li>\n<li><strong>Hohe Sicherheit:<\/strong> Der Manipulationsschutz f\u00fcr Deckel und Wandhalterung sch\u00fctzt das Ger\u00e4t vor unerw\u00fcnschter Manipulation.<\/li>\n<li><strong>Zuverl\u00e4ssige Leistung:<\/strong> H\u00e4lt extremen Temperaturen von -25 \u00b0C bis +70 \u00b0C stand und eignet sich daher perfekt f\u00fcr nordische Bedingungen.<\/li>\n<li><strong>Batterie-Backup:<\/strong> M\u00f6glichkeit zum Hinzuf\u00fcgen einer 12 V \/ 2,3 Ah-Batterie f\u00fcr den Dauerbetrieb bei Stromausfall.<\/li>\n<\/ul>\n<p>Der SD-6000R eignet sich gleicherma\u00dfen f\u00fcr Privath\u00e4user und Gewerbegeb\u00e4ude und ist mit den meisten Sicherheitssystemen kompatibel. Mit seinem robusten Polycarbonatgeh\u00e4use und dem verzinkten Innenschutz bietet es sowohl eine lange Lebensdauer als auch eine lange Lebensdauer.<\/p>\n<p><strong>Warum sollten Sie sich f\u00fcr SATEL SD-6000R entscheiden?<\/strong><\/p>\n<ul>\n<li>Zuverl\u00e4ssigkeit: Un\u00fcbersehbare Lautst\u00e4rke und Lichtsignale.<\/li>\n<li>Benutzerfreundlichkeit: Einfache Installation und anpassbare Einstellungen.<\/li>\n<li>Flexibilit\u00e4t: Kann mit verschiedenen Arten von Zentraleinheiten und Sicherheitssystemen verwendet werden.<\/li>\n<\/ul>\n<p>Mit dem SD-6000R stellen Sie sicher, dass Ihr Eigentum immer gut gesch\u00fctzt ist, unabh\u00e4ngig von Wetter- und Umgebungsbedingungen.<\/p>","protected":false},"excerpt":{"rendered":"<p>Die SATEL SD-6000R ist eine leistungsstarke Au\u00dfensirene mit 120 dB Lautst\u00e4rke und programmierbarem Blitzlicht.<\/p>\n<p>Mit seinem robusten Geh\u00e4use und Manipulationsschutz ist es ideal f\u00fcr alle Sicherheitssysteme.<\/p>\n<p>Passen Sie Ton, Licht und Weckzeit ganz einfach an Ihre Bed\u00fcrfnisse an.<\/p>","protected":false},"featured_media":145042,"template":"","meta":{"_acf_changed":false},"product_brand":[],"product_cat":[1562],"product_tag":[2266,2268,2262,2420],"class_list":{"0":"post-56554","1":"product","2":"type-product","3":"status-publish","4":"has-post-thumbnail","6":"product_cat-larmdon-blixtljus","7":"product_tag-larmdon-blixtljus-blixtljus-i-samma-enhet","8":"product_tag-larmdon-siren-inomhus","9":"product_tag-larmdon-siren-utomhus","10":"product_tag-rel-larmdonblixt","11":"product_shipping_class-tunga-paket","12":"pa_brands-satel","13":"tm-no-options","15":"first","16":"onbackorder","17":"sale","18":"featured","19":"taxable","20":"shipping-taxable","21":"purchasable","22":"product-type-simple"},"acf":[],"_links":{"self":[{"href":"https:\/\/secureus.se\/de\/wp-json\/wp\/v2\/product\/56554","targetHints":{"allow":["GET"]}}],"collection":[{"href":"https:\/\/secureus.se\/de\/wp-json\/wp\/v2\/product"}],"about":[{"href":"https:\/\/secureus.se\/de\/wp-json\/wp\/v2\/types\/product"}],"wp:featuredmedia":[{"embeddable":true,"href":"https:\/\/secureus.se\/de\/wp-json\/wp\/v2\/media\/145042"}],"wp:attachment":[{"href":"https:\/\/secureus.se\/de\/wp-json\/wp\/v2\/media?parent=56554"}],"wp:term":[{"taxonomy":"product_brand","embeddable":true,"href":"https:\/\/secureus.se\/de\/wp-json\/wp\/v2\/product_brand?post=56554"},{"taxonomy":"product_cat","embeddable":true,"href":"https:\/\/secureus.se\/de\/wp-json\/wp\/v2\/product_cat?post=56554"},{"taxonomy":"product_tag","embeddable":true,"href":"https:\/\/secureus.se\/de\/wp-json\/wp\/v2\/product_tag?post=56554"}],"curies":[{"name":"wp","href":"https:\/\/api.w.org\/{rel}","templated":true}]}}