{"id":56854,"date":"2022-03-10T16:24:00","date_gmt":"2022-03-10T15:24:00","guid":{"rendered":"https:\/\/secureus.se\/produkt\/nyckel-till-larmknapp-rod-gron-modell-lk50-g-lk50-r\/"},"modified":"2026-04-06T15:04:32","modified_gmt":"2026-04-06T13:04:32","slug":"nyckel-till-larmknapp-rod-gron-modell-lk50-g-lk50-r","status":"publish","type":"product","link":"https:\/\/secureus.se\/de\/nyckel-till-larmknapp-rod-gron-modell-lk50-g-lk50-r\/","title":{"rendered":"Schl\u00fcssel f\u00fcr Not\u00f6ffnungs- und Feuermelder LK-50"},"content":{"rendered":"<p>Reset-Taste f\u00fcr Alarmtaster Typ LK-50G und LK-50R<\/p>\n<p>Der Schl\u00fcssel dient zum Zur\u00fccksetzen und Testen und passt bei den meisten Modellen<\/p>\n<p>&nbsp;<\/p>\n<p>&nbsp;<\/p>","protected":false},"excerpt":{"rendered":"<p>Feueralarmtaster \u2013 Feuertaster \u2013 Schutzabdeckung als Zubeh\u00f6r \u2013 Rote\/gr\u00fcne Alarmtaster f\u00fcr die Evakuierung<\/p>","protected":false},"featured_media":145069,"template":"","meta":{"_acf_changed":false},"product_brand":[],"product_cat":[1830,4828],"product_tag":[2422,2958,3130],"class_list":{"0":"post-56854","1":"product","2":"type-product","3":"status-publish","4":"has-post-thumbnail","6":"product_cat-brandknappar","7":"product_cat-nodknappar","8":"product_tag-rel-brand","9":"product_tag-stonehouse-produkt","10":"product_tag-tillbehor-oppna-brandknappar","11":"product_shipping_class-postnord-varubrev","12":"pa_brands-stonehouse-security","13":"pa_sakerhetssystem-larmtillbehor-elektronik","14":"tm-no-options","16":"first","17":"instock","18":"sale","19":"featured","20":"taxable","21":"shipping-taxable","22":"purchasable","23":"product-type-simple"},"acf":[],"_links":{"self":[{"href":"https:\/\/secureus.se\/de\/wp-json\/wp\/v2\/product\/56854","targetHints":{"allow":["GET"]}}],"collection":[{"href":"https:\/\/secureus.se\/de\/wp-json\/wp\/v2\/product"}],"about":[{"href":"https:\/\/secureus.se\/de\/wp-json\/wp\/v2\/types\/product"}],"wp:featuredmedia":[{"embeddable":true,"href":"https:\/\/secureus.se\/de\/wp-json\/wp\/v2\/media\/145069"}],"wp:attachment":[{"href":"https:\/\/secureus.se\/de\/wp-json\/wp\/v2\/media?parent=56854"}],"wp:term":[{"taxonomy":"product_brand","embeddable":true,"href":"https:\/\/secureus.se\/de\/wp-json\/wp\/v2\/product_brand?post=56854"},{"taxonomy":"product_cat","embeddable":true,"href":"https:\/\/secureus.se\/de\/wp-json\/wp\/v2\/product_cat?post=56854"},{"taxonomy":"product_tag","embeddable":true,"href":"https:\/\/secureus.se\/de\/wp-json\/wp\/v2\/product_tag?post=56854"}],"curies":[{"name":"wp","href":"https:\/\/api.w.org\/{rel}","templated":true}]}}