{"id":56862,"date":"2022-03-10T16:24:00","date_gmt":"2022-03-10T15:24:00","guid":{"rendered":"https:\/\/secureus.se\/produkt\/dokumentskap-a4-parm-smal-brandkarslas\/"},"modified":"2026-03-19T10:49:59","modified_gmt":"2026-03-19T09:49:59","slug":"dokumentskap-a4-parm-smal-brandkarslas","status":"publish","type":"product","link":"https:\/\/secureus.se\/de\/dokumentskap-a4-parm-smal-brandkarslas\/","title":{"rendered":"OP-Schrank Feuermelder A4 Slim Feuerwehrschloss"},"content":{"rendered":"<h1>OP-Schrank Feuermelder A4 Slim Feuerwehrschloss<\/h1>\n<h1>ODER SCHRANK Feueralarm<\/h1>\n<p>Dokumentenschrank f\u00fcr Orientierungs- und Servicezeichnungen f\u00fcr Brandmeldeanlagen.<br \/>\nDie Luke wird mit einem Feuerwehrschl\u00fcssel ge\u00f6ffnet.<\/p>\n<p>OR-3-BLACK verf\u00fcgt \u00fcber einen verst\u00e4rkten Deckel, sodass er als Tisch f\u00fcr einen Laptop oder Zeichnungen verwendet werden kann.<br \/>\nOR-3 \u2013 ASSA hat eine offene R\u00fcckseite zur Montage \u00fcber Alarmkn\u00f6pfen usw.<\/p>\n<p>Die Schr\u00e4nke bestehen aus Stahlblech und sind in den Farben gem\u00e4\u00df der folgenden Tabelle erh\u00e4ltlich.<\/p>\n<p><img decoding=\"async\" class=\"alignnone size-full wp-image-123513183\" title=\"ODER SCHRANK Feuermelder A3 WEISS F\u00dcR ASSA LOCK 6308235\" src=\"https:\/\/securityonline.se\/wp-content\/uploads\/2023\/09\/Swanson-Or-skap.jpg\" alt=\"ODER SCHRANK Feuermelder A3 WEISS F\u00dcR ASSA LOCK 6308235\" width=\"618\" height=\"292\" \/><\/p>\n<p>Dokumentenschrank mit Feuerwehrschloss aus wei\u00dfem Blech mit Platz f\u00fcr z.B. A4-Ordner (halber R\u00fccken). Halter f\u00fcr Dokumente oder Ordner.<\/p>\n<p>Der Schrank ist umkehrbar, wenn die T\u00fcr nach rechts oder links ge\u00f6ffnet werden soll. Kann vor Manipulation gesch\u00fctzt werden, auf der R\u00fcckseite ist eine vorbereitete \u00d6ffnung f\u00fcr den Manipulationskontakt vorhanden<\/p>","protected":false},"excerpt":{"rendered":"<p>Ablage f\u00fcr Ihre Unterlagen ODER Pl\u00e4ne\/Zeichnungen oder Unterlagen f\u00fcr Alarme und Feuermelder.<\/p>\n<p><span data-teams=\"true\">Diese Schlie\u00dff\u00e4cher werden ohne Schl\u00fcssel geliefert, und wenn Sie einen ben\u00f6tigen, m\u00fcssen Sie ihn separat kaufen.<\/span><\/p>","protected":false},"featured_media":144939,"template":"","meta":{"_acf_changed":false},"product_brand":[],"product_cat":[1837,3977,2950],"product_tag":[],"class_list":{"0":"post-56862","1":"product","2":"type-product","3":"status-publish","4":"has-post-thumbnail","6":"product_cat-dokumentskap","7":"product_cat-or-skap-brand-brandskydd","8":"product_cat-or-skap-sakerhet","9":"product_shipping_class-tunga-paket","10":"pa_brands-swansons","11":"pa_sakerhetssystem-larmtillbehor-elektronik","12":"tm-no-options","14":"first","15":"instock","16":"sale","17":"featured","18":"taxable","19":"shipping-taxable","20":"purchasable","21":"product-type-simple"},"acf":[],"_links":{"self":[{"href":"https:\/\/secureus.se\/de\/wp-json\/wp\/v2\/product\/56862","targetHints":{"allow":["GET"]}}],"collection":[{"href":"https:\/\/secureus.se\/de\/wp-json\/wp\/v2\/product"}],"about":[{"href":"https:\/\/secureus.se\/de\/wp-json\/wp\/v2\/types\/product"}],"wp:featuredmedia":[{"embeddable":true,"href":"https:\/\/secureus.se\/de\/wp-json\/wp\/v2\/media\/144939"}],"wp:attachment":[{"href":"https:\/\/secureus.se\/de\/wp-json\/wp\/v2\/media?parent=56862"}],"wp:term":[{"taxonomy":"product_brand","embeddable":true,"href":"https:\/\/secureus.se\/de\/wp-json\/wp\/v2\/product_brand?post=56862"},{"taxonomy":"product_cat","embeddable":true,"href":"https:\/\/secureus.se\/de\/wp-json\/wp\/v2\/product_cat?post=56862"},{"taxonomy":"product_tag","embeddable":true,"href":"https:\/\/secureus.se\/de\/wp-json\/wp\/v2\/product_tag?post=56862"}],"curies":[{"name":"wp","href":"https:\/\/api.w.org\/{rel}","templated":true}]}}