{"id":56865,"date":"2022-03-10T16:24:00","date_gmt":"2022-03-10T15:24:00","guid":{"rendered":"https:\/\/secureus.se\/produkt\/easybadge-professional-id-card-design-software-unlimited\/"},"modified":"2025-12-31T19:59:29","modified_gmt":"2025-12-31T18:59:29","slug":"easybadge-professional-id-card-design-software-unlimited","status":"publish","type":"product","link":"https:\/\/secureus.se\/de\/easybadge-professional-id-card-design-software-unlimited\/","title":{"rendered":"EasyBadge Professional ID-Karten-Design-Software (unbegrenzt)"},"content":{"rendered":"<div id=\"Product-Description\">\n<p>Als fortschrittlichste Software zum Drucken von Plastikkarten auf dem Planeten ist EasyBadge die stressfreie L\u00f6sung, die Sie brauchen. Mit EasyBadge Pro k\u00f6nnen Sie unbegrenzt viele Datens\u00e4tze erstellen und es ist so einfach und intuitiv, dass jeder es verwenden kann.<\/p>\n<p>Eine der Hauptfunktionen von EasyBadge ist der Installationsassistent, der es Ihnen erm\u00f6glicht, innerhalb von 60 Sekunden nach der Installation der Software mit dem Drucken von Plastikkarten zu beginnen. Die Software verwendet dann Ihr vorhandenes Logo oder Ihre individuelle Grafik, um ein professionelles Kartendesign zu erstellen.<\/p>\n<p>Die Software wird au\u00dferdem mit einer eigenen App geliefert, mit der Sie Datens\u00e4tze suchen, hinzuf\u00fcgen oder bearbeiten und von Ihrem Mobiltelefon oder Tablet aus \u00fcberall auf der Welt ein Foto aufnehmen k\u00f6nnen. Das bedeutet, dass Sie Ihre Kamera nicht einrichten m\u00fcssen und lange Warteschlangen dazu geh\u00f6ren Ding vorbei.<\/p>\n<p>EasyBadge wird nicht mit einem gedruckten Handbuch geliefert. Wenn Sie also auf ein Problem sto\u00dfen, geben Sie einfach Ihre Frage in die Software ein und EasyBadge wird diese f\u00fcr Sie beantworten und die Aufgabe auf Wunsch erledigen.<\/p>\n<p>EasyBadge Pro ist die perfekte Ausweissysteml\u00f6sung f\u00fcr gr\u00f6\u00dfere Unternehmen und bundesweite Vereine oder Organisationen, die ihren Mitgliedern unkompliziert eine neue Mitgliedskarte ausstellen m\u00f6chten.<\/p>\n<p>Bitte beachten Sie, dass EasyBadge Pro mit allen g\u00e4ngigen Plastikkartendruckern kompatibel ist, jedoch keine kontaktlosen und NFC-Karten kodieren kann. Wenn Sie eine kontaktlose Kartenkodierung ben\u00f6tigen, ist die EasyBadge Enterprise Edition besser f\u00fcr Ihre Bed\u00fcrfnisse geeignet.<\/p>\n<p>* BITTE BEACHTEN SIE, DASS NICHT ALLE VERSIONEN DER EASYBADGE-SOFTWARE MAC-KOMPATIBEL SIND. *<\/p>\n<p>Produktgewicht: 0,02 kg<\/p>\n<\/div>","protected":false},"excerpt":{"rendered":"<p>Att vara den mest avancerade mjukvaran f&ouml;r plastkortutskrift p&aring; planeten EasyBadge &auml;r den stressfria l&ouml;sningen du beh&ouml;ver. EasyBadge Pro l&aring;ter dig skapa obegr&auml;nsade poster och &auml;r s&aring; enkelt och intuitivt<\/p>","protected":false},"featured_media":144675,"template":"","meta":{"_acf_changed":false},"product_brand":[],"product_cat":[1653],"product_tag":[],"class_list":{"0":"post-56865","1":"product","2":"type-product","3":"status-publish","4":"has-post-thumbnail","6":"product_cat-gor-dina-egna-foretagskort","7":"product_shipping_class-postnord-varubrev","8":"pa_brands-easybadge","9":"pa_sakerhetssystem-kortprinter-fargband","10":"tm-has-options","12":"first","13":"instock","14":"sale","15":"featured","16":"taxable","17":"shipping-taxable","18":"purchasable","19":"product-type-simple"},"acf":[],"_links":{"self":[{"href":"https:\/\/secureus.se\/de\/wp-json\/wp\/v2\/product\/56865","targetHints":{"allow":["GET"]}}],"collection":[{"href":"https:\/\/secureus.se\/de\/wp-json\/wp\/v2\/product"}],"about":[{"href":"https:\/\/secureus.se\/de\/wp-json\/wp\/v2\/types\/product"}],"wp:featuredmedia":[{"embeddable":true,"href":"https:\/\/secureus.se\/de\/wp-json\/wp\/v2\/media\/144675"}],"wp:attachment":[{"href":"https:\/\/secureus.se\/de\/wp-json\/wp\/v2\/media?parent=56865"}],"wp:term":[{"taxonomy":"product_brand","embeddable":true,"href":"https:\/\/secureus.se\/de\/wp-json\/wp\/v2\/product_brand?post=56865"},{"taxonomy":"product_cat","embeddable":true,"href":"https:\/\/secureus.se\/de\/wp-json\/wp\/v2\/product_cat?post=56865"},{"taxonomy":"product_tag","embeddable":true,"href":"https:\/\/secureus.se\/de\/wp-json\/wp\/v2\/product_tag?post=56865"}],"curies":[{"name":"wp","href":"https:\/\/api.w.org\/{rel}","templated":true}]}}