{"id":56867,"date":"2022-03-10T16:24:00","date_gmt":"2022-03-10T15:24:00","guid":{"rendered":"https:\/\/secureus.se\/produkt\/easybadge-lite-id-card-design-software-100-records\/"},"modified":"2025-12-31T19:50:28","modified_gmt":"2025-12-31T18:50:28","slug":"easybadge-lite-id-card-design-software-100-records","status":"publish","type":"product","link":"https:\/\/secureus.se\/de\/easybadge-lite-id-card-design-software-100-records\/","title":{"rendered":"EasyBadge Lite-Lizenz \u2013 ID-Karten-Design-Software"},"content":{"rendered":"<div id=\"Product-Description\">\n<div id=\"Product-Description\">\n<p>EasyBadge Lite wurde speziell f\u00fcr Endbenutzer entwickelt und ist die fortschrittlichste Software zum Drucken von Plastikkarten auf dem Planeten.<\/p>\n<p>Mit EasyBadge Lite gibt es keine langen Einrichtungszeiten, da Sie mit dem Einrichtungsassistenten innerhalb von 60 Sekunden nach der Installation der Software Plastikkarten mit Ihrem vorhandenen Logo oder Bildmaterial bedrucken k\u00f6nnen, um ein einzigartiges und beeindruckendes Kartendesign zu erstellen.<\/p>\n<p>Die Bilderfassung war bei der Erstellung von Personalausweisen schon immer ein Problem, aber mit der EasyBadge-App k\u00f6nnen Sie von \u00fcberall auf der Welt schnell Eintr\u00e4ge hinzuf\u00fcgen oder bearbeiten, ein neues Foto aufnehmen oder Ihre Datenbank mit Ihrem Mobiltelefon oder Tablet durchsuchen.<\/p>\n<p>Mit EasyBadge Lite k\u00f6nnen Sie 100 einzelne Eintr\u00e4ge erstellen, was es zu einer perfekten Ausweisl\u00f6sung f\u00fcr kleine und mittlere Mitarbeiter sowie kleinere Vereine oder Organisationen mit weniger als 100 Mitgliedern macht.<\/p>\n<p>Ein weiterer Vorteil von EasyBadge ist das interaktive Hilfesystem, mit dem Sie Fragen direkt in der Software stellen k\u00f6nnen. Das System liefert Ihnen nicht nur die Antwort, EasyBadge erledigt auf Wunsch auch die Aufgabe f\u00fcr Sie.<\/p>\n<p>Um zu sehen, wie EasyBadge den Zeitaufwand f\u00fcr die Herstellung von Plastikkarten reduzieren, die Sicherheit Ihres Identit\u00e4tsprogramms erh\u00f6hen und Ihr Unternehmensprofil verbessern kann, schauen Sie sich unser hilfreiches Video an oder rufen Sie noch heute direkt das Team an, um eine kostenlose Vorf\u00fchrung zu vereinbaren. Bitte beachten Sie, dass EasyBadge Lite mit Plastikkartendruckern aller gro\u00dfen Marken kompatibel ist.<\/p>\n<p>* BITTE BEACHTEN SIE, DASS NICHT ALLE VERSIONEN DER EASYBADGE-SOFTWARE MAC-KOMPATIBEL SIND. *<\/p>\n<\/div>\n<\/div>","protected":false},"excerpt":{"rendered":"<p>EasyBadge Lite wurde speziell f\u00fcr Endbenutzer entwickelt und ist die fortschrittlichste Software zum Drucken von Plastikkarten auf dem Planeten. Mit EasyBadge Lite gibt es keine langen Installationszeiten, denn der Installationsassistent macht es Ihnen leicht<\/p>","protected":false},"featured_media":144947,"template":"","meta":{"_acf_changed":false},"product_brand":[],"product_cat":[1653,3211],"product_tag":[],"class_list":{"0":"post-56867","1":"product","2":"type-product","3":"status-publish","4":"has-post-thumbnail","6":"product_cat-gor-dina-egna-foretagskort","7":"product_cat-software-programvara","8":"product_shipping_class-postnord-varubrev","9":"pa_brands-easybadge","10":"pa_sakerhetssystem-kortprinter-fargband","11":"tm-has-options","13":"first","14":"instock","15":"sale","16":"featured","17":"taxable","18":"shipping-taxable","19":"purchasable","20":"product-type-simple"},"acf":[],"_links":{"self":[{"href":"https:\/\/secureus.se\/de\/wp-json\/wp\/v2\/product\/56867","targetHints":{"allow":["GET"]}}],"collection":[{"href":"https:\/\/secureus.se\/de\/wp-json\/wp\/v2\/product"}],"about":[{"href":"https:\/\/secureus.se\/de\/wp-json\/wp\/v2\/types\/product"}],"wp:featuredmedia":[{"embeddable":true,"href":"https:\/\/secureus.se\/de\/wp-json\/wp\/v2\/media\/144947"}],"wp:attachment":[{"href":"https:\/\/secureus.se\/de\/wp-json\/wp\/v2\/media?parent=56867"}],"wp:term":[{"taxonomy":"product_brand","embeddable":true,"href":"https:\/\/secureus.se\/de\/wp-json\/wp\/v2\/product_brand?post=56867"},{"taxonomy":"product_cat","embeddable":true,"href":"https:\/\/secureus.se\/de\/wp-json\/wp\/v2\/product_cat?post=56867"},{"taxonomy":"product_tag","embeddable":true,"href":"https:\/\/secureus.se\/de\/wp-json\/wp\/v2\/product_tag?post=56867"}],"curies":[{"name":"wp","href":"https:\/\/api.w.org\/{rel}","templated":true}]}}