{"id":56870,"date":"2022-03-10T16:24:00","date_gmt":"2022-03-10T15:24:00","guid":{"rendered":"https:\/\/secureus.se\/produkt\/armbagsbrytare-jck217-245mm\/"},"modified":"2026-02-26T13:34:12","modified_gmt":"2026-02-26T12:34:12","slug":"armbagskontakt-jck217-245mm","status":"publish","type":"product","link":"https:\/\/secureus.se\/de\/armbagskontakt-jck217-245mm\/","title":{"rendered":"Winkelverbinder JCK217 \u2013 245 mm"},"content":{"rendered":"<div class=\"product-presentation__column no--margin is--large\">\n<h1>Winkelverbinder JCK217 \u2013 245 mm<\/h1>\n<section>JCK217 geh\u00f6rt zu einer Serie von Winkelkontakten, die \u00fcber eine flache Druckfl\u00e4che mit vier taktilen Rillen verf\u00fcgen.<\/section>\n<section><\/section>\n<section>Die Rillen dienen als zus\u00e4tzliche Orientierung f\u00fcr Menschen mit Sehbehinderung.<\/section>\n<section><\/section>\n<section>Sie k\u00f6nnen leicht ertasten, wo Sie dr\u00fccken m\u00fcssen, um die T\u00fcr\u00f6ffnung zu aktivieren. JCK217 besteht aus schwarz eloxiertem Aluminium und hat wei\u00dfe Endkappen.<\/p>\n<p>Die Lieferung erfolgt mit 1 Mikroschalter in IP67, es k\u00f6nnen aber auch mehr bestellt werden.<\/p>\n<\/section>\n<section>\n<h4>Technische Spezifikation<\/h4>\n<ul>\n<li>Hergestellt in Schweden.<\/li>\n<li>Material: Alu.6060-T6, POM-Kunststoff (Acetal-Kunststoff).<\/li>\n<li>Ma\u00dfe Standardausf\u00fchrung L\/B\/H: 245x80x23 mm.<\/li>\n<li>Mikroschalter: Standard 1 St\u00fcck NEIN IP67. Bestellbar mit 2, sowie mit NO\/NC.<\/li>\n<\/ul>\n<\/section>\n<p>&nbsp;<\/p>\n<\/div>","protected":false},"excerpt":{"rendered":"<p>Produktabmessungen: 245 x 80 x 23 mm.<\/p>\n<p>Winkelverbinder aus schwarz eloxiertem Aluminium mit wei\u00dfen Endkappen.<\/p>\n<p>Flache Druckplatte mit taktilen Rillen.<\/p>","protected":false},"featured_media":144802,"template":"","meta":{"_acf_changed":false},"product_brand":[],"product_cat":[1422,4825,4706],"product_tag":[2989],"class_list":{"0":"post-56870","1":"product","2":"type-product","3":"status-publish","4":"has-post-thumbnail","6":"product_cat-armbagskontakter-dorrautomatik","7":"product_cat-dorroppning","8":"product_cat-metall","9":"product_tag-egen-logo-ej-taggar-kort","10":"product_shipping_class-tunga-paket","11":"pa_brands-jc-kontakter","12":"pa_sakerhetssystem-produkter-online","13":"tm-has-options","15":"first","16":"onbackorder","17":"sale","18":"featured","19":"taxable","20":"shipping-taxable","21":"purchasable","22":"product-type-simple"},"acf":[],"_links":{"self":[{"href":"https:\/\/secureus.se\/de\/wp-json\/wp\/v2\/product\/56870","targetHints":{"allow":["GET"]}}],"collection":[{"href":"https:\/\/secureus.se\/de\/wp-json\/wp\/v2\/product"}],"about":[{"href":"https:\/\/secureus.se\/de\/wp-json\/wp\/v2\/types\/product"}],"wp:featuredmedia":[{"embeddable":true,"href":"https:\/\/secureus.se\/de\/wp-json\/wp\/v2\/media\/144802"}],"wp:attachment":[{"href":"https:\/\/secureus.se\/de\/wp-json\/wp\/v2\/media?parent=56870"}],"wp:term":[{"taxonomy":"product_brand","embeddable":true,"href":"https:\/\/secureus.se\/de\/wp-json\/wp\/v2\/product_brand?post=56870"},{"taxonomy":"product_cat","embeddable":true,"href":"https:\/\/secureus.se\/de\/wp-json\/wp\/v2\/product_cat?post=56870"},{"taxonomy":"product_tag","embeddable":true,"href":"https:\/\/secureus.se\/de\/wp-json\/wp\/v2\/product_tag?post=56870"}],"curies":[{"name":"wp","href":"https:\/\/api.w.org\/{rel}","templated":true}]}}