{"id":56871,"date":"2022-03-10T16:24:00","date_gmt":"2022-03-10T15:24:00","guid":{"rendered":"https:\/\/secureus.se\/produkt\/easybadge-smart-id-card-design-software\/"},"modified":"2025-12-31T19:59:42","modified_gmt":"2025-12-31T18:59:42","slug":"easybadge-smart-id-card-design-software","status":"publish","type":"product","link":"https:\/\/secureus.se\/de\/easybadge-smart-id-card-design-software\/","title":{"rendered":"EasyBadge Smart-ID-Karten-Designsoftware"},"content":{"rendered":"<div id=\"Product-Description\">\n<div>\n<div id=\"Product-Description\">\n<div id=\"Product-Description\">\n<div id=\"Product-Description\">\n<div>\n<div id=\"Product-Description\">\n<div id=\"Product-Description\">\n<div id=\"Product-Description\">\n<p>Die EasyBadge Smart-Software kann NFC- und kontaktlose Smartcards f\u00fcr Ihr Unternehmen kodieren und ist eine fortschrittliche Software zum Drucken von Plastikkarten.<\/p>\n<p>Dank des intuitiven Systems k\u00f6nnen Sie in nur 60 Sekunden loslegen.<\/p>\n<p>Der Einrichtungsassistent f\u00fchrt Sie Schritt f\u00fcr Schritt durch den Prozess und erstellt mithilfe Ihres Logos oder einer benutzerdefinierten Grafik ein beeindruckendes individuelles Kartendesign.<\/p>\n<p>Zus\u00e4tzlich zur Smart-Software verf\u00fcgt EasyBadge auch \u00fcber eine eigene App, mit der Sie von \u00fcberall auf der Welt Eintr\u00e4ge hinzuf\u00fcgen oder bearbeiten, Fotos von Ihrem Mobiltelefon oder Tablet aufnehmen und neue oder bearbeitete Eintr\u00e4ge hochladen k\u00f6nnen.<\/p>\n<p>EasyBadge wurde entwickelt, um Ihnen Zeit zu sparen, und das interaktive Hilfesystem erm\u00f6glicht es Ihnen, innerhalb der Software eine Frage zu stellen. EasyBadge gibt Ihnen nicht nur die Antwort, sondern erledigt die Aufgabe auch f\u00fcr Sie, sodass Sie keine Zeit damit verbringen m\u00fcssen, ein gedrucktes Handbuch durchzubl\u00e4ttern um Hilfe.<\/p>\n<p>Mit unbegrenzten Eintr\u00e4gen und der M\u00f6glichkeit, NFC- und kontaktlose Karten zu kodieren, ist EasyBadge Smart eine perfekte L\u00f6sung f\u00fcr Universit\u00e4ts-\/Studentenkarten, Mitarbeiterausweise gro\u00dfer Unternehmen und Reisekartenausgabesysteme.<\/p>\n<p>Um zu sehen, warum EasyBadge die richtige L\u00f6sung f\u00fcr Sie ist, schauen Sie sich das Video an oder rufen Sie das Team direkt an, um Ihre kostenlose Vorf\u00fchrung zu buchen.<\/p>\n<p>EasyBadge Smart ist mit allen g\u00e4ngigen Plastikkartendruckern kompatibel.<\/p>\n<p>* BITTE BEACHTEN SIE, DASS NICHT ALLE VERSIONEN DER EASYBADGE-SOFTWARE MAC-KOMPATIBEL SIND. *<\/p>\n<p>Produktgewicht: 0,02 kg<\/p>\n<\/div>\n<\/div>\n<\/div>\n<\/div>\n<\/div>\n<\/div>\n<\/div>\n<\/div>\n<\/div>","protected":false},"excerpt":{"rendered":"<p>Die EasyBadge Smart Software kodiert NFC- und kontaktlose Smartcards f\u00fcr Ihr Unternehmen und ist eine fortschrittliche Software zum Bedrucken von Plastikkarten. Dank des intuitiven Systems k\u00f6nnen Sie in nur 60 Sekunden loslegen. Installationsanleitung<\/p>","protected":false},"featured_media":144951,"template":"","meta":{"_acf_changed":false},"product_brand":[],"product_cat":[1653],"product_tag":[],"class_list":{"0":"post-56871","1":"product","2":"type-product","3":"status-publish","4":"has-post-thumbnail","6":"product_cat-gor-dina-egna-foretagskort","7":"product_shipping_class-postnord-varubrev","8":"pa_brands-easybadge","9":"pa_sakerhetssystem-kortprinter-fargband","10":"tm-has-options","12":"first","13":"instock","14":"sale","15":"featured","16":"taxable","17":"shipping-taxable","18":"purchasable","19":"product-type-simple"},"acf":[],"_links":{"self":[{"href":"https:\/\/secureus.se\/de\/wp-json\/wp\/v2\/product\/56871","targetHints":{"allow":["GET"]}}],"collection":[{"href":"https:\/\/secureus.se\/de\/wp-json\/wp\/v2\/product"}],"about":[{"href":"https:\/\/secureus.se\/de\/wp-json\/wp\/v2\/types\/product"}],"wp:featuredmedia":[{"embeddable":true,"href":"https:\/\/secureus.se\/de\/wp-json\/wp\/v2\/media\/144951"}],"wp:attachment":[{"href":"https:\/\/secureus.se\/de\/wp-json\/wp\/v2\/media?parent=56871"}],"wp:term":[{"taxonomy":"product_brand","embeddable":true,"href":"https:\/\/secureus.se\/de\/wp-json\/wp\/v2\/product_brand?post=56871"},{"taxonomy":"product_cat","embeddable":true,"href":"https:\/\/secureus.se\/de\/wp-json\/wp\/v2\/product_cat?post=56871"},{"taxonomy":"product_tag","embeddable":true,"href":"https:\/\/secureus.se\/de\/wp-json\/wp\/v2\/product_tag?post=56871"}],"curies":[{"name":"wp","href":"https:\/\/api.w.org\/{rel}","templated":true}]}}