{"id":56874,"date":"2022-03-10T16:23:00","date_gmt":"2022-03-10T15:23:00","guid":{"rendered":"https:\/\/secureus.se\/produkt\/t-4-fjarrkontroll\/"},"modified":"2026-03-20T11:26:50","modified_gmt":"2026-03-20T10:26:50","slug":"t-4-fjarrkontroll","status":"publish","type":"product","link":"https:\/\/secureus.se\/de\/t-4-fjarrkontroll\/","title":{"rendered":"T-4-Fernbedienungsradio, angepasst an die Funkempf\u00e4nger RK-4, RK-2K, RK-1k"},"content":{"rendered":"<h1>T-4-Fernbedienung \u2013 Vierkanalige und sichere Kommunikation mit SATEL-Funkempf\u00e4nger<\/h1>\n<p>T-4 ist eine fortschrittliche Vierkanal-Fernbedienung, die f\u00fcr den Einsatz mit den SATEL-Funkempf\u00e4ngern RK-4, RK-2K und RK-1K entwickelt wurde. Mithilfe der KEELOQ\u00ae-Verschl\u00fcsselungstechnologie und des SAW-Resonators bietet der T-4 eine zuverl\u00e4ssige und sichere Daten\u00fcbertragung, die vor unbefugtem Zugriff und St\u00f6rungen sch\u00fctzt.<\/p>\n<p><strong>Hauptmerkmale:<\/strong><\/p>\n<ul>\n<li><strong>Verschl\u00fcsselung:<\/strong> KEELOQ\u00ae dynamisches Codespringen f\u00fcr hohe Sicherheit.<\/li>\n<li><strong>Umfang:<\/strong> Bis zu 350 Meter im Freien und 500 Meter mit externer SMA-Antenne.<\/li>\n<li><strong>Vierkanalsteuerung:<\/strong> Vier separate Kan\u00e4le mit farbcodierten Tasten f\u00fcr einfache Bedienung.<\/li>\n<li><strong>Robustes Design:<\/strong> Sch\u00fctzt vor dem Einfluss von Umweltbedingungen.<\/li>\n<li><strong>Energieeffizient:<\/strong> Angetrieben durch eine 12-V-Batterie.<\/li>\n<\/ul>\n<p>Mit seinem ergonomischen Design und seiner High-Tech-Funktionalit\u00e4t ist der T-4 die ideale Wahl f\u00fcr Anwendungen mit hohen Sicherheitsanforderungen wie automatische Tore, Sicherheitssysteme und ferngesteuerte Ger\u00e4te.<\/p>","protected":false},"excerpt":{"rendered":"<h4><span style=\"text-decoration: underline;\"><strong>Sie k\u00f6nnen diese Fernbedienung mit jeder gew\u00fcnschten Gravur erwerben \u2013 dr\u00fccken Sie die Schaltfl\u00e4che \u201cProdukt anpassen\u201d.\u201d<\/strong><\/span><\/h4>\n<p>T-4 ist eine Vierkanal-Fernbedienung f\u00fcr den Funkempf\u00e4nger von SATEL.<\/p>\n<p>Mit KEELOQ\u00ae-Verschl\u00fcsselung und robustem Design bietet es einen zuverl\u00e4ssigen und sicheren Betrieb mit einer Reichweite von bis zu 500 Metern.<\/p>\n<p>&nbsp;<\/p>","protected":false},"featured_media":145425,"template":"","meta":{"_acf_changed":false},"product_brand":[],"product_cat":[1616],"product_tag":[2275,2424],"class_list":{"0":"post-56874","1":"product","2":"type-product","3":"status-publish","4":"has-post-thumbnail","6":"product_cat-radiosandare-mottagare","7":"product_tag-radio-mottagare-satel","8":"product_tag-rel-pulsarradio","9":"product_shipping_class-postnord-varubrev","10":"pa_brands-satel","11":"pa_sakerhetssystem-smart-home","12":"tm-has-options","14":"first","15":"instock","16":"sale","17":"featured","18":"taxable","19":"shipping-taxable","20":"purchasable","21":"product-type-simple"},"acf":[],"_links":{"self":[{"href":"https:\/\/secureus.se\/de\/wp-json\/wp\/v2\/product\/56874","targetHints":{"allow":["GET"]}}],"collection":[{"href":"https:\/\/secureus.se\/de\/wp-json\/wp\/v2\/product"}],"about":[{"href":"https:\/\/secureus.se\/de\/wp-json\/wp\/v2\/types\/product"}],"wp:featuredmedia":[{"embeddable":true,"href":"https:\/\/secureus.se\/de\/wp-json\/wp\/v2\/media\/145425"}],"wp:attachment":[{"href":"https:\/\/secureus.se\/de\/wp-json\/wp\/v2\/media?parent=56874"}],"wp:term":[{"taxonomy":"product_brand","embeddable":true,"href":"https:\/\/secureus.se\/de\/wp-json\/wp\/v2\/product_brand?post=56874"},{"taxonomy":"product_cat","embeddable":true,"href":"https:\/\/secureus.se\/de\/wp-json\/wp\/v2\/product_cat?post=56874"},{"taxonomy":"product_tag","embeddable":true,"href":"https:\/\/secureus.se\/de\/wp-json\/wp\/v2\/product_tag?post=56874"}],"curies":[{"name":"wp","href":"https:\/\/api.w.org\/{rel}","templated":true}]}}