{"id":56876,"date":"2022-03-10T16:23:00","date_gmt":"2022-03-10T15:23:00","guid":{"rendered":"https:\/\/secureus.se\/produkt\/dokumentskap-for-ritningsparm-tjock-rygg\/"},"modified":"2026-03-10T17:35:16","modified_gmt":"2026-03-10T16:35:16","slug":"dokumentskap-for-ritningsparm-tjock-rygg","status":"publish","type":"product","link":"https:\/\/secureus.se\/de\/dokumentskap-for-ritningsparm-tjock-rygg\/","title":{"rendered":"Dokumentenschrank Einbruch f\u00fcr Zeichnungsordner mit dicker R\u00fcckseite"},"content":{"rendered":"<h1>Dokumentenschrank Einbruch f\u00fcr Zeichnungsordner mit dicker R\u00fcckseite<\/h1>\n<p>Der Schrank ist f\u00fcr Ordner A4 mit schmaler R\u00fcckseite und Schloss mit zwei Schl\u00fcsseln vorgesehen.<\/p>\n<p>Die Schr\u00e4nke bestehen aus Stahlblech mit wei\u00dfer Farbe. Links. Auf der R\u00fcckseite befindet sich ein Loch f\u00fcr einen Sabotagekontakt.<\/p>\n<p>Dokumentenschrank f\u00fcr Zeichnungen und Servicezeichnungen f\u00fcr Einbruchmeldeanlagen.<\/p>\n<p>Der Schrank ist in einem Format f\u00fcr A4-Ordner mit dickem R\u00fccken und einem Schrank f\u00fcr A4-Ordner mit d\u00fcnnem R\u00fccken erh\u00e4ltlich. Die Luke wird mit einem Schl\u00fcsselschalter ge\u00f6ffnet.<\/p>\n<p>Der Schrank ist umkehrbar, wenn die T\u00fcr nach rechts oder links ge\u00f6ffnet werden soll.<\/p>\n<p>Kann vor Manipulation gesch\u00fctzt werden, auf der R\u00fcckseite ist eine vorbereitete \u00d6ffnung f\u00fcr den Manipulationskontakt vorhanden.<br \/>\nDie Schr\u00e4nke bestehen aus Stahlblech in Wei\u00df.<br \/>\nErh\u00e4ltlich mit Feuerwehrschloss und vorbereitet f\u00fcr ASSA-Schlie\u00dfzylinder.<\/p>\n<p>Der Schrank ist f\u00fcr Ordner A4 mit schmaler R\u00fcckseite und Schloss mit zwei Schl\u00fcsseln vorgesehen.<\/p>\n<p><img decoding=\"async\" class=\"alignnone size-full wp-image-123513183\" src=\"https:\/\/securityonline.se\/wp-content\/uploads\/2023\/09\/Swanson-Or-skap.jpg\" alt=\"\" width=\"618\" height=\"292\" \/><\/p>\n<div>\n<p><label>Hauptmerkmale<\/label><\/p>\n<ul>\n<li>Oberfl\u00e4che \/ Farbe: Grau<\/li>\n<li>H\u00f6he der Art (mm): 360<\/li>\n<li>Breite Art (mm): 310<\/li>\n<li>Tiefenart (mm): 90<\/li>\n<\/ul>\n<\/div>\n<div>\n<div>\n<p><label>Kurze Fakten<\/label><\/p>\n<ul>\n<li>Wendeschrank<\/li>\n<li>Dokumentenhalter<\/li>\n<\/ul>\n<\/div>\n<div>\n<div><\/div>\n<\/div>\n<\/div>","protected":false},"excerpt":{"rendered":"<p>Ablage f\u00fcr Ihre Unterlagen ODER Pl\u00e4ne\/Zeichnungen oder Unterlagen f\u00fcr Alarme und Feuermelder.<\/p>\n<p><span data-teams=\"true\">Diese Schlie\u00dff\u00e4cher werden ohne Schl\u00fcssel geliefert, und wenn Sie einen ben\u00f6tigen, m\u00fcssen Sie ihn separat kaufen.<\/span><\/p>","protected":false},"featured_media":145433,"template":"","meta":{"_acf_changed":false},"product_brand":[],"product_cat":[1837,2950],"product_tag":[],"class_list":{"0":"post-56876","1":"product","2":"type-product","3":"status-publish","4":"has-post-thumbnail","6":"product_cat-dokumentskap","7":"product_cat-or-skap-sakerhet","8":"product_shipping_class-tunga-paket","9":"pa_brands-swansons","10":"pa_sakerhetssystem-larmtillbehor-elektronik","11":"tm-no-options","13":"first","14":"instock","15":"sale","16":"taxable","17":"shipping-taxable","18":"purchasable","19":"product-type-simple"},"acf":[],"_links":{"self":[{"href":"https:\/\/secureus.se\/de\/wp-json\/wp\/v2\/product\/56876","targetHints":{"allow":["GET"]}}],"collection":[{"href":"https:\/\/secureus.se\/de\/wp-json\/wp\/v2\/product"}],"about":[{"href":"https:\/\/secureus.se\/de\/wp-json\/wp\/v2\/types\/product"}],"wp:featuredmedia":[{"embeddable":true,"href":"https:\/\/secureus.se\/de\/wp-json\/wp\/v2\/media\/145433"}],"wp:attachment":[{"href":"https:\/\/secureus.se\/de\/wp-json\/wp\/v2\/media?parent=56876"}],"wp:term":[{"taxonomy":"product_brand","embeddable":true,"href":"https:\/\/secureus.se\/de\/wp-json\/wp\/v2\/product_brand?post=56876"},{"taxonomy":"product_cat","embeddable":true,"href":"https:\/\/secureus.se\/de\/wp-json\/wp\/v2\/product_cat?post=56876"},{"taxonomy":"product_tag","embeddable":true,"href":"https:\/\/secureus.se\/de\/wp-json\/wp\/v2\/product_tag?post=56876"}],"curies":[{"name":"wp","href":"https:\/\/api.w.org\/{rel}","templated":true}]}}