{"id":56879,"date":"2022-03-10T16:23:00","date_gmt":"2022-03-10T15:23:00","guid":{"rendered":"https:\/\/secureus.se\/produkt\/a4-skap-for-or-ritningar-vit-rod-skylt\/"},"modified":"2026-03-10T17:37:03","modified_gmt":"2026-03-10T16:37:03","slug":"a4-skap-for-or-ritningar-vit-rod-skylt","status":"publish","type":"product","link":"https:\/\/secureus.se\/de\/a4-skap-for-or-ritningar-vit-rod-skylt\/","title":{"rendered":"A4-Schrank Feueralarm f\u00fcr OP-Zeichnungen Wei\u00df\/Rotes Schild"},"content":{"rendered":"<h1>A4-Schrank Feueralarm f\u00fcr OP-Zeichnungen Wei\u00df\/Rotes Schild<\/h1>\n<h1>ODER SCHRANK Feueralarm<\/h1>\n<p>Dokumentenschrank f\u00fcr Orientierungs- und Servicezeichnungen f\u00fcr Brandmeldeanlagen.<br \/>\nDie Luke wird mit einem Feuerwehrschl\u00fcssel ge\u00f6ffnet.<\/p>\n<p>OR-3-BLACK verf\u00fcgt \u00fcber einen verst\u00e4rkten Deckel, sodass er als Tisch f\u00fcr einen Laptop oder Zeichnungen verwendet werden kann.<br \/>\nOR-3 \u2013 ASSA hat eine offene R\u00fcckseite zur Montage \u00fcber Alarmkn\u00f6pfen usw.<\/p>\n<p>Die Schr\u00e4nke bestehen aus Stahlblech und sind in den Farben gem\u00e4\u00df der folgenden Tabelle erh\u00e4ltlich.<\/p>\n<p><img decoding=\"async\" class=\"alignnone size-full wp-image-123513183\" title=\"ODER SCHRANK Feuermelder A3 WEISS F\u00dcR ASSA LOCK 6308235\" src=\"https:\/\/securityonline.se\/wp-content\/uploads\/2023\/09\/Swanson-Or-skap.jpg\" alt=\"ODER SCHRANK Feuermelder A3 WEISS F\u00dcR ASSA LOCK 6308235\" width=\"618\" height=\"292\" \/><\/p>\n<p>Schrank f\u00fcr Orientierungs- und Servicezeichnungen. F\u00fcr A4-Ordner. Die Luke wird mit einem Feuerwehrschl\u00fcssel ge\u00f6ffnet. Aus Stahlblech.<\/p>\n<div>\n<div>\n<p>H\u00f6he der Art (mm): 350<br \/>\nBreite Art (mm): 360<br \/>\nTiefenart (mm): 90<\/p>\n<\/div>\n<\/div>","protected":false},"excerpt":{"rendered":"<p>Aufbewahrung f\u00fcr Ihre Dokumente ODER Pl\u00e4ne\/Zeichnungen oder Dokumente f\u00fcr Alarme und Feuermelder<\/p>\n<p><span data-teams=\"true\">Diese Schlie\u00dff\u00e4cher werden ohne Schl\u00fcssel geliefert, und wenn Sie einen ben\u00f6tigen, m\u00fcssen Sie ihn separat kaufen.<\/span><\/p>","protected":false},"featured_media":144721,"template":"","meta":{"_acf_changed":false},"product_brand":[],"product_cat":[1837,3977,2950],"product_tag":[],"class_list":{"0":"post-56879","1":"product","2":"type-product","3":"status-publish","4":"has-post-thumbnail","6":"product_cat-dokumentskap","7":"product_cat-or-skap-brand-brandskydd","8":"product_cat-or-skap-sakerhet","9":"product_shipping_class-tunga-paket","10":"pa_brands-swansons","11":"pa_sakerhetssystem-larmtillbehor-elektronik","12":"tm-no-options","14":"first","15":"instock","16":"sale","17":"taxable","18":"shipping-taxable","19":"purchasable","20":"product-type-simple"},"acf":[],"_links":{"self":[{"href":"https:\/\/secureus.se\/de\/wp-json\/wp\/v2\/product\/56879","targetHints":{"allow":["GET"]}}],"collection":[{"href":"https:\/\/secureus.se\/de\/wp-json\/wp\/v2\/product"}],"about":[{"href":"https:\/\/secureus.se\/de\/wp-json\/wp\/v2\/types\/product"}],"wp:featuredmedia":[{"embeddable":true,"href":"https:\/\/secureus.se\/de\/wp-json\/wp\/v2\/media\/144721"}],"wp:attachment":[{"href":"https:\/\/secureus.se\/de\/wp-json\/wp\/v2\/media?parent=56879"}],"wp:term":[{"taxonomy":"product_brand","embeddable":true,"href":"https:\/\/secureus.se\/de\/wp-json\/wp\/v2\/product_brand?post=56879"},{"taxonomy":"product_cat","embeddable":true,"href":"https:\/\/secureus.se\/de\/wp-json\/wp\/v2\/product_cat?post=56879"},{"taxonomy":"product_tag","embeddable":true,"href":"https:\/\/secureus.se\/de\/wp-json\/wp\/v2\/product_tag?post=56879"}],"curies":[{"name":"wp","href":"https:\/\/api.w.org\/{rel}","templated":true}]}}