{"id":56882,"date":"2022-03-10T16:23:00","date_gmt":"2022-03-10T15:23:00","guid":{"rendered":"https:\/\/secureus.se\/produkt\/larmknapp-nodoppning-gron-2-vaxlande-lk-50g\/"},"modified":"2026-04-17T12:18:49","modified_gmt":"2026-04-17T10:18:49","slug":"larmknapp-nodoppning-gron-2-vaxlande-lk-50g","status":"publish","type":"product","link":"https:\/\/secureus.se\/de\/larmknapp-nodoppning-gron-2-vaxlande-lk-50g\/","title":{"rendered":"Not\u00f6ffnungsknopf Gr\u00fcn LK50-G Alarmknopf \u2013 2 kostenlose Schalter, r\u00fcckstellbar ohne Glasaustausch"},"content":{"rendered":"<h4 class=\"\" data-start=\"431\" data-end=\"508\"><strong data-start=\"436\" data-end=\"508\">Not\u00f6ffnungstaster Gr\u00fcn \u2013 2 freie Schalter, r\u00fccksetzbar ohne Glaswechsel<\/strong><\/h4>\n<p class=\"\" data-start=\"510\" data-end=\"782\">Dieser gr\u00fcne Notentriegelungsknopf ist eine robuste und praktische Option f\u00fcr Sicherheits- und Alarmanwendungen. Es ist ausgestattet mit <strong data-start=\"636\" data-end=\"660\">zwei Relais (C\/NC\/NO)<\/strong> zur flexiblen Steuerung von T\u00fcren, Alarmen oder anderen Systemen und folgt dem Schaltplan <strong data-start=\"745\" data-end=\"757\">FA1054AX<\/strong> (siehe beiliegendes Handbuch).<\/p>\n<p class=\"\" data-start=\"784\" data-end=\"1138\">Die Vorderseite ist deutlich gekennzeichnet mit einem <strong data-start=\"821\" data-end=\"855\">rennender Mann in Richtung T\u00fcrsymbol<\/strong> zum einfachen Verst\u00e4ndnis, auch f\u00fcr unerfahrene Benutzer. Nach der Aktivierung ist kein Glaswechsel erforderlich \u2013 der Knopf l\u00e4sst sich einfach mit dem <strong data-start=\"979\" data-end=\"1002\">der mitgelieferte Schl\u00fcssel<\/strong>, wodurch Betriebskosten entfallen. Eine visuelle Anzeige zeigt an, wann die Schaltfl\u00e4che aktiviert wurde, und verschwindet automatisch beim Zur\u00fccksetzen.<\/p>\n<p data-start=\"784\" data-end=\"1138\"><span style=\"text-decoration: underline;\"><strong>Das Produkt verf\u00fcgt \u00fcber eine CE-Zertifizierung f\u00fcr den europ\u00e4ischen und nordischen Markt.<\/strong><\/span><\/p>\n<hr class=\"\" data-start=\"1140\" data-end=\"1143\" \/>\n<h4 class=\"\" data-start=\"1145\" data-end=\"1172\"><strong data-start=\"1152\" data-end=\"1172\">Das Paket beinhaltet:<\/strong><\/h4>\n<ul data-start=\"1174\" data-end=\"1340\">\n<li class=\"\" data-start=\"1174\" data-end=\"1220\">\n<p class=\"\" data-start=\"1176\" data-end=\"1220\">Gr\u00fcne Alarmtaste (2 freie \u00c4nderungen, C\/NC\/NO)<\/p>\n<\/li>\n<li class=\"\" data-start=\"1221\" data-end=\"1243\">\n<p class=\"\" data-start=\"1223\" data-end=\"1243\">Kunststoff-Schutzglas<\/p>\n<\/li>\n<li class=\"\" data-start=\"1244\" data-end=\"1275\">\n<p class=\"\" data-start=\"1246\" data-end=\"1275\">Befestigungsschrauben<\/p>\n<\/li>\n<li class=\"\" data-start=\"1276\" data-end=\"1329\">\n<p class=\"\" data-start=\"1278\" data-end=\"1329\">Reset-Taste (zum Zur\u00fccksetzen und Testen)<\/p>\n<\/li>\n<li class=\"\" data-start=\"1330\" data-end=\"1340\">\n<p class=\"\" data-start=\"1332\" data-end=\"1340\">Handbuch<\/p>\n<\/li>\n<\/ul>\n<hr class=\"\" data-start=\"1342\" data-end=\"1345\" \/>\n<h4 class=\"\" data-start=\"1347\" data-end=\"1377\"><strong data-start=\"1355\" data-end=\"1377\">Technische Details:<\/strong><\/h4>\n<ul data-start=\"1379\" data-end=\"1657\">\n<li class=\"\" data-start=\"1379\" data-end=\"1409\">\n<p class=\"\" data-start=\"1381\" data-end=\"1409\"><strong data-start=\"1381\" data-end=\"1392\">Relais:<\/strong> 2 St\u00fcck (C\/NC\/NO)<\/p>\n<\/li>\n<li class=\"\" data-start=\"1410\" data-end=\"1443\">\n<p class=\"\" data-start=\"1412\" data-end=\"1443\"><strong data-start=\"1412\" data-end=\"1432\">Schaltplan:<\/strong> FA1054AX<\/p>\n<\/li>\n<li class=\"\" data-start=\"1444\" data-end=\"1492\">\n<p class=\"\" data-start=\"1446\" data-end=\"1492\"><strong data-start=\"1446\" data-end=\"1468\">Optische Markierung:<\/strong> Ja, beim Aufprall sichtbar<\/p>\n<\/li>\n<li class=\"\" data-start=\"1493\" data-end=\"1541\">\n<p class=\"\" data-start=\"1495\" data-end=\"1541\"><strong data-start=\"1495\" data-end=\"1513\">Zur\u00fccksetzen:<\/strong> Mit Schl\u00fcssel, ohne Glasersatz<\/p>\n<\/li>\n<li class=\"\" data-start=\"1542\" data-end=\"1657\">\n<p class=\"\" data-start=\"1544\" data-end=\"1568\"><strong data-start=\"1544\" data-end=\"1566\">Zubeh\u00f6r (Zusatz-\/Ersatzteile):<\/strong><\/p>\n<ul data-start=\"1572\" data-end=\"1657\">\n<li class=\"\" data-start=\"1572\" data-end=\"1617\">\n<p class=\"\" data-start=\"1574\" data-end=\"1617\">Schutzh\u00fclle LK-5-GLAS (Art.-Nr. 6301061-SH)<\/p>\n<\/li>\n<li class=\"\" data-start=\"1621\" data-end=\"1657\">\n<p class=\"\" data-start=\"1623\" data-end=\"1657\">Ersatzschl\u00fcssel (Teilenummer 6301060-SH)<\/p>\n<\/li>\n<\/ul>\n<\/li>\n<\/ul>\n<hr class=\"\" data-start=\"1659\" data-end=\"1662\" \/>\n<p class=\"\" data-start=\"1664\" data-end=\"1799\">Ein zuverl\u00e4ssiger und einfach zu installierender Notrufknopf mit klarer Signalisierung und langer Lebensdauer \u2013 perfekt f\u00fcr Neuinstallationen und Austausch.<\/p>","protected":false},"excerpt":{"rendered":"<p><strong data-start=\"153\" data-end=\"214\">Not-Auf-Taster Gr\u00fcn \u2013 2 Relais, r\u00fccksetzbar mit Schl\u00fcssel<\/strong><br data-start=\"214\" data-end=\"217\" \/>Gr\u00fcner Alarmknopf mit Symbol f\u00fcr den laufenden Mann zur Evakuierung, zwei freie Umschaltungen (C\/NC\/NO), R\u00fccksetzen ohne Glaswechsel, komplett mit Schl\u00fcssel, Handbuch und Befestigungsschrauben.<\/p>","protected":false},"featured_media":159122,"template":"","meta":{"_acf_changed":false},"product_brand":[],"product_cat":[1830,4828,1332],"product_tag":[2937,2958],"class_list":{"0":"post-56882","1":"product","2":"type-product","3":"status-publish","4":"has-post-thumbnail","6":"product_cat-brandknappar","7":"product_cat-nodknappar","8":"product_cat-utrymning-tillbehor","9":"product_tag-oppnaknappar","10":"product_tag-stonehouse-produkt","11":"product_shipping_class-postnord-varubrev","12":"pa_brands-stonehouse-security","13":"pa_farg-gron","14":"pa_sakerhetssystem-larmtillbehor-elektronik","15":"tm-no-options","17":"first","18":"instock","19":"sale","20":"featured","21":"taxable","22":"shipping-taxable","23":"purchasable","24":"product-type-simple"},"acf":[],"_links":{"self":[{"href":"https:\/\/secureus.se\/de\/wp-json\/wp\/v2\/product\/56882","targetHints":{"allow":["GET"]}}],"collection":[{"href":"https:\/\/secureus.se\/de\/wp-json\/wp\/v2\/product"}],"about":[{"href":"https:\/\/secureus.se\/de\/wp-json\/wp\/v2\/types\/product"}],"wp:featuredmedia":[{"embeddable":true,"href":"https:\/\/secureus.se\/de\/wp-json\/wp\/v2\/media\/159122"}],"wp:attachment":[{"href":"https:\/\/secureus.se\/de\/wp-json\/wp\/v2\/media?parent=56882"}],"wp:term":[{"taxonomy":"product_brand","embeddable":true,"href":"https:\/\/secureus.se\/de\/wp-json\/wp\/v2\/product_brand?post=56882"},{"taxonomy":"product_cat","embeddable":true,"href":"https:\/\/secureus.se\/de\/wp-json\/wp\/v2\/product_cat?post=56882"},{"taxonomy":"product_tag","embeddable":true,"href":"https:\/\/secureus.se\/de\/wp-json\/wp\/v2\/product_tag?post=56882"}],"curies":[{"name":"wp","href":"https:\/\/api.w.org\/{rel}","templated":true}]}}