{"id":56886,"date":"2022-03-10T16:23:00","date_gmt":"2022-03-10T15:23:00","guid":{"rendered":"https:\/\/secureus.se\/produkt\/rk-1k-1-kanal-med-2-stycken-fjarrkontroller-rullande-kod\/"},"modified":"2026-03-20T11:22:41","modified_gmt":"2026-03-20T10:22:41","slug":"radiomottagare-rk-1k-1-kanal","status":"publish","type":"product","link":"https:\/\/secureus.se\/de\/radiomottagare-rk-1k-1-kanal\/","title":{"rendered":"Funkempf\u00e4nger RK-1K 1-Kanal + 2 Fernbedienungen Kit"},"content":{"rendered":"<h1>Funkempf\u00e4nger RK-1K: Einfache und sichere L\u00f6sungen f\u00fcr Ihre Anforderungen<\/h1>\n<p>Der Funkempf\u00e4nger RK-1K ist eine benutzerfreundliche und sichere L\u00f6sung zur Fernsteuerung von Toren, Alarmanlagen und Rolll\u00e4den.<\/p>\n<p>Es wird mit zwei Fernbedienungen geliefert und verwendet eine fortschrittliche verschl\u00fcsselte Code-Hopping-Technologie, um maximale Sicherheit gegen unbefugten Zugriff zu gew\u00e4hrleisten.<\/p>\n<p>Mit einer Reichweite von bis zu 350 Metern im freien Raum bietet der RK-1K sowohl Flexibilit\u00e4t als auch Zuverl\u00e4ssigkeit.<\/p>\n<p>Dieser Radioempf\u00e4nger ist ideal f\u00fcr den privaten und gewerblichen Einsatz.<\/p>\n<p>Das kompakte Design und die einfache Installation machen es perfekt f\u00fcr jede Umgebung.<\/p>\n<p>Sie steuern die Ger\u00e4te bequem mit einer der mitgelieferten Fernbedienungen und profitieren von benutzerfreundlichen Funktionen, die Ihren Alltag erleichtern.<\/p>\n<p><strong>Funktionen und Vorteile:<\/strong><\/p>\n<ul>\n<li><strong>Verschl\u00fcsselte Sicherheit:<\/strong> Die Code-Skipping-Technologie verhindert unbefugten Zugriff.<\/li>\n<li><strong>Gro\u00dfe Reichweite:<\/strong> Bis zu 350 Meter f\u00fcr maximale Flexibilit\u00e4t.<\/li>\n<li><strong>Einfache Installation:<\/strong> Kompaktes Design und mit den meisten Ger\u00e4ten kompatibel.<\/li>\n<li><strong>Universeller Einsatz:<\/strong> Ideal f\u00fcr Tore, Rolll\u00e4den und Sicherheitssysteme.<\/li>\n<\/ul>\n<p>Investieren Sie in den Funkempf\u00e4nger RK-1K f\u00fcr eine sichere und effiziente L\u00f6sung, die die Steuerung Ihrer Ger\u00e4te erleichtert.<\/p>","protected":false},"excerpt":{"rendered":"<p>Der Funkempf\u00e4nger RK-1K verf\u00fcgt \u00fcber zwei Fernbedienungen zur sicheren und komfortablen Steuerung von Toren, Alarmanlagen oder Rolll\u00e4den.<\/p>\n<p>Durch eine verschl\u00fcsselte Code-Hopping-Technologie garantiert es hohe Sicherheit und Zuverl\u00e4ssigkeit.<\/p>","protected":false},"featured_media":145421,"template":"","meta":{"_acf_changed":false},"product_brand":[],"product_cat":[1616],"product_tag":[2275,2424],"class_list":{"0":"post-56886","1":"product","2":"type-product","3":"status-publish","4":"has-post-thumbnail","6":"product_cat-radiosandare-mottagare","7":"product_tag-radio-mottagare-satel","8":"product_tag-rel-pulsarradio","9":"product_shipping_class-postnord-varubrev","10":"pa_brands-satel","11":"pa_sakerhetssystem-smart-home","12":"tm-no-options","14":"first","15":"instock","16":"sale","17":"featured","18":"taxable","19":"shipping-taxable","20":"purchasable","21":"product-type-simple"},"acf":[],"_links":{"self":[{"href":"https:\/\/secureus.se\/de\/wp-json\/wp\/v2\/product\/56886","targetHints":{"allow":["GET"]}}],"collection":[{"href":"https:\/\/secureus.se\/de\/wp-json\/wp\/v2\/product"}],"about":[{"href":"https:\/\/secureus.se\/de\/wp-json\/wp\/v2\/types\/product"}],"wp:featuredmedia":[{"embeddable":true,"href":"https:\/\/secureus.se\/de\/wp-json\/wp\/v2\/media\/145421"}],"wp:attachment":[{"href":"https:\/\/secureus.se\/de\/wp-json\/wp\/v2\/media?parent=56886"}],"wp:term":[{"taxonomy":"product_brand","embeddable":true,"href":"https:\/\/secureus.se\/de\/wp-json\/wp\/v2\/product_brand?post=56886"},{"taxonomy":"product_cat","embeddable":true,"href":"https:\/\/secureus.se\/de\/wp-json\/wp\/v2\/product_cat?post=56886"},{"taxonomy":"product_tag","embeddable":true,"href":"https:\/\/secureus.se\/de\/wp-json\/wp\/v2\/product_tag?post=56886"}],"curies":[{"name":"wp","href":"https:\/\/api.w.org\/{rel}","templated":true}]}}