{"id":56889,"date":"2022-03-10T16:23:00","date_gmt":"2022-03-10T15:23:00","guid":{"rendered":"https:\/\/secureus.se\/produkt\/rk-4k-4-kanal-med-2-stycken-fjarrkontroller-rullande-kod-med-mojlighet-till-extra-antenn-sma-kontakt\/"},"modified":"2026-03-20T11:24:34","modified_gmt":"2026-03-20T10:24:34","slug":"radiomottagare-rk-4k-sma-for-yttre-antenn","status":"publish","type":"product","link":"https:\/\/secureus.se\/de\/radiomottagare-rk-4k-sma-for-yttre-antenn\/","title":{"rendered":"Funkempf\u00e4nger RK-4K (SMA f\u00fcr externe Antenne) 2-teiliges Fernbedienungsset"},"content":{"rendered":"<h1>Funkempf\u00e4nger RK-4K SMA \u2013 Gro\u00dfe Reichweite und Flexibilit\u00e4t<\/h1>\n<p>Der SMA Funkempf\u00e4nger RK-4K ist die perfekte L\u00f6sung zur sicheren und flexiblen Fernsteuerung elektrischer Ger\u00e4te wie Tore, Parkschranken und Rolll\u00e4den.<\/p>\n<p>Dank der Unterst\u00fctzung externer SMA-Antennen erreichen Sie eine beeindruckende Reichweite von bis zu 500 Metern bei freier Sicht.<\/p>\n<p>Im Lieferumfang sind zwei T-4-Fernbedienungen enthalten, ausgestattet mit verschl\u00fcsseltem Rolling Code f\u00fcr maximale Sicherheit.<\/p>\n<p>Mit einer Kapazit\u00e4t von bis zu 1024 Fernbedienungen l\u00e4sst sich der RK-4K SMA einfach an Ihre Bed\u00fcrfnisse anpassen.<\/p>\n<p>Funktionen wie Manipulations\u00fcberwachung und Batterieanzeige der Fernbedienungen gew\u00e4hrleisten eine sichere Nutzung.<\/p>\n<p>Egal ob Sie Ihr Haustor oder eine gewerbliche Schranke steuern m\u00fcssen, der RK-4K SMA ist die optimale Wahl.<\/p>\n<h4>Vorteile:<\/h4>\n<ul>\n<li><strong>Gro\u00dfe Reichweite<\/strong>: Bis zu 500 Meter mit externer SMA-Antenne.<\/li>\n<li><strong>Flexibler Einsatz<\/strong>: \u00dcberpr\u00fcfen Sie Tore, Schranken und andere elektrische Ger\u00e4te.<\/li>\n<li><strong>Sicherheit<\/strong>: Verschl\u00fcsselter Rolling Code und Manipulations\u00fcberwachung.<\/li>\n<li><strong>Erweiterbar<\/strong>: Unterst\u00fctzung f\u00fcr bis zu 1024 Fernbedienungen.<\/li>\n<\/ul>\n<p>Enth\u00e4lt zwei T-4-Fernbedienungen zur sofortigen Installation und Verwendung.<\/p>","protected":false},"excerpt":{"rendered":"<p>Der RK-4K SMA-Funkempf\u00e4nger ist eine flexible L\u00f6sung mit Unterst\u00fctzung f\u00fcr externe SMA-Antennen und bietet eine herausragende Reichweite von bis zu 500 Metern.<\/p>\n<p>Perfekt f\u00fcr die Fernsteuerung von Toren, Parkschranken und Rolll\u00e4den mit verschl\u00fcsselter Sicherheit.<\/p>\n<p>Im Set sind zwei T-4 Fernbedienungen enthalten.<\/p>","protected":false},"featured_media":145090,"template":"","meta":{"_acf_changed":false},"product_brand":[],"product_cat":[1616],"product_tag":[2275,2424],"class_list":{"0":"post-56889","1":"product","2":"type-product","3":"status-publish","4":"has-post-thumbnail","6":"product_cat-radiosandare-mottagare","7":"product_tag-radio-mottagare-satel","8":"product_tag-rel-pulsarradio","9":"product_shipping_class-postnord-varubrev","10":"pa_brands-satel","11":"pa_sakerhetssystem-smart-home","12":"tm-no-options","14":"first","15":"instock","16":"sale","17":"featured","18":"taxable","19":"shipping-taxable","20":"purchasable","21":"product-type-simple"},"acf":[],"_links":{"self":[{"href":"https:\/\/secureus.se\/de\/wp-json\/wp\/v2\/product\/56889","targetHints":{"allow":["GET"]}}],"collection":[{"href":"https:\/\/secureus.se\/de\/wp-json\/wp\/v2\/product"}],"about":[{"href":"https:\/\/secureus.se\/de\/wp-json\/wp\/v2\/types\/product"}],"wp:featuredmedia":[{"embeddable":true,"href":"https:\/\/secureus.se\/de\/wp-json\/wp\/v2\/media\/145090"}],"wp:attachment":[{"href":"https:\/\/secureus.se\/de\/wp-json\/wp\/v2\/media?parent=56889"}],"wp:term":[{"taxonomy":"product_brand","embeddable":true,"href":"https:\/\/secureus.se\/de\/wp-json\/wp\/v2\/product_brand?post=56889"},{"taxonomy":"product_cat","embeddable":true,"href":"https:\/\/secureus.se\/de\/wp-json\/wp\/v2\/product_cat?post=56889"},{"taxonomy":"product_tag","embeddable":true,"href":"https:\/\/secureus.se\/de\/wp-json\/wp\/v2\/product_tag?post=56889"}],"curies":[{"name":"wp","href":"https:\/\/api.w.org\/{rel}","templated":true}]}}