{"id":56895,"date":"2022-03-10T16:21:00","date_gmt":"2022-03-10T15:21:00","guid":{"rendered":"https:\/\/secureus.se\/produkt\/salto-tagg-nyckelbricka-abs-plus-mifare1k-farg-vit\/"},"modified":"2026-04-09T13:34:08","modified_gmt":"2026-04-09T11:34:08","slug":"salto-tagg-mifare1k-vit-plus","status":"publish","type":"product","link":"https:\/\/secureus.se\/de\/salto-tagg-mifare1k-vit-plus\/","title":{"rendered":"Salto Tag Mifare1k\u00ae mit Salto-Code \u2013 Wei\u00df Plus"},"content":{"rendered":"<h1>Salto Tag Mifare1k mit Saltokod - ABS Plus<\/h1>\n<p>Unser RFID-Tag \u201eABS Plus\u201c wurde entwickelt, um die anspruchsvollsten Anforderungen an Sicherheit und Identifizierung zu erf\u00fcllen.<\/p>\n<p>Mit seiner robusten Konstruktion aus besonders stabilem 3,9-mm-ABS-Material bietet es eine perfekte Balance zwischen Haltbarkeit und Eleganz.<\/p>\n<p>Dank seiner glatten Oberfl\u00e4che eignet es sich ideal zum Gravieren mit Standardnummern oder zum Einf\u00fcgen Ihres Logos, entweder durch gravierte oder farbige Oberfl\u00e4chen.<\/p>\n<p>Ob Sie einen zuverl\u00e4ssigen RFID-Tag f\u00fcr Zutrittssysteme, Besuchersysteme, Buchung, Alarme oder andere Anwendungen ben\u00f6tigen, unser RFID-Tag \u201eABS Plus\u201c ist die perfekte Wahl.<\/p>\n<p>Mit einer breiten Palette an Chipvarianten, EM4200, Mifare1k, der Kombination aus Mifare1k und EM4200, Mifare4k, der Kombination aus Mifare4k und EM4200 sowie DESFire, k\u00f6nnen Sie Ihre L\u00f6sung individuell an Ihre spezifischen Bed\u00fcrfnisse anpassen.<\/p>\n<p>Wir wissen, wie wichtig es ist, qualitativ hochwertige RFID-Tags zu liefern, die den heutigen Anforderungen und Erwartungen entsprechen.<\/p>\n<p>Deshalb sind wir bestrebt, die beste Technologie und Kompatibilit\u00e4t anzubieten, um die Sicherheit und Effizienz Ihrer Systeme zu verbessern.<\/p>\n<h4><strong>Benutzerdefiniertes RFID-Tag f\u00fcr ein einzigartiges Projekt-Salto-Tag<\/strong><\/h4>\n<p>Zu den Vorteilen unserer RFID-Tags geh\u00f6ren die Kompatibilit\u00e4t mit verschiedenen Systemen\/Technologien sowie die M\u00f6glichkeit, die Tags an individuelle Projekte anzupassen.<\/p>\n<p>Wir k\u00f6nnen verschiedene Chips programmieren und integrieren, um spezifische Anwendungsanforderungen zu erf\u00fcllen und ma\u00dfgeschneiderte L\u00f6sungen zu erstellen.<\/p>\n<p>Kontaktieren Sie uns noch heute, um Ihre Projektideen zu besprechen und eine ma\u00dfgeschneiderte RFID-Tag-L\u00f6sung f\u00fcr Ihre Anforderungen zu erhalten.<\/p>\n<h5><strong>Schnelle Lieferung und immer auf Lager - Salto-Tag<\/strong><\/h5>\n<p>\u201eABS Plus\u201c-RFID-Tags sind st\u00e4ndig in \u00fcber 25.000 St\u00fcck in 6 Farben und mit unterschiedlichen Chipl\u00f6sungen auf Lager.<\/p>\n<p>Mit Hilfe unserer Lasermaschinen und Software k\u00f6nnen Sie ein Logo und eine eindeutige Nummer f\u00fcr die Gravur ausw\u00e4hlen und die Lieferung innerhalb von 1\u20133 Tagen durchf\u00fchren.<\/p>\n<p>Entdecken Sie die Vorteile unseres RFID-Tags \u201eABS Plus\u201c und bringen Sie Ihre Sicherheit und Identifikation auf ein neues Level. Wie immer von uns, Original-Chip von NXP und EM Microelectronic.<\/p>\n<p>Alles, damit unsere RFID-Tags sicher und lange funktionieren, mit Garantie.<\/p>\n<ul>\n<li><strong>RFID kann verwendet werden f\u00fcr:<\/strong>\n<ul>\n<li>Passsystem<\/li>\n<li>Besuchersystem<\/li>\n<li>Reservierung<\/li>\n<li>Alarm und Sicherheit<\/li>\n<\/ul>\n<\/li>\n<li><strong>Vorteile von \u201eABS Plus\u201c:<\/strong>\n<ul>\n<li>Robuste Konstruktion aus ABS-Material<\/li>\n<li>Extra robust aus ABS 3,9 mm<\/li>\n<li>Option zum Gravieren einer Standardnummer oder zum Einf\u00fcgen eines Logos<\/li>\n<li>Gro\u00dfe Auswahl an Chipvarianten f\u00fcr unterschiedliche Anforderungen und immer auf Lager.<\/li>\n<\/ul>\n<\/li>\n<\/ul>","protected":false},"excerpt":{"rendered":"<p>Unser klassischer RFID-Tag \u201eABS Plus\u201c \u2013 die perfekte L\u00f6sung f\u00fcr Sicherheits- und Identifikationssysteme. Mifare1k-Chip programmiert f\u00fcr das SALTO-Zutrittssystem. Der Anh\u00e4nger besteht aus einem harten, 3,9 mm dicken ABS-Material mit einer eleganten Oberfl\u00e4che, die \u00fcberall passt. Dieses Produkt verf\u00fcgt \u00fcber einen zertifizierten Chip von NXP\u00ae, einem globalen Technologieunternehmen mit Hauptsitz in Holland. NXP\u00ae ist auf RFID und NFC spezialisiert und bietet eine Reihe von Produkten in den Bereichen Sicherheit, Konnektivit\u00e4t und eingebettete L\u00f6sungen<\/p>","protected":false},"featured_media":163678,"template":"","meta":{"_acf_changed":false},"product_brand":[],"product_cat":[2354,1337,4791],"product_tag":[2437,2074,4146,2151,2150,2958],"class_list":{"0":"post-56895","1":"product","2":"type-product","3":"status-publish","4":"has-post-thumbnail","6":"product_cat-rfid-taggar","7":"product_cat-rfid-tagg-abs-plus","8":"product_cat-salto-tagg","9":"product_tag-200-moq-plus-4k-och-salto","10":"product_tag-ej-lagerfraga","11":"product_tag-nxp","12":"product_tag-rfid-salto","13":"product_tag-stonehouse-iloq-salto","14":"product_tag-stonehouse-produkt","15":"product_shipping_class-postnord-varubrev","16":"pa_brands-stonehouse-security","17":"pa_chip-teknik-salto","18":"pa_color-vit","19":"pa_farg-vit","20":"pa_rfid-ovriga-system-salto","21":"pa_sakerhetssystem-ovriga-sakerhets-besokssystem","22":"tm-has-options","24":"first","25":"instock","26":"sale","27":"featured","28":"taxable","29":"shipping-taxable","30":"purchasable","31":"product-type-simple"},"acf":[],"_links":{"self":[{"href":"https:\/\/secureus.se\/de\/wp-json\/wp\/v2\/product\/56895","targetHints":{"allow":["GET"]}}],"collection":[{"href":"https:\/\/secureus.se\/de\/wp-json\/wp\/v2\/product"}],"about":[{"href":"https:\/\/secureus.se\/de\/wp-json\/wp\/v2\/types\/product"}],"wp:featuredmedia":[{"embeddable":true,"href":"https:\/\/secureus.se\/de\/wp-json\/wp\/v2\/media\/163678"}],"wp:attachment":[{"href":"https:\/\/secureus.se\/de\/wp-json\/wp\/v2\/media?parent=56895"}],"wp:term":[{"taxonomy":"product_brand","embeddable":true,"href":"https:\/\/secureus.se\/de\/wp-json\/wp\/v2\/product_brand?post=56895"},{"taxonomy":"product_cat","embeddable":true,"href":"https:\/\/secureus.se\/de\/wp-json\/wp\/v2\/product_cat?post=56895"},{"taxonomy":"product_tag","embeddable":true,"href":"https:\/\/secureus.se\/de\/wp-json\/wp\/v2\/product_tag?post=56895"}],"curies":[{"name":"wp","href":"https:\/\/api.w.org\/{rel}","templated":true}]}}