{"id":56906,"date":"2022-03-10T16:20:00","date_gmt":"2022-03-10T15:20:00","guid":{"rendered":"https:\/\/secureus.se\/produkt\/oppnaknapp-12-24-v-beroringsfri-std\/"},"modified":"2026-03-29T09:37:13","modified_gmt":"2026-03-29T07:37:13","slug":"oppnaknapp-12-24-v-beroringsfri-std","status":"publish","type":"product","link":"https:\/\/secureus.se\/de\/oppnaknapp-12-24-v-beroringsfri-std\/","title":{"rendered":"Einfacher \u00d6ffnungsknopf, 12\u201324 V \u2013 kontaktlos, K4, IP67, Zeit und Distanz einstellbar"},"content":{"rendered":"<p data-start=\"915\" data-end=\"1156\"><strong data-start=\"915\" data-end=\"964\">\u00d6ffnen-Taste Easy 12\u201324 V kontaktlos (Standard) K4<\/strong> ist eine hygienische und nachhaltige L\u00f6sung f\u00fcr T\u00fcr- und Zutrittskontrolle.<br data-start=\"1037\" data-end=\"1040\" \/>Der Knopf wird vollst\u00e4ndig ber\u00fchrungslos aktiviert \u2013 eine Handbewegung von 3\u201315 cm vor dem Sensor gen\u00fcgt, um das Relais auszul\u00f6sen.<\/p>\n<p data-start=\"1158\" data-end=\"1309\">Entwickelt, um Verschlei\u00df und die Ausbreitung von Infektionen zu minimieren, und besonders geeignet f\u00fcr stark frequentierte Umgebungen wie Krankenh\u00e4user, B\u00fcros, Schulen und Wohngeb\u00e4ude.<\/p>\n<p data-start=\"1311\" data-end=\"1526\">Der <strong data-start=\"1315\" data-end=\"1352\">einstellbare Empfindlichkeit (3\u201315 cm)<\/strong> Und <strong data-start=\"1357\" data-end=\"1389\">einstellbare Relaiszeit (0\u201330 s)<\/strong> Dadurch ist es flexibel f\u00fcr verschiedene Installationen geeignet.<br data-start=\"1432\" data-end=\"1435\" \/>Der Knopf verf\u00fcgt \u00fcber eine deutliche LED-Anzeige: <strong data-start=\"1473\" data-end=\"1495\">Rot im Standby-Modus<\/strong> Und <strong data-start=\"1500\" data-end=\"1523\">Gr\u00fcn, wenn aktiviert<\/strong>.<\/p>\n<p data-start=\"1528\" data-end=\"1666\">Das Geh\u00e4use besteht aus robustem Material. <strong data-start=\"1562\" data-end=\"1580\">PC + ABS-Kunststoff<\/strong>, mit <strong data-start=\"1586\" data-end=\"1609\">geformte Elektronik<\/strong> f\u00fcr lange Lebensdauer und Schutz vor Feuchtigkeit und Staub (IP67).<\/p>\n<h3 data-start=\"1668\" data-end=\"1703\"><strong data-start=\"1675\" data-end=\"1703\">Technische Spezifikationen<\/strong><\/h3>\n<div class=\"_tableContainer_1rjym_1\">\n<div class=\"group _tableWrapper_1rjym_13 flex w-fit flex-col-reverse\">\n<table class=\"w-fit min-w-(--thread-content-width)\" data-start=\"1704\" data-end=\"2237\">\n<thead data-start=\"1704\" data-end=\"1724\">\n<tr data-start=\"1704\" data-end=\"1724\">\n<th data-start=\"1704\" data-end=\"1715\" data-col-size=\"sm\">Eigentum<\/th>\n<th data-start=\"1715\" data-end=\"1724\" data-col-size=\"sm\">Wert<\/th>\n<\/tr>\n<\/thead>\n<tbody data-start=\"1748\" data-end=\"2237\">\n<tr data-start=\"1748\" data-end=\"1773\">\n<td data-start=\"1748\" data-end=\"1759\" data-col-size=\"sm\">Stromspannung<\/td>\n<td data-start=\"1759\" data-end=\"1773\" data-col-size=\"sm\">Gleichstrom 12-24 V<\/td>\n<\/tr>\n<tr data-start=\"1774\" data-end=\"1804\">\n<td data-start=\"1774\" data-end=\"1787\" data-col-size=\"sm\">Relaisausgang<\/td>\n<td data-start=\"1787\" data-end=\"1804\" data-col-size=\"sm\">NEIN \/ NC \/ COM<\/td>\n<\/tr>\n<tr data-start=\"1805\" data-end=\"1831\">\n<td data-start=\"1805\" data-end=\"1824\" data-col-size=\"sm\">Stromverbrauch<\/td>\n<td data-start=\"1824\" data-end=\"1831\" data-col-size=\"sm\">Niedrig<\/td>\n<\/tr>\n<tr data-start=\"1832\" data-end=\"1877\">\n<td data-start=\"1832\" data-end=\"1853\" data-col-size=\"sm\">Empfindlichkeitsabstand<\/td>\n<td data-start=\"1853\" data-end=\"1877\" data-col-size=\"sm\">3\u201315 cm (einstellbar)<\/td>\n<\/tr>\n<tr data-start=\"1878\" data-end=\"1918\">\n<td data-start=\"1878\" data-end=\"1896\" data-col-size=\"sm\">Zeitverz\u00f6gerung<\/td>\n<td data-start=\"1896\" data-end=\"1918\" data-col-size=\"sm\">0\u201330 s (einstellbar)<\/td>\n<\/tr>\n<tr data-start=\"1919\" data-end=\"1958\">\n<td data-start=\"1919\" data-end=\"1931\" data-col-size=\"sm\">Leben<\/td>\n<td data-start=\"1931\" data-end=\"1958\" data-col-size=\"sm\">ca. 500.000 Aktivierungen<\/td>\n<\/tr>\n<tr data-start=\"1959\" data-end=\"2003\">\n<td data-start=\"1959\" data-end=\"1970\" data-col-size=\"sm\">Material<\/td>\n<td data-start=\"1970\" data-end=\"2003\" data-col-size=\"sm\">PC + ABS, geformte Elektronik<\/td>\n<\/tr>\n<tr data-start=\"2004\" data-end=\"2030\">\n<td data-start=\"2004\" data-end=\"2011\" data-col-size=\"sm\">Messen<\/td>\n<td data-start=\"2011\" data-end=\"2030\" data-col-size=\"sm\">86 \u00d7 86 \u00d7 20 mm<\/td>\n<\/tr>\n<tr data-start=\"2031\" data-end=\"2047\">\n<td data-start=\"2031\" data-end=\"2038\" data-col-size=\"sm\">Gewicht<\/td>\n<td data-start=\"2038\" data-end=\"2047\" data-col-size=\"sm\">122 g<\/td>\n<\/tr>\n<tr data-start=\"2048\" data-end=\"2070\">\n<td data-start=\"2048\" data-end=\"2062\" data-col-size=\"sm\">Schutzklasse<\/td>\n<td data-start=\"2062\" data-end=\"2070\" data-col-size=\"sm\">IP67<\/td>\n<\/tr>\n<tr data-start=\"2071\" data-end=\"2123\">\n<td data-start=\"2071\" data-end=\"2088\" data-col-size=\"sm\">LED-Anzeige<\/td>\n<td data-col-size=\"sm\" data-start=\"2088\" data-end=\"2123\">Rot = Standby, Gr\u00fcn = aktiviert<\/td>\n<\/tr>\n<tr data-start=\"2124\" data-end=\"2165\">\n<td data-start=\"2124\" data-end=\"2143\" data-col-size=\"sm\">Betriebstemperatur<\/td>\n<td data-col-size=\"sm\" data-start=\"2143\" data-end=\"2165\">-20 \u00b0C bis +55 \u00b0C<\/td>\n<\/tr>\n<tr data-start=\"2166\" data-end=\"2210\">\n<td data-start=\"2166\" data-end=\"2182\" data-col-size=\"sm\">Luftfeuchtigkeit<\/td>\n<td data-col-size=\"sm\" data-start=\"2182\" data-end=\"2210\">0\u201395 % RH (nicht kondensierend)<\/td>\n<\/tr>\n<tr data-start=\"2211\" data-end=\"2237\">\n<td data-start=\"2211\" data-end=\"2224\" data-col-size=\"sm\">Zertifikat<\/td>\n<td data-col-size=\"sm\" data-start=\"2224\" data-end=\"2237\">CE\/RoHS<\/td>\n<\/tr>\n<\/tbody>\n<\/table>\n<\/div>\n<\/div>\n<h3 data-start=\"2239\" data-end=\"2258\"><strong data-start=\"2246\" data-end=\"2258\">Vorteile<\/strong><\/h3>\n<ul data-start=\"2259\" data-end=\"2603\">\n<li data-start=\"2259\" data-end=\"2318\">\n<p data-start=\"2261\" data-end=\"2318\">Vollst\u00e4ndig <strong data-start=\"2266\" data-end=\"2293\">ber\u00fchrungslose Aktivierung<\/strong> \u2013 minimiert das Infektionsrisiko<\/p>\n<\/li>\n<li data-start=\"2319\" data-end=\"2381\">\n<p data-start=\"2321\" data-end=\"2381\"><strong data-start=\"2321\" data-end=\"2353\">Einstellbare Empfindlichkeit und Zeit<\/strong> f\u00fcr flexible Installation<\/p>\n<\/li>\n<li data-start=\"2382\" data-end=\"2414\">\n<p data-start=\"2384\" data-end=\"2414\"><strong data-start=\"2384\" data-end=\"2392\">IP67<\/strong> \u2013 resistent gegen Staub und Feuchtigkeit<\/p>\n<\/li>\n<li data-start=\"2415\" data-end=\"2465\">\n<p data-start=\"2417\" data-end=\"2465\">Lange Lebensdauer (bis zu 500.000 Aktivierungen)<\/p>\n<\/li>\n<li data-start=\"2466\" data-end=\"2503\">\n<p data-start=\"2468\" data-end=\"2503\">Einfache Installation mit 12\u201324 V Gleichstrom<\/p>\n<\/li>\n<li data-start=\"2504\" data-end=\"2543\">\n<p data-start=\"2506\" data-end=\"2543\">Visuelles Feedback \u00fcber LED (rot\/gr\u00fcn)<\/p>\n<\/li>\n<li data-start=\"2544\" data-end=\"2603\">\n<p data-start=\"2546\" data-end=\"2603\">Passend f\u00fcr die meisten Zutrittskontroll- und Schlie\u00dfsysteme<\/p>\n<\/li>\n<\/ul>\n<h3 data-start=\"2605\" data-end=\"2634\"><strong data-start=\"2612\" data-end=\"2634\">Einsatzgebiete<\/strong><\/h3>\n<ul data-start=\"2635\" data-end=\"2776\">\n<li data-start=\"2635\" data-end=\"2669\">\n<p data-start=\"2637\" data-end=\"2669\">Zutrittskontrolle und T\u00fcr\u00f6ffner<\/p>\n<\/li>\n<li data-start=\"2670\" data-end=\"2705\">\n<p data-start=\"2672\" data-end=\"2705\">\u00d6ffentliche Geb\u00e4ude und B\u00fcros<\/p>\n<\/li>\n<li data-start=\"2706\" data-end=\"2737\">\n<p data-start=\"2708\" data-end=\"2737\">Aufz\u00fcge, Eing\u00e4nge, Flure<\/p>\n<\/li>\n<li data-start=\"2738\" data-end=\"2776\">\n<p data-start=\"2740\" data-end=\"2776\">Umgebungen, in denen Hygiene besonders wichtig ist<\/p>\n<\/li>\n<\/ul>","protected":false},"excerpt":{"rendered":"<p>Ber\u00fchrungsloser \u00d6ffnungsknopf im Kompaktformat (86\u00d786\u00d720 mm) mit einstellbarem Abstand 3\u201315 cm und Zeitverz\u00f6gerung 0\u201330 s.<br data-start=\"704\" data-end=\"707\" \/>Schutzart IP67 und konzipiert f\u00fcr professionelle Zutrittskontroll- und T\u00fcrsysteme.<br data-start=\"780\" data-end=\"783\" \/>Betrieb mit 12\u201324 V Gleichstrom und mit NO\/NC\/COM-Relais. Die LED-Anzeige wechselt zwischen Rot und Gr\u00fcn.<\/p>","protected":false},"featured_media":159132,"template":"","meta":{"_acf_changed":false},"product_brand":[],"product_cat":[4867],"product_tag":[3068,2937,2958],"class_list":{"0":"post-56906","1":"product","2":"type-product","3":"status-publish","4":"has-post-thumbnail","6":"product_cat-oppnaknappar-kategorier","7":"product_tag-oppnaknapp-beroringsfria","8":"product_tag-oppnaknappar","9":"product_tag-stonehouse-produkt","10":"product_shipping_class-postnord-varubrev","11":"pa_brands-stonehouse-security","12":"pa_sakerhetssystem-larmtillbehor-elektronik","13":"tm-no-options","15":"first","16":"instock","17":"sale","18":"featured","19":"taxable","20":"shipping-taxable","21":"purchasable","22":"product-type-simple"},"acf":[],"_links":{"self":[{"href":"https:\/\/secureus.se\/de\/wp-json\/wp\/v2\/product\/56906","targetHints":{"allow":["GET"]}}],"collection":[{"href":"https:\/\/secureus.se\/de\/wp-json\/wp\/v2\/product"}],"about":[{"href":"https:\/\/secureus.se\/de\/wp-json\/wp\/v2\/types\/product"}],"wp:featuredmedia":[{"embeddable":true,"href":"https:\/\/secureus.se\/de\/wp-json\/wp\/v2\/media\/159132"}],"wp:attachment":[{"href":"https:\/\/secureus.se\/de\/wp-json\/wp\/v2\/media?parent=56906"}],"wp:term":[{"taxonomy":"product_brand","embeddable":true,"href":"https:\/\/secureus.se\/de\/wp-json\/wp\/v2\/product_brand?post=56906"},{"taxonomy":"product_cat","embeddable":true,"href":"https:\/\/secureus.se\/de\/wp-json\/wp\/v2\/product_cat?post=56906"},{"taxonomy":"product_tag","embeddable":true,"href":"https:\/\/secureus.se\/de\/wp-json\/wp\/v2\/product_tag?post=56906"}],"curies":[{"name":"wp","href":"https:\/\/api.w.org\/{rel}","templated":true}]}}